{"id":6435,"date":"2023-08-23T16:44:37","date_gmt":"2023-08-23T14:44:37","guid":{"rendered":"https:\/\/www.vinquotidien.com\/?post_type=product&#038;p=6435"},"modified":"2025-03-24T20:38:21","modified_gmt":"2025-03-24T19:38:21","slug":"les-belles-ames-crozes-hermitage-gr-vins","status":"publish","type":"product","link":"https:\/\/www.vinquotidien.com\/fr\/produit\/les-belles-ames-crozes-hermitage-gr-vins\/","title":{"rendered":"Les Belles Ames 2020 &#8211; Crozes-Hermitage &#8211; GR Vins"},"content":{"rendered":"<p><strong>Vigneron : <\/strong><br \/>\nDomaine Gagnepain-Risoul<\/p>\n<p><strong>Appellation : <\/strong><br \/>\nCrozes-Hermitage<\/p>\n<p><strong>R\u00e9gion : <\/strong><br \/>\nVall\u00e9e du Rh\u00f4ne<\/p>\n<p><strong>Quotation \/Score :<\/strong><\/p>\n<p><strong>Et le vin\u2026<\/strong><br \/>\nC\u00e9pages : 100% Syrah<br \/>\nTerroir : Sols granitiques recouverts de l\u0153ss.<br \/>\nEmmanuel Gagnepain et David Risoul, deux copains \u0153nologues, conseillaient de nombreux vignerons de la vall\u00e9e du Rh\u00f4ne. Ils ont finalement d\u00e9cid\u00e9 de lancer leur structure de n\u00e9goce et ach\u00e8tent de petits volumes de raisins qu\u2019ils vinifient sous la marque G.R. Vins.<br \/>\nDes cuv\u00e9es produites en quantit\u00e9s tr\u00e8s limit\u00e9es afin de ma\u00eetriser la qualit\u00e9 des approvisionnements. Les vins sont \u00e9lev\u00e9s chez les vignerons partenaires puis embouteill\u00e9s sur place.<\/p>\n<p><strong>Et dans le verre\u2026<\/strong><br \/>\nJolie robe pourpre.<br \/>\nNez de notes de violette avec un support d&rsquo;\u00e9pices fines<br \/>\nLa bouche \u00e9nergique aux tanins fins affiche le style gourmand d\u2019une syrah juteuse, aux notes lard\u00e9es et poivr\u00e9es en bouche, mais sans exc\u00e8s.<br \/>\nLa finale et longue et juteuse.<\/p>\n<p><strong>Accords Mets &amp; Vins : <\/strong><br \/>\nAccompagne joyeusement un magret de canard aux c\u00e8pes, ou un hachis parmentier.<\/p>\n","protected":false},"excerpt":{"rendered":"<p><strong>Vigneron : <\/strong><br \/>\nDomaine Gagnepain-Risoul<\/p>\n<p><strong>Appellation : <\/strong><br \/>\nCrozes-Hermitage<\/p>\n<p><strong>R\u00e9gion : <\/strong><br \/>\nVall\u00e9e du Rh\u00f4ne<\/p>\n<p><strong>Quotation \/Score :<\/strong><\/p>\n","protected":false},"featured_media":6436,"comment_status":"open","ping_status":"closed","template":"","meta":[],"product_brand":[],"product_cat":[25],"product_tag":[],"class_list":{"0":"post-6435","1":"product","2":"type-product","3":"status-publish","4":"has-post-thumbnail","6":"product_cat-vin-rouge","8":"first","9":"instock","10":"taxable","11":"shipping-taxable","12":"purchasable","13":"product-type-simple"},"group_of_quantity":6,"min_quantity":0,"max_quantity":"","exclude_order_quantity_value_rules":"no","exclude_category_quantity_rules":"no","combine_variations":"no","_links":{"self":[{"href":"https:\/\/www.vinquotidien.com\/fr\/wp-json\/wp\/v2\/product\/6435","targetHints":{"allow":["GET"]}}],"collection":[{"href":"https:\/\/www.vinquotidien.com\/fr\/wp-json\/wp\/v2\/product"}],"about":[{"href":"https:\/\/www.vinquotidien.com\/fr\/wp-json\/wp\/v2\/types\/product"}],"replies":[{"embeddable":true,"href":"https:\/\/www.vinquotidien.com\/fr\/wp-json\/wp\/v2\/comments?post=6435"}],"wp:featuredmedia":[{"embeddable":true,"href":"https:\/\/www.vinquotidien.com\/fr\/wp-json\/wp\/v2\/media\/6436"}],"wp:attachment":[{"href":"https:\/\/www.vinquotidien.com\/fr\/wp-json\/wp\/v2\/media?parent=6435"}],"wp:term":[{"taxonomy":"product_brand","embeddable":true,"href":"https:\/\/www.vinquotidien.com\/fr\/wp-json\/wp\/v2\/product_brand?post=6435"},{"taxonomy":"product_cat","embeddable":true,"href":"https:\/\/www.vinquotidien.com\/fr\/wp-json\/wp\/v2\/product_cat?post=6435"},{"taxonomy":"product_tag","embeddable":true,"href":"https:\/\/www.vinquotidien.com\/fr\/wp-json\/wp\/v2\/product_tag?post=6435"}],"curies":[{"name":"wp","href":"https:\/\/api.w.org\/{rel}","templated":true}]}}