{"id":6449,"date":"2023-08-23T19:42:07","date_gmt":"2023-08-23T17:42:07","guid":{"rendered":"https:\/\/www.vinquotidien.com\/?post_type=product&#038;p=6449"},"modified":"2025-03-24T18:10:04","modified_gmt":"2025-03-24T17:10:04","slug":"rhum-clement-2020-canne-bleue-vieux-20eme-anniversaire","status":"publish","type":"product","link":"https:\/\/www.vinquotidien.com\/fr\/produit\/rhum-clement-2020-canne-bleue-vieux-20eme-anniversaire\/","title":{"rendered":"Rhum Cl\u00e9ment 2020 &#8211; Canne Bleue Vieux 20\u00e8me anniversaire"},"content":{"rendered":"<p><strong>Producteur :<\/strong><br \/>\nDistillerie Cl\u00e9ment<\/p>\n<p><strong>D\u00e9nomination \/ Appellation :<\/strong><br \/>\nRhum<\/p>\n<p><strong>R\u00e9gion :<\/strong><br \/>\nMartinique<\/p>\n<p><strong>Et le Rhum :<\/strong><br \/>\nIssus d\u2019une canne monovari\u00e9tale unique au monde, aux subtiles reflets bleu violac\u00e9s et aux ar\u00f4mes incomparables d\u2019agrume.<br \/>\nCette \u00e9dition est le fruit d\u2019un assemblage des meilleures Canne Bleue (au compte d\u2019\u00e2ge de 3 ans) vieillies en f\u00fbts de ch\u00eane am\u00e9ricain et ex-Bourbon.<br \/>\n70 cl \/ 42 % vol<\/p>\n<p><strong>Et dans le verre :<\/strong><br \/>\nCouleur ambre limpide et soutenue<br \/>\nCet assemblage r\u00e9v\u00e8le des ar\u00f4mes gourmands de cannelle, de bois\u00e9, de muscade, de cacao et de moka et surtout des notes de fruits confits, datte, et orange.<br \/>\nFinale longue et persistante<\/p>\n<p><strong>Conseils de d\u00e9gustation :<\/strong><br \/>\nEn pousse-caf\u00e9 ou \u00e0 la veill\u00e9e. A essayer sur de desserts \u00e0 la vanille et \u00e0 la banane.<\/p>\n","protected":false},"excerpt":{"rendered":"<p><strong>Producteur :<\/strong><br \/>\nDistillerie Cl\u00e9ment<\/p>\n<p><strong>D\u00e9nomination \/ Appellation :<\/strong><br \/>\nRhum<\/p>\n<p><strong>R\u00e9gion :<\/strong><br \/>\nMartinique<\/p>\n","protected":false},"featured_media":6450,"comment_status":"open","ping_status":"closed","template":"","meta":[],"product_brand":[],"product_cat":[83,100],"product_tag":[],"class_list":{"0":"post-6449","1":"product","2":"type-product","3":"status-publish","4":"has-post-thumbnail","6":"product_cat-spiritueux","7":"product_cat-vente-a-lunite","9":"first","10":"instock","11":"taxable","12":"shipping-taxable","13":"purchasable","14":"product-type-simple"},"group_of_quantity":1,"min_quantity":0,"max_quantity":"","exclude_order_quantity_value_rules":"no","exclude_category_quantity_rules":"no","combine_variations":"no","_links":{"self":[{"href":"https:\/\/www.vinquotidien.com\/fr\/wp-json\/wp\/v2\/product\/6449","targetHints":{"allow":["GET"]}}],"collection":[{"href":"https:\/\/www.vinquotidien.com\/fr\/wp-json\/wp\/v2\/product"}],"about":[{"href":"https:\/\/www.vinquotidien.com\/fr\/wp-json\/wp\/v2\/types\/product"}],"replies":[{"embeddable":true,"href":"https:\/\/www.vinquotidien.com\/fr\/wp-json\/wp\/v2\/comments?post=6449"}],"wp:featuredmedia":[{"embeddable":true,"href":"https:\/\/www.vinquotidien.com\/fr\/wp-json\/wp\/v2\/media\/6450"}],"wp:attachment":[{"href":"https:\/\/www.vinquotidien.com\/fr\/wp-json\/wp\/v2\/media?parent=6449"}],"wp:term":[{"taxonomy":"product_brand","embeddable":true,"href":"https:\/\/www.vinquotidien.com\/fr\/wp-json\/wp\/v2\/product_brand?post=6449"},{"taxonomy":"product_cat","embeddable":true,"href":"https:\/\/www.vinquotidien.com\/fr\/wp-json\/wp\/v2\/product_cat?post=6449"},{"taxonomy":"product_tag","embeddable":true,"href":"https:\/\/www.vinquotidien.com\/fr\/wp-json\/wp\/v2\/product_tag?post=6449"}],"curies":[{"name":"wp","href":"https:\/\/api.w.org\/{rel}","templated":true}]}}