{"id":6453,"date":"2023-08-23T20:02:51","date_gmt":"2023-08-23T18:02:51","guid":{"rendered":"https:\/\/www.vinquotidien.com\/?post_type=product&#038;p=6453"},"modified":"2025-03-24T18:09:57","modified_gmt":"2025-03-24T17:09:57","slug":"rhum-clement-agricole-vieux-x-o","status":"publish","type":"product","link":"https:\/\/www.vinquotidien.com\/fr\/produit\/rhum-clement-agricole-vieux-x-o\/","title":{"rendered":"Rhum Cl\u00e9ment &#8211; Agricole Vieux X.O."},"content":{"rendered":"<p><strong>Producteur :<\/strong><br \/>\nDistillerie Cl\u00e9ment<\/p>\n<p><strong>D\u00e9nomination \/ Appellation :<\/strong><br \/>\nRhum<\/p>\n<p><strong>R\u00e9gion :<\/strong><br \/>\nMartinique<\/p>\n<p><strong>Et le Rhum :<\/strong><br \/>\nProvient d&rsquo;un assemblage de rhums ayant vieilli un minimum de 6 ann\u00e9es \u00e0 l\u2019Habitation Cl\u00e9ment. Il a ainsi acquis une belle maturit\u00e9 et puise sa complexit\u00e9 de l&rsquo;usage alternatif de f\u00fbts neufs et de f\u00fbts &lsquo;roux&rsquo; de Bourbon.<br \/>\n70 cl \/ 42 % vol<\/p>\n<p><strong>Et dans le verre :<\/strong><br \/>\nBelle robe couleur havane<br \/>\nNez d&rsquo;amandes grill\u00e9es, d&rsquo;\u00e9pices, de poivres et des notes bois\u00e9es tr\u00e8s intenses.<br \/>\nBouche toute en finesse, bois\u00e9e, torr\u00e9fi\u00e9e et marqu\u00e9e par les fruits secs.<br \/>\nEn finale, ce XO fait preuve d&rsquo;une bonne longueur en bouche et laisse appara\u00eetre de mani\u00e8re tr\u00e8s subtile la pr\u00e9sence de notes grill\u00e9es.<\/p>\n<p><strong>Conseils de d\u00e9gustation :<\/strong><br \/>\nEn pousse-caf\u00e9 ou \u00e0 la veill\u00e9e<\/p>\n","protected":false},"excerpt":{"rendered":"<p><strong>Producteur :<\/strong><br \/>\nDistillerie Cl\u00e9ment<\/p>\n<p><strong>D\u00e9nomination \/ Appellation :<\/strong><br \/>\nRhum<\/p>\n<p><strong>R\u00e9gion :<\/strong><br \/>\nMartinique<\/p>\n","protected":false},"featured_media":6454,"comment_status":"open","ping_status":"closed","template":"","meta":[],"product_brand":[],"product_cat":[83,100],"product_tag":[],"class_list":{"0":"post-6453","1":"product","2":"type-product","3":"status-publish","4":"has-post-thumbnail","6":"product_cat-spiritueux","7":"product_cat-vente-a-lunite","9":"first","10":"instock","11":"taxable","12":"shipping-taxable","13":"purchasable","14":"product-type-simple"},"group_of_quantity":1,"min_quantity":0,"max_quantity":"","exclude_order_quantity_value_rules":"no","exclude_category_quantity_rules":"no","combine_variations":"no","_links":{"self":[{"href":"https:\/\/www.vinquotidien.com\/fr\/wp-json\/wp\/v2\/product\/6453","targetHints":{"allow":["GET"]}}],"collection":[{"href":"https:\/\/www.vinquotidien.com\/fr\/wp-json\/wp\/v2\/product"}],"about":[{"href":"https:\/\/www.vinquotidien.com\/fr\/wp-json\/wp\/v2\/types\/product"}],"replies":[{"embeddable":true,"href":"https:\/\/www.vinquotidien.com\/fr\/wp-json\/wp\/v2\/comments?post=6453"}],"wp:featuredmedia":[{"embeddable":true,"href":"https:\/\/www.vinquotidien.com\/fr\/wp-json\/wp\/v2\/media\/6454"}],"wp:attachment":[{"href":"https:\/\/www.vinquotidien.com\/fr\/wp-json\/wp\/v2\/media?parent=6453"}],"wp:term":[{"taxonomy":"product_brand","embeddable":true,"href":"https:\/\/www.vinquotidien.com\/fr\/wp-json\/wp\/v2\/product_brand?post=6453"},{"taxonomy":"product_cat","embeddable":true,"href":"https:\/\/www.vinquotidien.com\/fr\/wp-json\/wp\/v2\/product_cat?post=6453"},{"taxonomy":"product_tag","embeddable":true,"href":"https:\/\/www.vinquotidien.com\/fr\/wp-json\/wp\/v2\/product_tag?post=6453"}],"curies":[{"name":"wp","href":"https:\/\/api.w.org\/{rel}","templated":true}]}}