{"id":6466,"date":"2023-08-24T07:16:48","date_gmt":"2023-08-24T05:16:48","guid":{"rendered":"https:\/\/www.vinquotidien.com\/?post_type=product&#038;p=6466"},"modified":"2025-03-24T17:58:31","modified_gmt":"2025-03-24T16:58:31","slug":"sur-le-chene-maranges-domaine-chevrot-jeroboam-3l","status":"publish","type":"product","link":"https:\/\/www.vinquotidien.com\/fr\/produit\/sur-le-chene-maranges-domaine-chevrot-jeroboam-3l\/","title":{"rendered":"Sur le Ch\u00eane 2019 &#8211; Maranges &#8211; Domaine Chevrot &#8211; Jeroboam 3L"},"content":{"rendered":"<p><strong>Vigneron : <\/strong><br \/>\nDomaine Chevrot<\/p>\n<p><strong>Appellation : <\/strong><br \/>\nMaranges<\/p>\n<p><strong>R\u00e9gion :<\/strong><br \/>\nBourgogne<\/p>\n<p><strong>Et le vin\u2026<\/strong><br \/>\nC\u00e9pages: 100% Pinot Noir<br \/>\nParcelle de 3,16 hectares plant\u00e9e de vieilles vignes dont l\u2019\u00e2ge moyen est de 50 ans<br \/>\nCette parcelle est expos\u00e9e au sud, sur un coteau de graves calcaires (pierres calcaires rondes)<br \/>\nVendanges manuelles, avec un tri syst\u00e9matique avant vinification en cuves<br \/>\nPressage des mo\u00fbts, assemblage des jus de goutte et de presse et \u00e9levage en f\u00fbts de ch\u00eane pendant 16 mois<\/p>\n<p><strong>Et dans le verre\u2026<\/strong><br \/>\nJolie robe rouge violet<br \/>\nNez de fruits rouges, de fruits confits, d\u2019anis et de poivre.<br \/>\nBouche charpent\u00e9e, ample et \u00e9quilibr\u00e9e<br \/>\nTanins pr\u00e9sents mais sans rudesse, et finale d\u2019une bonne longueur<\/p>\n<p><strong>Accords Mets &amp; Vins : <\/strong><br \/>\nViandes rouges, cuisine exotique et \u00e9pic\u00e9e, fromages forts<\/p>\n","protected":false},"excerpt":{"rendered":"<p><strong>Vigneron : <\/strong><br \/>\nDomaine Chevrot<\/p>\n<p><strong>Appellation : <\/strong><br \/>\nMaranges<\/p>\n<p><strong>R\u00e9gion :<\/strong><br \/>\nBourgogne<\/p>\n<p><strong>Sous allocation, nous contacter!<\/strong><\/p>\n","protected":false},"featured_media":5271,"comment_status":"open","ping_status":"closed","template":"","meta":[],"product_brand":[],"product_cat":[100,25,90],"product_tag":[],"class_list":{"0":"post-6466","1":"product","2":"type-product","3":"status-publish","4":"has-post-thumbnail","6":"product_cat-vente-a-lunite","7":"product_cat-vin-rouge","8":"product_cat-vip-corner","10":"first","11":"instock","12":"taxable","13":"shipping-taxable","14":"purchasable","15":"product-type-simple"},"group_of_quantity":1,"min_quantity":0,"max_quantity":"","exclude_order_quantity_value_rules":"no","exclude_category_quantity_rules":"no","combine_variations":"no","_links":{"self":[{"href":"https:\/\/www.vinquotidien.com\/fr\/wp-json\/wp\/v2\/product\/6466","targetHints":{"allow":["GET"]}}],"collection":[{"href":"https:\/\/www.vinquotidien.com\/fr\/wp-json\/wp\/v2\/product"}],"about":[{"href":"https:\/\/www.vinquotidien.com\/fr\/wp-json\/wp\/v2\/types\/product"}],"replies":[{"embeddable":true,"href":"https:\/\/www.vinquotidien.com\/fr\/wp-json\/wp\/v2\/comments?post=6466"}],"wp:featuredmedia":[{"embeddable":true,"href":"https:\/\/www.vinquotidien.com\/fr\/wp-json\/wp\/v2\/media\/5271"}],"wp:attachment":[{"href":"https:\/\/www.vinquotidien.com\/fr\/wp-json\/wp\/v2\/media?parent=6466"}],"wp:term":[{"taxonomy":"product_brand","embeddable":true,"href":"https:\/\/www.vinquotidien.com\/fr\/wp-json\/wp\/v2\/product_brand?post=6466"},{"taxonomy":"product_cat","embeddable":true,"href":"https:\/\/www.vinquotidien.com\/fr\/wp-json\/wp\/v2\/product_cat?post=6466"},{"taxonomy":"product_tag","embeddable":true,"href":"https:\/\/www.vinquotidien.com\/fr\/wp-json\/wp\/v2\/product_tag?post=6466"}],"curies":[{"name":"wp","href":"https:\/\/api.w.org\/{rel}","templated":true}]}}