{"id":6493,"date":"2023-08-24T16:59:33","date_gmt":"2023-08-24T14:59:33","guid":{"rendered":"https:\/\/www.vinquotidien.com\/?post_type=product&#038;p=6493"},"modified":"2026-05-08T10:50:09","modified_gmt":"2026-05-08T08:50:09","slug":"primitivo-alberobello-puglia-cantine-pietro-tauro","status":"publish","type":"product","link":"https:\/\/www.vinquotidien.com\/fr\/produit\/primitivo-alberobello-puglia-cantine-pietro-tauro\/","title":{"rendered":"Primitivo Alberobello &#8211; Puglia &#8211; Cantina Pietro Tauro"},"content":{"rendered":"<p><strong>Vigneron : <\/strong><br \/>\nCantine Pietro Tauro<\/p>\n<p><strong>Appellation : <\/strong><br \/>\nPuglia<\/p>\n<p><strong>R\u00e9gion : <\/strong><br \/>\nPuglia \/ Italie<\/p>\n<p><strong>Et le vin :<\/strong><br \/>\nC\u00e9pages : 100% Primitivo<br \/>\nElabor\u00e9 selon une forme de culture de la vigne traditionnelle plant\u00e9e dans de petits vignobles afin d\u2019adapter la vigne \u00e0 des conditions environnementales difficiles et appel\u00e9e Alberello (jeune arbre). Cette m m\u00e9thode tr\u00e8s r\u00e9pandue dans les pays o\u00f9 le climat est chaud et sec.<br \/>\nTerroir compos\u00e9 de sols argileux.<br \/>\nVinification traditionnelle avec extraction longue, fermentation \u00e0 temp\u00e9rature contr\u00f4l\u00e9e et \u00e9levage en cuves.<\/p>\n<p><strong>Et dans le verre&#8230;<\/strong><br \/>\nRouge rubis intense.<br \/>\nNez complexe d\u2019ar\u00f4mes de fruits noirs, d\u2019amarena et d\u2019\u00e9pices.<br \/>\nBouche aux tanins souples et fruit\u00e9s avec de l\u00e9g\u00e8res touches d&rsquo;anis apportant une jolie fraicheur.<\/p>\n<p><strong>Accords Mets &amp; Vins : <\/strong><br \/>\nParticuli\u00e8rement adapt\u00e9 aux viandes rouges grill\u00e9es et r\u00f4ties.<\/p>\n","protected":false},"excerpt":{"rendered":"<p><strong>Vigneron : <\/strong><br \/>\nCantine Pietro Tauro<\/p>\n<p><strong>Appellation : <\/strong><br \/>\nPuglia<\/p>\n<p><strong>R\u00e9gion : <\/strong><br \/>\nPuglia \/ Italie<\/p>\n","protected":false},"featured_media":6496,"comment_status":"open","ping_status":"closed","template":"","meta":[],"product_brand":[],"product_cat":[25],"product_tag":[],"class_list":{"0":"post-6493","1":"product","2":"type-product","3":"status-publish","4":"has-post-thumbnail","6":"product_cat-vin-rouge","8":"first","9":"instock","10":"taxable","11":"shipping-taxable","12":"purchasable","13":"product-type-simple"},"group_of_quantity":6,"min_quantity":0,"max_quantity":"","exclude_order_quantity_value_rules":"no","exclude_category_quantity_rules":"no","combine_variations":"no","_links":{"self":[{"href":"https:\/\/www.vinquotidien.com\/fr\/wp-json\/wp\/v2\/product\/6493","targetHints":{"allow":["GET"]}}],"collection":[{"href":"https:\/\/www.vinquotidien.com\/fr\/wp-json\/wp\/v2\/product"}],"about":[{"href":"https:\/\/www.vinquotidien.com\/fr\/wp-json\/wp\/v2\/types\/product"}],"replies":[{"embeddable":true,"href":"https:\/\/www.vinquotidien.com\/fr\/wp-json\/wp\/v2\/comments?post=6493"}],"wp:featuredmedia":[{"embeddable":true,"href":"https:\/\/www.vinquotidien.com\/fr\/wp-json\/wp\/v2\/media\/6496"}],"wp:attachment":[{"href":"https:\/\/www.vinquotidien.com\/fr\/wp-json\/wp\/v2\/media?parent=6493"}],"wp:term":[{"taxonomy":"product_brand","embeddable":true,"href":"https:\/\/www.vinquotidien.com\/fr\/wp-json\/wp\/v2\/product_brand?post=6493"},{"taxonomy":"product_cat","embeddable":true,"href":"https:\/\/www.vinquotidien.com\/fr\/wp-json\/wp\/v2\/product_cat?post=6493"},{"taxonomy":"product_tag","embeddable":true,"href":"https:\/\/www.vinquotidien.com\/fr\/wp-json\/wp\/v2\/product_tag?post=6493"}],"curies":[{"name":"wp","href":"https:\/\/api.w.org\/{rel}","templated":true}]}}