{"id":6499,"date":"2023-08-24T17:39:50","date_gmt":"2023-08-24T15:39:50","guid":{"rendered":"https:\/\/www.vinquotidien.com\/?post_type=product&#038;p=6499"},"modified":"2025-03-24T15:33:33","modified_gmt":"2025-03-24T14:33:33","slug":"le-undici-terre-bardolino-monte-del-fra","status":"publish","type":"product","link":"https:\/\/www.vinquotidien.com\/fr\/produit\/le-undici-terre-bardolino-monte-del-fra\/","title":{"rendered":"Le Undici Terre &#8211; Bardolino &#8211; Monte Del Fra"},"content":{"rendered":"<p><strong>Vigneron : <\/strong><br \/>\nMonte Del Fra<\/p>\n<p><strong>Appellation : <\/strong><br \/>\nBardolino<\/p>\n<p><strong>R\u00e9gion : <\/strong><br \/>\nVenetie \/ Italie<\/p>\n<p><strong>Et le vin :<\/strong><br \/>\nC\u00e9pages : Corvina, Rondinella, Molinara<br \/>\nTerroir : Les sols sont caract\u00e9ris\u00e9s par du calcaire et des graviers.<br \/>\nIssu des vignobles de la r\u00e9gion de Bardolino, qui s&rsquo;\u00e9tend le long du lac de Garde. Le climat doux avec des journ\u00e9es chaudes et des nuits fra\u00eeches contribue \u00e0 la maturation lente et homog\u00e8ne des raisins et influence le caract\u00e8re du vin.<br \/>\nVendanges manuelles, presse douce et mo\u00fbt est ferment\u00e9 \u00e0 temp\u00e9ratures contr\u00f4l\u00e9es pour pr\u00e9server les ar\u00f4mes de fruits frais et l&rsquo;acidit\u00e9 naturelle.<br \/>\nUne partie du vin est vieillie en f\u00fbts de ch\u00eane avant d&rsquo;\u00eatre mise en bouteille.<\/p>\n<p><strong>Et dans le verre&#8230;<\/strong><br \/>\nRouge rubis.<br \/>\nNez de fruits rouges, de cerises, de fruits des bois et d&rsquo;\u00e9pices fines.<br \/>\nBouche vive et fruit\u00e9e, avec une agr\u00e9able fra\u00eecheur et une acidit\u00e9 \u00e9quilibr\u00e9e se prolongent sur des tanins fins.<br \/>\nFinale juteuse et \u00e9quilibr\u00e9e.<\/p>\n<p><strong>Accords Mets &amp; Vins : <\/strong><br \/>\nUn accompagnement id\u00e9al pour des plats de p\u00e2tes, des pizzas ou des Antipasti.<\/p>\n","protected":false},"excerpt":{"rendered":"<p><strong>Vigneron : <\/strong><br \/>\nMonte Del Fra<\/p>\n<p><strong>Appellation : <\/strong><br \/>\nBardolino<\/p>\n<p><strong>R\u00e9gion : <\/strong><br \/>\nVenetie \/ Italie<\/p>\n","protected":false},"featured_media":6500,"comment_status":"open","ping_status":"closed","template":"","meta":[],"product_brand":[],"product_cat":[25],"product_tag":[],"class_list":{"0":"post-6499","1":"product","2":"type-product","3":"status-publish","4":"has-post-thumbnail","6":"product_cat-vin-rouge","8":"first","9":"instock","10":"taxable","11":"shipping-taxable","12":"purchasable","13":"product-type-simple"},"group_of_quantity":6,"min_quantity":0,"max_quantity":"","exclude_order_quantity_value_rules":"no","exclude_category_quantity_rules":"no","combine_variations":"no","_links":{"self":[{"href":"https:\/\/www.vinquotidien.com\/fr\/wp-json\/wp\/v2\/product\/6499","targetHints":{"allow":["GET"]}}],"collection":[{"href":"https:\/\/www.vinquotidien.com\/fr\/wp-json\/wp\/v2\/product"}],"about":[{"href":"https:\/\/www.vinquotidien.com\/fr\/wp-json\/wp\/v2\/types\/product"}],"replies":[{"embeddable":true,"href":"https:\/\/www.vinquotidien.com\/fr\/wp-json\/wp\/v2\/comments?post=6499"}],"wp:featuredmedia":[{"embeddable":true,"href":"https:\/\/www.vinquotidien.com\/fr\/wp-json\/wp\/v2\/media\/6500"}],"wp:attachment":[{"href":"https:\/\/www.vinquotidien.com\/fr\/wp-json\/wp\/v2\/media?parent=6499"}],"wp:term":[{"taxonomy":"product_brand","embeddable":true,"href":"https:\/\/www.vinquotidien.com\/fr\/wp-json\/wp\/v2\/product_brand?post=6499"},{"taxonomy":"product_cat","embeddable":true,"href":"https:\/\/www.vinquotidien.com\/fr\/wp-json\/wp\/v2\/product_cat?post=6499"},{"taxonomy":"product_tag","embeddable":true,"href":"https:\/\/www.vinquotidien.com\/fr\/wp-json\/wp\/v2\/product_tag?post=6499"}],"curies":[{"name":"wp","href":"https:\/\/api.w.org\/{rel}","templated":true}]}}