{"id":6504,"date":"2023-08-24T19:09:44","date_gmt":"2023-08-24T17:09:44","guid":{"rendered":"https:\/\/www.vinquotidien.com\/?post_type=product&#038;p=6504"},"modified":"2025-03-24T15:33:12","modified_gmt":"2025-03-24T14:33:12","slug":"le-undici-terre-chiaretto-di-bardolino-monte-del-fra","status":"publish","type":"product","link":"https:\/\/www.vinquotidien.com\/fr\/produit\/le-undici-terre-chiaretto-di-bardolino-monte-del-fra\/","title":{"rendered":"Le Undici Terre &#8211; Chiaretto di Bardolino &#8211; Monte Del Fra"},"content":{"rendered":"<p><strong>Vigneron : <\/strong><br \/>\nMonte Del Fra<\/p>\n<p><strong>Appellation : <\/strong><br \/>\nBardolino<\/p>\n<p><strong>R\u00e9gion : <\/strong><br \/>\nVenetie \/ Italie<\/p>\n<p><strong>Et le vin :<br \/>\n<\/strong>C\u00e9pages : Corvina, Rondinella, Molinara<br \/>\nTerroir : Les sols sont caract\u00e9ris\u00e9s par du calcaire et des graviers.<br \/>\nIssu des vignobles de la r\u00e9gion de Bardolino, qui s&rsquo;\u00e9tend le long du lac de Garde. Le climat doux avec des journ\u00e9es chaudes et des nuits fra\u00eeches contribue \u00e0 la maturation lente et homog\u00e8ne des raisins et influence le caract\u00e8re du vin.<br \/>\nVinification en blanc avec une courte mac\u00e9ration \u00e0 froid au contact des peaux<br \/>\nFermentation longue en acier a temp\u00e9rature contr\u00f4l\u00e9e.<\/p>\n<p><strong>Et dans le verre&#8230;<\/strong><br \/>\nRobe rose tendre et brillante.<br \/>\nAu nez des ar\u00f4mes d\u00e9licats de petites baies sauvages (framboise, groseille) et de subtiles touches d&rsquo;\u00e9glantier.<br \/>\nEn bouche des notes balsamiques, \u00e9pic\u00e9es et de fruits jaunes apportent de la complexit\u00e9<br \/>\nSur une finale d\u00e9licate, longue et enveloppante.<\/p>\n<p><strong>Accords Mets &amp; Vins : <\/strong><br \/>\nExcellent ap\u00e9ritif, superbe avec le melon au jambon ou la salade Caprese.<\/p>\n","protected":false},"excerpt":{"rendered":"<p><strong>Vigneron : <\/strong><br \/>\nMonte Del Fra<\/p>\n<p><strong>Appellation : <\/strong><br \/>\nBardolino<\/p>\n<p><strong>R\u00e9gion : <\/strong><br \/>\nVenetie \/ Italie<\/p>\n","protected":false},"featured_media":6505,"comment_status":"open","ping_status":"closed","template":"","meta":[],"product_brand":[],"product_cat":[27],"product_tag":[],"class_list":{"0":"post-6504","1":"product","2":"type-product","3":"status-publish","4":"has-post-thumbnail","6":"product_cat-vin-rose","8":"first","9":"instock","10":"taxable","11":"shipping-taxable","12":"purchasable","13":"product-type-simple"},"group_of_quantity":6,"min_quantity":0,"max_quantity":"","exclude_order_quantity_value_rules":"no","exclude_category_quantity_rules":"no","combine_variations":"no","_links":{"self":[{"href":"https:\/\/www.vinquotidien.com\/fr\/wp-json\/wp\/v2\/product\/6504","targetHints":{"allow":["GET"]}}],"collection":[{"href":"https:\/\/www.vinquotidien.com\/fr\/wp-json\/wp\/v2\/product"}],"about":[{"href":"https:\/\/www.vinquotidien.com\/fr\/wp-json\/wp\/v2\/types\/product"}],"replies":[{"embeddable":true,"href":"https:\/\/www.vinquotidien.com\/fr\/wp-json\/wp\/v2\/comments?post=6504"}],"wp:featuredmedia":[{"embeddable":true,"href":"https:\/\/www.vinquotidien.com\/fr\/wp-json\/wp\/v2\/media\/6505"}],"wp:attachment":[{"href":"https:\/\/www.vinquotidien.com\/fr\/wp-json\/wp\/v2\/media?parent=6504"}],"wp:term":[{"taxonomy":"product_brand","embeddable":true,"href":"https:\/\/www.vinquotidien.com\/fr\/wp-json\/wp\/v2\/product_brand?post=6504"},{"taxonomy":"product_cat","embeddable":true,"href":"https:\/\/www.vinquotidien.com\/fr\/wp-json\/wp\/v2\/product_cat?post=6504"},{"taxonomy":"product_tag","embeddable":true,"href":"https:\/\/www.vinquotidien.com\/fr\/wp-json\/wp\/v2\/product_tag?post=6504"}],"curies":[{"name":"wp","href":"https:\/\/api.w.org\/{rel}","templated":true}]}}