{"id":6508,"date":"2023-08-24T19:52:44","date_gmt":"2023-08-24T17:52:44","guid":{"rendered":"https:\/\/www.vinquotidien.com\/?post_type=product&#038;p=6508"},"modified":"2025-03-24T15:32:48","modified_gmt":"2025-03-24T14:32:48","slug":"le-undici-terre-custoza-monte-del-fra","status":"publish","type":"product","link":"https:\/\/www.vinquotidien.com\/fr\/produit\/le-undici-terre-custoza-monte-del-fra\/","title":{"rendered":"Le Undici Terre &#8211; Custoza &#8211; Monte Del Fra"},"content":{"rendered":"<p><strong>Vigneron : <\/strong><br \/>\nMonte Del Fra<\/p>\n<p><strong>Appellation : <\/strong><br \/>\nCustoza<\/p>\n<p><strong>R\u00e9gion : <\/strong><br \/>\nVenetie \/ Italie<\/p>\n<p><strong>Et le vin :<\/strong><br \/>\nC\u00e9pages : Garganega, Trebbiano Toscano, Cortese<br \/>\nTerroir : Les sols sont caract\u00e9ris\u00e9s par du calcaire et des graviers.<br \/>\nIssu des vignobles de la r\u00e9gion de Bardolino, qui s&rsquo;\u00e9tend le long du lac de Garde. Le climat doux avec des journ\u00e9es chaudes et des nuits fra\u00eeches contribue \u00e0 la maturation lente et homog\u00e8ne des raisins et influence le caract\u00e8re du vin.<br \/>\nPressurage doux \u00e0 basse temp\u00e9rature avec pr\u00e9-fermentation.<br \/>\nFermentation longue en cuves d&rsquo;acier \u00e0 temp\u00e9rature contr\u00f4l\u00e9e.<\/p>\n<p><strong>Et dans le verre&#8230;<\/strong><br \/>\nJaune paille avec de l\u00e9gers reflets verd\u00e2tres.<br \/>\nNez intense, fin et \u00e9l\u00e9gant avec des notes de fleurs blanches, de pomme verte et de p\u00eache avec des notes tropicales.<br \/>\nLa bouche min\u00e9rale et harmonieuse pr\u00e9sente un excellent \u00e9quilibre et une finale longue et tr\u00e8s gouteuse.<\/p>\n<p><strong>Accords Mets &amp; Vins : <\/strong><br \/>\nExcellent ap\u00e9ritif, un petit bonheur avec les Vongoles<\/p>\n","protected":false},"excerpt":{"rendered":"<p><strong>Vigneron : <\/strong><br \/>\nMonte Del Fra<\/p>\n<p><strong>Appellation : <\/strong><br \/>\nCustoza<\/p>\n<p><strong>R\u00e9gion : <\/strong><br \/>\nVenetie \/ Italie<\/p>\n","protected":false},"featured_media":6509,"comment_status":"open","ping_status":"closed","template":"","meta":[],"product_brand":[],"product_cat":[26],"product_tag":[],"class_list":{"0":"post-6508","1":"product","2":"type-product","3":"status-publish","4":"has-post-thumbnail","6":"product_cat-vin-blanc","8":"first","9":"instock","10":"taxable","11":"shipping-taxable","12":"purchasable","13":"product-type-simple"},"group_of_quantity":6,"min_quantity":0,"max_quantity":"","exclude_order_quantity_value_rules":"no","exclude_category_quantity_rules":"no","combine_variations":"no","_links":{"self":[{"href":"https:\/\/www.vinquotidien.com\/fr\/wp-json\/wp\/v2\/product\/6508","targetHints":{"allow":["GET"]}}],"collection":[{"href":"https:\/\/www.vinquotidien.com\/fr\/wp-json\/wp\/v2\/product"}],"about":[{"href":"https:\/\/www.vinquotidien.com\/fr\/wp-json\/wp\/v2\/types\/product"}],"replies":[{"embeddable":true,"href":"https:\/\/www.vinquotidien.com\/fr\/wp-json\/wp\/v2\/comments?post=6508"}],"wp:featuredmedia":[{"embeddable":true,"href":"https:\/\/www.vinquotidien.com\/fr\/wp-json\/wp\/v2\/media\/6509"}],"wp:attachment":[{"href":"https:\/\/www.vinquotidien.com\/fr\/wp-json\/wp\/v2\/media?parent=6508"}],"wp:term":[{"taxonomy":"product_brand","embeddable":true,"href":"https:\/\/www.vinquotidien.com\/fr\/wp-json\/wp\/v2\/product_brand?post=6508"},{"taxonomy":"product_cat","embeddable":true,"href":"https:\/\/www.vinquotidien.com\/fr\/wp-json\/wp\/v2\/product_cat?post=6508"},{"taxonomy":"product_tag","embeddable":true,"href":"https:\/\/www.vinquotidien.com\/fr\/wp-json\/wp\/v2\/product_tag?post=6508"}],"curies":[{"name":"wp","href":"https:\/\/api.w.org\/{rel}","templated":true}]}}