{"id":6512,"date":"2023-08-24T20:32:43","date_gmt":"2023-08-24T18:32:43","guid":{"rendered":"https:\/\/www.vinquotidien.com\/?post_type=product&#038;p=6512"},"modified":"2025-03-24T15:32:33","modified_gmt":"2025-03-24T14:32:33","slug":"bolonero-castel-del-monte-torrevento","status":"publish","type":"product","link":"https:\/\/www.vinquotidien.com\/fr\/produit\/bolonero-castel-del-monte-torrevento\/","title":{"rendered":"Bolonero &#8211; Castel del Monte &#8211; Torrevento"},"content":{"rendered":"<p><strong>Vigneron : <\/strong><br \/>\nTorrevento<\/p>\n<p><strong>Appellation : <\/strong><br \/>\nCastel del Monte<\/p>\n<p><strong>R\u00e9gion : <\/strong><br \/>\nPuglia \/ Italie<\/p>\n<p><strong>Et le vin. :<\/strong><br \/>\nC\u00e9pages : Nero di Troia, Aglianico<br \/>\nType de sols argilo &#8211; calcaire, vignoble situ\u00e9 \u00e0 plus de 450 m\u00e8tres d&rsquo;altitude.<br \/>\nVendanges rigoureuses suivies d\u2019une vinification classique et d\u2019une maturation exclusivement en cuves en acier<\/p>\n<p><strong>Et dans le verre&#8230;<\/strong><br \/>\nRobe rouge rubis intense.<br \/>\nBouquet plein et parfum\u00e9, d\u00e9licatement \u00e9pic\u00e9 avec des notes de baies rouges.<br \/>\nBouche pleine, agr\u00e9ablement structur\u00e9e et caract\u00e9ris\u00e9e par une belle \u00e9l\u00e9gance qui \u00e9volue sur une finale tr\u00e8s persistante.<\/p>\n<p><strong>Accords Mets &amp; Vins : <\/strong><br \/>\nTr\u00e8s bien avec viandes rouges, les r\u00f4tis et fromages affin\u00e9s.<\/p>\n","protected":false},"excerpt":{"rendered":"<p><strong>Vigneron : <\/strong><br \/>\nTorrevento<\/p>\n<p><strong>Appellation : <\/strong><br \/>\nCastel del Monte<\/p>\n<p><strong>R\u00e9gion : <\/strong><br \/>\nPuglia \/ Italie<\/p>\n","protected":false},"featured_media":6513,"comment_status":"open","ping_status":"closed","template":"","meta":[],"product_brand":[],"product_cat":[25],"product_tag":[],"class_list":{"0":"post-6512","1":"product","2":"type-product","3":"status-publish","4":"has-post-thumbnail","6":"product_cat-vin-rouge","8":"first","9":"instock","10":"taxable","11":"shipping-taxable","12":"purchasable","13":"product-type-simple"},"group_of_quantity":6,"min_quantity":0,"max_quantity":"","exclude_order_quantity_value_rules":"no","exclude_category_quantity_rules":"no","combine_variations":"no","_links":{"self":[{"href":"https:\/\/www.vinquotidien.com\/fr\/wp-json\/wp\/v2\/product\/6512","targetHints":{"allow":["GET"]}}],"collection":[{"href":"https:\/\/www.vinquotidien.com\/fr\/wp-json\/wp\/v2\/product"}],"about":[{"href":"https:\/\/www.vinquotidien.com\/fr\/wp-json\/wp\/v2\/types\/product"}],"replies":[{"embeddable":true,"href":"https:\/\/www.vinquotidien.com\/fr\/wp-json\/wp\/v2\/comments?post=6512"}],"wp:featuredmedia":[{"embeddable":true,"href":"https:\/\/www.vinquotidien.com\/fr\/wp-json\/wp\/v2\/media\/6513"}],"wp:attachment":[{"href":"https:\/\/www.vinquotidien.com\/fr\/wp-json\/wp\/v2\/media?parent=6512"}],"wp:term":[{"taxonomy":"product_brand","embeddable":true,"href":"https:\/\/www.vinquotidien.com\/fr\/wp-json\/wp\/v2\/product_brand?post=6512"},{"taxonomy":"product_cat","embeddable":true,"href":"https:\/\/www.vinquotidien.com\/fr\/wp-json\/wp\/v2\/product_cat?post=6512"},{"taxonomy":"product_tag","embeddable":true,"href":"https:\/\/www.vinquotidien.com\/fr\/wp-json\/wp\/v2\/product_tag?post=6512"}],"curies":[{"name":"wp","href":"https:\/\/api.w.org\/{rel}","templated":true}]}}