{"id":6516,"date":"2023-08-24T21:35:11","date_gmt":"2023-08-24T19:35:11","guid":{"rendered":"https:\/\/www.vinquotidien.com\/?post_type=product&#038;p=6516"},"modified":"2026-04-04T13:56:58","modified_gmt":"2026-04-04T11:56:58","slug":"prosecco-extra-dry-cantine-castelnuovo-del-garda","status":"publish","type":"product","link":"https:\/\/www.vinquotidien.com\/fr\/produit\/prosecco-extra-dry-cantine-castelnuovo-del-garda\/","title":{"rendered":"Prosecco Extra Dry &#8211; Cantine Castelnuovo del Garda"},"content":{"rendered":"<p><strong>Vigneron : <\/strong><br \/>\nProsecco Extra Dry &#8211; Cantine Castelnuovo del Garda<\/p>\n<p><strong>Appellation : <\/strong><br \/>\nProsecco DOC<\/p>\n<p><strong>R\u00e9gion : <\/strong><br \/>\nVenetie \/ Italie<\/p>\n<p><strong>Et le vin :<\/strong><br \/>\nC\u00e9page : Glera<br \/>\nTerroir : Collines morainiques au sous-sols argileux et calcaire<br \/>\nElabor\u00e9 avec passion sur les rives du Lago di Garda.<br \/>\nLa mani\u00e8re dont cette jolie bulle Italienne est r\u00e9alis\u00e9e est la m\u00e9thode Charmat.<br \/>\nLe vin de base tranquille est mis sous pression dans une cuve inox avec des levures et du sucre afin de d\u00e9marrer une seconde fermentation qui dure jusqu\u2019\u00e0 six.<br \/>\nPlus la fermentation sera longue, plus la bulle sera fine et persistante et plus les ar\u00f4mes du vin se r\u00e9v\u00e8leront.<\/p>\n<p><strong>Et dans le verre&#8230;<\/strong><br \/>\nRobe jaune, p\u00e2le et brillante.<br \/>\nNez intense et parfum\u00e9, d\u00e9gageant de merveilleux ar\u00f4mes de poire Williams et de fleurs jaunes printani\u00e8res.<br \/>\nBouche franche, fraiche et dot\u00e9e d\u2019une agr\u00e9able persistance aromatique<\/p>\n<p><strong>Accords Mets &amp; Vins : <\/strong><br \/>\nParfait \u00e0 l\u2019ap\u00e9ritif !<\/p>\n","protected":false},"excerpt":{"rendered":"<p><strong>Vigneron : <\/strong><br \/>\nProsecco Extra Dry &#8211; Cantine Castelnuovo del Garda<\/p>\n<p><strong>Appellation : <\/strong><br \/>\nProsecco DOC<\/p>\n<p><strong>R\u00e9gion : <\/strong><br \/>\nVenetie \/ Italie<\/p>\n","protected":false},"featured_media":6517,"comment_status":"open","ping_status":"closed","template":"","meta":[],"product_brand":[],"product_cat":[28],"product_tag":[],"class_list":{"0":"post-6516","1":"product","2":"type-product","3":"status-publish","4":"has-post-thumbnail","6":"product_cat-bulles","8":"first","9":"instock","10":"taxable","11":"shipping-taxable","12":"purchasable","13":"product-type-simple"},"group_of_quantity":6,"min_quantity":0,"max_quantity":"","exclude_order_quantity_value_rules":"no","exclude_category_quantity_rules":"no","combine_variations":"no","_links":{"self":[{"href":"https:\/\/www.vinquotidien.com\/fr\/wp-json\/wp\/v2\/product\/6516","targetHints":{"allow":["GET"]}}],"collection":[{"href":"https:\/\/www.vinquotidien.com\/fr\/wp-json\/wp\/v2\/product"}],"about":[{"href":"https:\/\/www.vinquotidien.com\/fr\/wp-json\/wp\/v2\/types\/product"}],"replies":[{"embeddable":true,"href":"https:\/\/www.vinquotidien.com\/fr\/wp-json\/wp\/v2\/comments?post=6516"}],"wp:featuredmedia":[{"embeddable":true,"href":"https:\/\/www.vinquotidien.com\/fr\/wp-json\/wp\/v2\/media\/6517"}],"wp:attachment":[{"href":"https:\/\/www.vinquotidien.com\/fr\/wp-json\/wp\/v2\/media?parent=6516"}],"wp:term":[{"taxonomy":"product_brand","embeddable":true,"href":"https:\/\/www.vinquotidien.com\/fr\/wp-json\/wp\/v2\/product_brand?post=6516"},{"taxonomy":"product_cat","embeddable":true,"href":"https:\/\/www.vinquotidien.com\/fr\/wp-json\/wp\/v2\/product_cat?post=6516"},{"taxonomy":"product_tag","embeddable":true,"href":"https:\/\/www.vinquotidien.com\/fr\/wp-json\/wp\/v2\/product_tag?post=6516"}],"curies":[{"name":"wp","href":"https:\/\/api.w.org\/{rel}","templated":true}]}}