{"id":6521,"date":"2023-08-25T09:09:23","date_gmt":"2023-08-25T07:09:23","guid":{"rendered":"https:\/\/www.vinquotidien.com\/?post_type=product&#038;p=6521"},"modified":"2025-03-24T15:32:02","modified_gmt":"2025-03-24T14:32:02","slug":"dolines-primitivo-puglia-colli-della-murgia","status":"publish","type":"product","link":"https:\/\/www.vinquotidien.com\/fr\/produit\/dolines-primitivo-puglia-colli-della-murgia\/","title":{"rendered":"Dolines Primitivo &#8211; Puglia &#8211; Colli della Murgia"},"content":{"rendered":"<p><strong>Vigneron : <\/strong><br \/>\nColli della Murgia<\/p>\n<p><strong>Appellation : <\/strong><br \/>\nPuglia<\/p>\n<p><strong>R\u00e9gion : <\/strong><br \/>\nPuglia \/ Italie<\/p>\n<p><strong>Et le vin :<\/strong><br \/>\nC\u00e9pages : 100% Primitivo<br \/>\nVignoble Contrada Santa Sofia conduit en agriculture biologique \u00e0 240 m d&rsquo;altitude sur un terrain de d\u00e9p\u00f4ts marins, argiles et calcaires.<br \/>\nVendanges manuelles dans la premi\u00e8re d\u00e9cade de septembre.<br \/>\nFermentation en cuve acier \u00e0 temp\u00e9rature contr\u00f4l\u00e9e.<br \/>\nApr\u00e8s fermentation, le vin est soutir\u00e9 et vieilli de 12 \u00e0 14 mois en cuves.<br \/>\nAvant la mise en bouteille, il est filtr\u00e9, suivi d&rsquo;un vieillissement de 3 mois en bouteille avant commercialisation.<\/p>\n<p><strong>Et dans le verre&#8230;<\/strong><br \/>\nCouleur rouge rubis tr\u00e8s intense et brillante.<br \/>\nLe nez est caract\u00e9ris\u00e9 par des petits fruits rouges, m\u00fbre et framboise bien m\u00fbrs.<br \/>\nOn retrouve \u00e9galement de l\u00e9g\u00e8res notes de poivre et de vanille parfaitement \u00e9quilibr\u00e9es.<br \/>\nEn bouche le vin est droit, frais et min\u00e9ral, on retrouve de bons tanins doux et suaves.<br \/>\nLa finale est assez persistante et marqu\u00e9e par des notes \u00e9pic\u00e9es et une agr\u00e9able min\u00e9ralit\u00e9.<br \/>\nC\u2019est un vin tr\u00e8s moderne au degr\u00e9s d\u2019alcool bien contenu.<\/p>\n<p><strong>Accords Mets &amp; Vins : <\/strong><br \/>\nA tester avec un Burger Black Angus avec roquette et scamorza fum\u00e9.<\/p>\n","protected":false},"excerpt":{"rendered":"<p><strong>Vigneron : <\/strong><br \/>\nColli della Murgia<\/p>\n<p><strong>Appellation : <\/strong><br \/>\nPuglia<\/p>\n<p><strong>R\u00e9gion : <\/strong><br \/>\nPuglia \/ Italie<\/p>\n","protected":false},"featured_media":6522,"comment_status":"open","ping_status":"closed","template":"","meta":[],"product_brand":[],"product_cat":[25],"product_tag":[],"class_list":{"0":"post-6521","1":"product","2":"type-product","3":"status-publish","4":"has-post-thumbnail","6":"product_cat-vin-rouge","8":"first","9":"instock","10":"taxable","11":"shipping-taxable","12":"purchasable","13":"product-type-simple"},"group_of_quantity":6,"min_quantity":0,"max_quantity":"","exclude_order_quantity_value_rules":"no","exclude_category_quantity_rules":"no","combine_variations":"no","_links":{"self":[{"href":"https:\/\/www.vinquotidien.com\/fr\/wp-json\/wp\/v2\/product\/6521","targetHints":{"allow":["GET"]}}],"collection":[{"href":"https:\/\/www.vinquotidien.com\/fr\/wp-json\/wp\/v2\/product"}],"about":[{"href":"https:\/\/www.vinquotidien.com\/fr\/wp-json\/wp\/v2\/types\/product"}],"replies":[{"embeddable":true,"href":"https:\/\/www.vinquotidien.com\/fr\/wp-json\/wp\/v2\/comments?post=6521"}],"wp:featuredmedia":[{"embeddable":true,"href":"https:\/\/www.vinquotidien.com\/fr\/wp-json\/wp\/v2\/media\/6522"}],"wp:attachment":[{"href":"https:\/\/www.vinquotidien.com\/fr\/wp-json\/wp\/v2\/media?parent=6521"}],"wp:term":[{"taxonomy":"product_brand","embeddable":true,"href":"https:\/\/www.vinquotidien.com\/fr\/wp-json\/wp\/v2\/product_brand?post=6521"},{"taxonomy":"product_cat","embeddable":true,"href":"https:\/\/www.vinquotidien.com\/fr\/wp-json\/wp\/v2\/product_cat?post=6521"},{"taxonomy":"product_tag","embeddable":true,"href":"https:\/\/www.vinquotidien.com\/fr\/wp-json\/wp\/v2\/product_tag?post=6521"}],"curies":[{"name":"wp","href":"https:\/\/api.w.org\/{rel}","templated":true}]}}