{"id":6534,"date":"2023-08-25T16:44:12","date_gmt":"2023-08-25T14:44:12","guid":{"rendered":"https:\/\/www.vinquotidien.com\/?post_type=product&#038;p=6534"},"modified":"2025-03-24T15:31:29","modified_gmt":"2025-03-24T14:31:29","slug":"leone-rosso-orcia-donatella-cinelli-colombini","status":"publish","type":"product","link":"https:\/\/www.vinquotidien.com\/fr\/produit\/leone-rosso-orcia-donatella-cinelli-colombini\/","title":{"rendered":"Leone Rosso &#8211; Orcia &#8211; Donatella Cinelli Colombini"},"content":{"rendered":"<p><strong>Vigneron : <\/strong><br \/>\nDonatella Cinelli Colombini<\/p>\n<p><strong>Appellation : <\/strong><br \/>\nOrcia DOC<\/p>\n<p><strong>R\u00e9gion : <\/strong><br \/>\nToscane \/ Italie<\/p>\n<p><strong>Et le vin :<\/strong><br \/>\nC\u00e9pages : 60% Sangiovese, 40% Merlot<br \/>\nLe lion rampant est le symbole des anc\u00eatres de Donatella Cinelli Colombini qui construisirent la Fattoria del Colle en 1592.<br \/>\nLa r\u00e9gion viticole DOC Orcia est situ\u00e9e dans la zone vallonn\u00e9e entre les vignobles Brunello et Vino Nobile de Montepulciano<br \/>\nSol : pr\u00e9dominance de sables et argiles marines.<br \/>\nVendanges manuelles, avec une s\u00e9lection rigoureuse des grappes, entre mi-septembre et mi-octobre.<br \/>\nLes raisins sont r\u00e9colt\u00e9s, vinifi\u00e9s et \u00e9lev\u00e9s s\u00e9par\u00e9ment pendant quelques mois en petits f\u00fbts de ch\u00eane. L&rsquo;assemblage des deux c\u00e9pages a lieu uniquement lorsque les vins sont pr\u00eats, juste avant la mise en bouteille.<\/p>\n<p><strong>Et dans le verre&#8230;<\/strong><br \/>\nRobe rubis aux reflets violac\u00e9s<br \/>\nNez fin, assez vineux avec des ar\u00f4mes de petits fruits rouges et des notes plus \u00e9pic\u00e9es<br \/>\nBouche harmonieux et douce \u00e0 la structure tannique et acide bien \u00e9quilibr\u00e9e par un fruit ent\u00eatant.<\/p>\n<p><strong>Accords Mets &amp; Vins : <\/strong><br \/>\nCapable d\u2019accompagner tout un repas des charcuteries aux fromages en passant par les viandes<\/p>\n","protected":false},"excerpt":{"rendered":"<p><strong>Vigneron : <\/strong><br \/>\nDonatella Cinelli Colombini<\/p>\n<p><strong>Appellation : <\/strong><br \/>\nOrcia DOC<\/p>\n<p><strong>R\u00e9gion : <\/strong><br \/>\nToscane \/ Italie<\/p>\n","protected":false},"featured_media":6535,"comment_status":"open","ping_status":"closed","template":"","meta":[],"product_brand":[],"product_cat":[25],"product_tag":[],"class_list":{"0":"post-6534","1":"product","2":"type-product","3":"status-publish","4":"has-post-thumbnail","6":"product_cat-vin-rouge","8":"first","9":"instock","10":"taxable","11":"shipping-taxable","12":"purchasable","13":"product-type-simple"},"group_of_quantity":6,"min_quantity":0,"max_quantity":"","exclude_order_quantity_value_rules":"no","exclude_category_quantity_rules":"no","combine_variations":"no","_links":{"self":[{"href":"https:\/\/www.vinquotidien.com\/fr\/wp-json\/wp\/v2\/product\/6534","targetHints":{"allow":["GET"]}}],"collection":[{"href":"https:\/\/www.vinquotidien.com\/fr\/wp-json\/wp\/v2\/product"}],"about":[{"href":"https:\/\/www.vinquotidien.com\/fr\/wp-json\/wp\/v2\/types\/product"}],"replies":[{"embeddable":true,"href":"https:\/\/www.vinquotidien.com\/fr\/wp-json\/wp\/v2\/comments?post=6534"}],"wp:featuredmedia":[{"embeddable":true,"href":"https:\/\/www.vinquotidien.com\/fr\/wp-json\/wp\/v2\/media\/6535"}],"wp:attachment":[{"href":"https:\/\/www.vinquotidien.com\/fr\/wp-json\/wp\/v2\/media?parent=6534"}],"wp:term":[{"taxonomy":"product_brand","embeddable":true,"href":"https:\/\/www.vinquotidien.com\/fr\/wp-json\/wp\/v2\/product_brand?post=6534"},{"taxonomy":"product_cat","embeddable":true,"href":"https:\/\/www.vinquotidien.com\/fr\/wp-json\/wp\/v2\/product_cat?post=6534"},{"taxonomy":"product_tag","embeddable":true,"href":"https:\/\/www.vinquotidien.com\/fr\/wp-json\/wp\/v2\/product_tag?post=6534"}],"curies":[{"name":"wp","href":"https:\/\/api.w.org\/{rel}","templated":true}]}}