{"id":6543,"date":"2023-08-25T18:04:06","date_gmt":"2023-08-25T16:04:06","guid":{"rendered":"https:\/\/www.vinquotidien.com\/?post_type=product&#038;p=6543"},"modified":"2025-06-23T08:27:18","modified_gmt":"2025-06-23T06:27:18","slug":"valpolicella-classico-superiore-ripasso-monte-del-fra","status":"publish","type":"product","link":"https:\/\/www.vinquotidien.com\/fr\/produit\/valpolicella-classico-superiore-ripasso-monte-del-fra\/","title":{"rendered":"Valpolicella Classico Superiore Ripasso &#8211; Monte Del Fra"},"content":{"rendered":"<p><strong>Vigneron : <\/strong><br \/>\nMonte Del Fra<\/p>\n<p><strong>Appellation : <\/strong><br \/>\nValpolicella Classico Superiore<\/p>\n<p><strong>R\u00e9gion : <\/strong><br \/>\nVenetie \/ Italie<\/p>\n<p><strong>Et le vin&#8230;<\/strong><br \/>\nC\u00e9pages : Corvina Veronese et Corvinone, Rondinella<br \/>\nIssu du vignoble Lena di Mezzo situ\u00e9 \u00e0 Fumane au coeur du Valpolicella au nord de V\u00e9rone. Il s&rsquo;\u00e9l\u00e8ve \u00e0 une altitude comprise entre 250 et 450 m\u00e8tres d&rsquo;altitude sur un sol tuf\u00e9, argileux et calcaire.<br \/>\nLes raisins sont \u00e9grapp\u00e9s avant un pressurage doux. La fermentation alcoolique se d\u00e9roule en cuve inox avec pigeage quotidien.<br \/>\nL&rsquo;appellation Ripasso (litt\u00e9ralement \u00ab\u00a0repasse\u00a0\u00bb) d\u00e9signe une seconde fermentation sur des lies d&rsquo;Amarone<br \/>\nSuite \u00e0 la fermentation malolactique le vin est \u00e9lev\u00e9 pendant au moins 20 mois en grands f\u00fbts de 30 hl, avant la mise en bouteille et un second \u00e9levage pendant 5\/6 mois avant d\u2019\u00eatre mis en vente.<\/p>\n<p><strong>Et dans le verre&#8230;<\/strong><br \/>\nRobe rouge rubis profond.<br \/>\nNez intense de cerises \u00e0 l\u2019alcool, prunes, petits fruits rouges, r\u00e9glisse, tabac et des notes de poivre noir et de cannelle.<br \/>\nEn bouche le vin est tendu malgr\u00e9 sa petite douceur, la structure est harmonieuse et les ar\u00f4mes complexes avec une longue finale tr\u00e8s enthousiasmante.<\/p>\n<p><strong>Accords Mets &amp; Vins : <\/strong><br \/>\nSuperbe avec un beau plateau de fromages affin\u00e9s<\/p>\n","protected":false},"excerpt":{"rendered":"<p><strong>Vigneron : <\/strong><br \/>\nMonte Del Fra<\/p>\n<p><strong>Appellation : <\/strong><br \/>\nValpolicella Classico Superiore<\/p>\n<p><strong>R\u00e9gion : <\/strong><br \/>\nVenetie \/ Italie<\/p>\n","protected":false},"featured_media":6544,"comment_status":"open","ping_status":"closed","template":"","meta":[],"product_brand":[],"product_cat":[25],"product_tag":[],"class_list":{"0":"post-6543","1":"product","2":"type-product","3":"status-publish","4":"has-post-thumbnail","6":"product_cat-vin-rouge","8":"first","9":"instock","10":"taxable","11":"shipping-taxable","12":"purchasable","13":"product-type-simple"},"group_of_quantity":6,"min_quantity":0,"max_quantity":"","exclude_order_quantity_value_rules":"no","exclude_category_quantity_rules":"no","combine_variations":"no","_links":{"self":[{"href":"https:\/\/www.vinquotidien.com\/fr\/wp-json\/wp\/v2\/product\/6543","targetHints":{"allow":["GET"]}}],"collection":[{"href":"https:\/\/www.vinquotidien.com\/fr\/wp-json\/wp\/v2\/product"}],"about":[{"href":"https:\/\/www.vinquotidien.com\/fr\/wp-json\/wp\/v2\/types\/product"}],"replies":[{"embeddable":true,"href":"https:\/\/www.vinquotidien.com\/fr\/wp-json\/wp\/v2\/comments?post=6543"}],"wp:featuredmedia":[{"embeddable":true,"href":"https:\/\/www.vinquotidien.com\/fr\/wp-json\/wp\/v2\/media\/6544"}],"wp:attachment":[{"href":"https:\/\/www.vinquotidien.com\/fr\/wp-json\/wp\/v2\/media?parent=6543"}],"wp:term":[{"taxonomy":"product_brand","embeddable":true,"href":"https:\/\/www.vinquotidien.com\/fr\/wp-json\/wp\/v2\/product_brand?post=6543"},{"taxonomy":"product_cat","embeddable":true,"href":"https:\/\/www.vinquotidien.com\/fr\/wp-json\/wp\/v2\/product_cat?post=6543"},{"taxonomy":"product_tag","embeddable":true,"href":"https:\/\/www.vinquotidien.com\/fr\/wp-json\/wp\/v2\/product_tag?post=6543"}],"curies":[{"name":"wp","href":"https:\/\/api.w.org\/{rel}","templated":true}]}}