{"id":6706,"date":"2023-11-27T20:59:18","date_gmt":"2023-11-27T19:59:18","guid":{"rendered":"https:\/\/www.vinquotidien.com\/?post_type=product&#038;p=6706"},"modified":"2025-03-24T15:29:40","modified_gmt":"2025-03-24T14:29:40","slug":"encierro-tempranillo-2022-vino-de-mesa-les-passeurs-de-vins","status":"publish","type":"product","link":"https:\/\/www.vinquotidien.com\/fr\/produit\/encierro-tempranillo-2022-vino-de-mesa-les-passeurs-de-vins\/","title":{"rendered":"Encierro Tempranillo 2023 &#8211; Vino de Mesa &#8211; Les Passeurs de Vins"},"content":{"rendered":"<p><strong>Vigneron : <\/strong><br \/>\nLes Passeurs de Vins \/ Lionel Osmin &amp; Imanol Harinordoquy<\/p>\n<p><strong>Appellation : <\/strong><br \/>\nVino de Mesa<\/p>\n<p><strong>R\u00e9gion :<\/strong><br \/>\nLa Mancha \/ Espagne<\/p>\n<p><strong>Et le vin :<\/strong><br \/>\nC\u00e9pages : 100% Tempranillo, appel\u00e9 Cencibel dans la r\u00e9gion<br \/>\nTerroir: vignes d\u2019environ 20 ans, plant\u00e9es dans la zone semi-aride de la Mancha \u00e0 altitude \u00e9lev\u00e9e de 450 \u00e0 700m. Conduite en agriculture biologique, climat continental chaud et sec.<br \/>\nVinification : Vendange \u00e0 pleine maturit\u00e9 pour garder un style frais et peu alcooleux. Fermentations en cuves thermor\u00e9gul\u00e9es et \u00e9levage assez court permettant le plein d\u00e9veloppement de la palette aromatique des raisins.<\/p>\n<p><strong>Et dans le verre :<\/strong><br \/>\nRobe rouge brillante et soutenue<br \/>\nNez aux ar\u00f4mes fruit\u00e9s de m\u00fbre et de belles notes florales avec de l\u00e9g\u00e8res notes fum\u00e9es.<br \/>\nBouche souple, terriblement juteuse et gourmande.<br \/>\nUn vin tr\u00e8s agr\u00e9able et accessible car peu alcoolis\u00e9.<\/p>\n<p><strong>Accords Mets &amp; Vins : <\/strong><br \/>\nSans h\u00e9siter les Tapas !<\/p>\n","protected":false},"excerpt":{"rendered":"<p><strong>Vigneron : <\/strong><br \/>\nLes Passeurs de Vins \/ Lionel Osmin &amp; Imanol Harinordoquy<\/p>\n<p><strong>Appellation : <\/strong><br \/>\nVino de Mesa<\/p>\n<p><strong>R\u00e9gion :<\/strong><br \/>\nLa Mancha \/ Espagne<\/p>\n","protected":false},"featured_media":6707,"comment_status":"open","ping_status":"closed","template":"","meta":[],"product_brand":[],"product_cat":[25],"product_tag":[],"class_list":{"0":"post-6706","1":"product","2":"type-product","3":"status-publish","4":"has-post-thumbnail","6":"product_cat-vin-rouge","8":"first","9":"instock","10":"taxable","11":"shipping-taxable","12":"purchasable","13":"product-type-simple"},"group_of_quantity":6,"min_quantity":0,"max_quantity":"","exclude_order_quantity_value_rules":"no","exclude_category_quantity_rules":"no","combine_variations":"no","_links":{"self":[{"href":"https:\/\/www.vinquotidien.com\/fr\/wp-json\/wp\/v2\/product\/6706","targetHints":{"allow":["GET"]}}],"collection":[{"href":"https:\/\/www.vinquotidien.com\/fr\/wp-json\/wp\/v2\/product"}],"about":[{"href":"https:\/\/www.vinquotidien.com\/fr\/wp-json\/wp\/v2\/types\/product"}],"replies":[{"embeddable":true,"href":"https:\/\/www.vinquotidien.com\/fr\/wp-json\/wp\/v2\/comments?post=6706"}],"wp:featuredmedia":[{"embeddable":true,"href":"https:\/\/www.vinquotidien.com\/fr\/wp-json\/wp\/v2\/media\/6707"}],"wp:attachment":[{"href":"https:\/\/www.vinquotidien.com\/fr\/wp-json\/wp\/v2\/media?parent=6706"}],"wp:term":[{"taxonomy":"product_brand","embeddable":true,"href":"https:\/\/www.vinquotidien.com\/fr\/wp-json\/wp\/v2\/product_brand?post=6706"},{"taxonomy":"product_cat","embeddable":true,"href":"https:\/\/www.vinquotidien.com\/fr\/wp-json\/wp\/v2\/product_cat?post=6706"},{"taxonomy":"product_tag","embeddable":true,"href":"https:\/\/www.vinquotidien.com\/fr\/wp-json\/wp\/v2\/product_tag?post=6706"}],"curies":[{"name":"wp","href":"https:\/\/api.w.org\/{rel}","templated":true}]}}