{"id":6710,"date":"2023-11-27T21:11:19","date_gmt":"2023-11-27T20:11:19","guid":{"rendered":"https:\/\/www.vinquotidien.com\/?post_type=product&#038;p=6710"},"modified":"2025-04-16T14:48:16","modified_gmt":"2025-04-16T12:48:16","slug":"le-carre-de-pees-2022-jurancon-sec-clos-de-la-vierge","status":"publish","type":"product","link":"https:\/\/www.vinquotidien.com\/fr\/produit\/le-carre-de-pees-2022-jurancon-sec-clos-de-la-vierge\/","title":{"rendered":"Le Carr\u00e9 de Pr\u00e8s 2022 &#8211; Juran\u00e7on sec &#8211; Clos de la Vierge"},"content":{"rendered":"<p><strong>Vigneron : <\/strong><br \/>\nClos de la Vierge\/ Lionel Osmin<\/p>\n<p><strong>Appellation : <\/strong><br \/>\nJuran\u00e7on sec<\/p>\n<p><strong>R\u00e9gion :<\/strong><br \/>\nSud-Ouest<\/p>\n<p><strong>Et le vin : <\/strong><br \/>\nC\u00e9page : 100% Gros Manseng<br \/>\nTerroir : Parcelles sur les communes de Lahourcade &amp; Cuqueron, sur le terroir de Monein.<br \/>\nParcelles sous influences oc\u00e9aniques b\u00e9n\u00e9ficiant des vents du sud.<br \/>\nSuperficie du domaine: 15 ha.<br \/>\nR\u00e9colte manuelle. Pressurage pneumatique doux, fermentation \u00e0 temp\u00e9rature maitris\u00e9e, suivie de 2 mois de b\u00e2tonnage sur lies. Elevage en cuves b\u00e9ton et inox.<\/p>\n<p><strong>Et dans le verre :<\/strong><br \/>\nCouleur claire aux reflets verts.<br \/>\nNez domin\u00e9 par des ar\u00f4mes de fruits exotiques et des notes d&rsquo;agrumes.<br \/>\nBouche ample et fraiche aux notes de vanille, de p\u00eache blanche et d&rsquo;agrumes offrant une belle persistance en bouche.<br \/>\nUn v\u00e9ritable blanc de gastronomie.<\/p>\n<p><strong>Accords Mets &amp; Vins : <\/strong><br \/>\nEtonnant avec les poissons fum\u00e9s, tr\u00e8s joli avec les crustac\u00e9s et poissons en sauce.<br \/>\nTest\u00e9 et approuv\u00e9 avec un Bleu des Causses bien affin\u00e9s.<\/p>\n","protected":false},"excerpt":{"rendered":"<p><strong>Vigneron : <\/strong><br \/>\nClos de la Vierge\/ Lionel Osmin<\/p>\n<p><strong>Appellation : <\/strong><br \/>\nJuran\u00e7on sec<\/p>\n<p><strong>R\u00e9gion :<\/strong><br \/>\nSud-Ouest<\/p>\n","protected":false},"featured_media":6711,"comment_status":"open","ping_status":"closed","template":"","meta":[],"product_brand":[],"product_cat":[26],"product_tag":[],"class_list":{"0":"post-6710","1":"product","2":"type-product","3":"status-publish","4":"has-post-thumbnail","6":"product_cat-vin-blanc","8":"first","9":"instock","10":"taxable","11":"shipping-taxable","12":"purchasable","13":"product-type-simple"},"group_of_quantity":6,"min_quantity":0,"max_quantity":"","exclude_order_quantity_value_rules":"no","exclude_category_quantity_rules":"no","combine_variations":"no","_links":{"self":[{"href":"https:\/\/www.vinquotidien.com\/fr\/wp-json\/wp\/v2\/product\/6710","targetHints":{"allow":["GET"]}}],"collection":[{"href":"https:\/\/www.vinquotidien.com\/fr\/wp-json\/wp\/v2\/product"}],"about":[{"href":"https:\/\/www.vinquotidien.com\/fr\/wp-json\/wp\/v2\/types\/product"}],"replies":[{"embeddable":true,"href":"https:\/\/www.vinquotidien.com\/fr\/wp-json\/wp\/v2\/comments?post=6710"}],"wp:featuredmedia":[{"embeddable":true,"href":"https:\/\/www.vinquotidien.com\/fr\/wp-json\/wp\/v2\/media\/6711"}],"wp:attachment":[{"href":"https:\/\/www.vinquotidien.com\/fr\/wp-json\/wp\/v2\/media?parent=6710"}],"wp:term":[{"taxonomy":"product_brand","embeddable":true,"href":"https:\/\/www.vinquotidien.com\/fr\/wp-json\/wp\/v2\/product_brand?post=6710"},{"taxonomy":"product_cat","embeddable":true,"href":"https:\/\/www.vinquotidien.com\/fr\/wp-json\/wp\/v2\/product_cat?post=6710"},{"taxonomy":"product_tag","embeddable":true,"href":"https:\/\/www.vinquotidien.com\/fr\/wp-json\/wp\/v2\/product_tag?post=6710"}],"curies":[{"name":"wp","href":"https:\/\/api.w.org\/{rel}","templated":true}]}}