{"id":6727,"date":"2023-11-29T13:17:24","date_gmt":"2023-11-29T12:17:24","guid":{"rendered":"https:\/\/www.vinquotidien.com\/?post_type=product&#038;p=6727"},"modified":"2025-11-13T15:08:56","modified_gmt":"2025-11-13T14:08:56","slug":"le-pack-fetes-parfait-pour-les-reveillons-%f0%9f%8e%84","status":"publish","type":"product","link":"https:\/\/www.vinquotidien.com\/fr\/produit\/le-pack-fetes-parfait-pour-les-reveillons-%f0%9f%8e%84\/","title":{"rendered":"La Box F\u00eates (pour toutes occasions)"},"content":{"rendered":"<p><strong>La Box F\u00eates (pour toutes occasions)<\/strong><br \/>\n<strong>Parfait pour 6 \u00e0 12 personnes<\/strong><br \/>\n<strong>110\u20ac pour 6 bouteilles de vin \u00e0 d\u00e9guster :<\/strong><\/p>\n<p><strong>\u00ab\u00a0Sur le Fil\u00a0\u00bb &#8211; M\u00e2con-La Roche-Vineuse &#8211; Domaine des Deux Roches (2 bouteilles)<\/strong><br \/>\n<strong>Et le vin\u2026<\/strong><br \/>\n100% Chardonnay<strong><br \/>\nEt dans le verre\u2026<\/strong><br \/>\nRobe jaune dor\u00e9e concentr\u00e9e et ferme<br \/>\nNez complexe de fleur de vigne mari\u00e9s \u00e0 la fra\u00eecheur du poivre blanc<br \/>\nLa bouche est ample, grasse et juteuse et riche de saveurs avec un plaisir constant du d\u00e9but \u00e0 la fin<\/p>\n<p><strong>Le Temps est Venu\u00a0\u00bb &#8211; St\u00e9phane Ogier &#8211; C\u00f4tes du Rh\u00f4ne rouge (2 bouteilles)<\/strong><br \/>\n<strong>Et le vin\u2026<br \/>\n<\/strong>60% Grenache, 35% Syrah, 5% Mourv\u00e8dre,\u00a0 \u00e2ge du vignoble de 30 \u00e0 50 ans<br \/>\nTerroirs : Sol de cailloutis calcaires sur argiles bleues<br \/>\n<strong>Et dans le verre\u2026<\/strong><br \/>\nBelle robe rubis, claire et limpide<br \/>\nNez de notes de cassis, de cerise noire et de violette<br \/>\nBouche \u00e9quilibr\u00e9e et riche, beaucoup de fra\u00eecheur et de personnalit\u00e9<br \/>\nFinale \u00e9pic\u00e9e, l\u00e9g\u00e8rement bois\u00e9e et tr\u00e8s r\u00e9ussie<\/p>\n<p><strong>Champagne Monial \u00ab\u00a0Libera Me\u00a0\u00bb Brut Blanc de Noir (2 bouteilles)<\/strong><br \/>\n<strong>Et le vin\u2026<\/strong><br \/>\n100% Pinot Noir<br \/>\nSol argilo-calcaire typique de la C\u00f4te des Bar<br \/>\n<strong>Et dans le verre\u2026<\/strong><br \/>\nRobe dor\u00e9e intense, bulles tr\u00e8s fines<br \/>\nNez subtil d\u2019agrumes \u00e9voluant vers le beurre, le caramel, la pomme m\u00fbre.<br \/>\nBouche tout en \u00e9l\u00e9gance, ample, concentr\u00e9e et assez longue, \u00e9voquant les fruits compot\u00e9s.<\/p>\n","protected":false},"excerpt":{"rendered":"<p><strong>La formule id\u00e9ale pour toutes vos occasions festives, au meilleur rapport qualit\u00e9-prix-plaisir<\/strong><\/p>\n<p>Cette Box contient 6 bouteilles de vin (3\u00d72)<br \/>\nD\u00e9couvrez dans notre description toutes les caract\u00e9ristiques de ces vins exceptionnels<\/p>\n","protected":false},"featured_media":7244,"comment_status":"open","ping_status":"closed","template":"","meta":[],"product_brand":[],"product_cat":[71],"product_tag":[],"class_list":{"0":"post-6727","1":"product","2":"type-product","3":"status-publish","4":"has-post-thumbnail","6":"product_cat-pack","8":"first","9":"instock","10":"taxable","11":"shipping-taxable","12":"purchasable","13":"product-type-simple"},"group_of_quantity":1,"min_quantity":0,"max_quantity":"","exclude_order_quantity_value_rules":"yes","exclude_category_quantity_rules":"no","combine_variations":"no","_links":{"self":[{"href":"https:\/\/www.vinquotidien.com\/fr\/wp-json\/wp\/v2\/product\/6727","targetHints":{"allow":["GET"]}}],"collection":[{"href":"https:\/\/www.vinquotidien.com\/fr\/wp-json\/wp\/v2\/product"}],"about":[{"href":"https:\/\/www.vinquotidien.com\/fr\/wp-json\/wp\/v2\/types\/product"}],"replies":[{"embeddable":true,"href":"https:\/\/www.vinquotidien.com\/fr\/wp-json\/wp\/v2\/comments?post=6727"}],"wp:featuredmedia":[{"embeddable":true,"href":"https:\/\/www.vinquotidien.com\/fr\/wp-json\/wp\/v2\/media\/7244"}],"wp:attachment":[{"href":"https:\/\/www.vinquotidien.com\/fr\/wp-json\/wp\/v2\/media?parent=6727"}],"wp:term":[{"taxonomy":"product_brand","embeddable":true,"href":"https:\/\/www.vinquotidien.com\/fr\/wp-json\/wp\/v2\/product_brand?post=6727"},{"taxonomy":"product_cat","embeddable":true,"href":"https:\/\/www.vinquotidien.com\/fr\/wp-json\/wp\/v2\/product_cat?post=6727"},{"taxonomy":"product_tag","embeddable":true,"href":"https:\/\/www.vinquotidien.com\/fr\/wp-json\/wp\/v2\/product_tag?post=6727"}],"curies":[{"name":"wp","href":"https:\/\/api.w.org\/{rel}","templated":true}]}}