{"id":6739,"date":"2023-12-04T11:16:46","date_gmt":"2023-12-04T10:16:46","guid":{"rendered":"https:\/\/www.vinquotidien.com\/?post_type=product&#038;p=6739"},"modified":"2025-03-24T15:29:00","modified_gmt":"2025-03-24T14:29:00","slug":"chateau-de-bastard-2018-sauternes-demi-375cl","status":"publish","type":"product","link":"https:\/\/www.vinquotidien.com\/fr\/produit\/chateau-de-bastard-2018-sauternes-demi-375cl\/","title":{"rendered":"Ch\u00e2teau De Bastard 2018 &#8211; Sauternes &#8211; Demi 37,5cl"},"content":{"rendered":"<p><strong>Vigneron : <\/strong><br \/>\nCh\u00e2teau De Bastard<\/p>\n<p><strong>Appellation : <\/strong><br \/>\nSauternes<\/p>\n<p><strong>R\u00e9gion :<\/strong><br \/>\nBordeaux<\/p>\n<p><strong>Et le vin : <\/strong><br \/>\nC\u00e9pages: 90% S\u00e9millon, 10% Sauvignon blanc, vignes de \u00e0 25-45 ans.<br \/>\nTerroir : 6 ha en 9 ilots sur la commune de Preignac tel que \u00ab Les Remparts \u00bb (argilo-sableux), \u00ab Medudon \u00bb (sable-graveleux) ou encore \u00ab Le Violet \u00bb ou \u00ab Tucau de la Rose \u00bb (graveleux).<br \/>\nVendanges manuelle, en 3 tries successives. Fermentation en cuves inox. \u00c9levage sur lies avec de b\u00e2tonnage hebdomadaire en barriques bordelaise de ch\u00eane fran\u00e7ais et d\u2019acacia.<br \/>\nSucre r\u00e9siduel : 137 g\/l<\/p>\n<p><strong>Et dans le verre :<\/strong><br \/>\nBelle robe dor\u00e9e, profonde et soutenue.<br \/>\nNez domin\u00e9 par des ar\u00f4mes de p\u00eache, de poire, de miel et de vanille, sans oublier les fruits confits.<br \/>\nBouche souple et soyeuse, joliment concentr\u00e9e dans la trame des ar\u00f4mes du nez.<br \/>\nJolie longueur et persistance pour un palais tout en fra\u00eecheur.<\/p>\n<p><strong>Accords Mets &amp; Vins : <\/strong><br \/>\nParfait avec le Foie gras ou les fromages bleus. Et pourquoi pas \u00e0 l\u2019ap\u00e9ritif ?<\/p>\n","protected":false},"excerpt":{"rendered":"<p><strong>Vigneron : <\/strong><br \/>\nCh\u00e2teau De Bastard<\/p>\n<p><strong>Appellation : <\/strong><br \/>\nSauternes<\/p>\n<p><strong>R\u00e9gion :<\/strong><br \/>\nBordeaux<\/p>\n","protected":false},"featured_media":6740,"comment_status":"open","ping_status":"closed","template":"","meta":[],"product_brand":[],"product_cat":[26],"product_tag":[],"class_list":{"0":"post-6739","1":"product","2":"type-product","3":"status-publish","4":"has-post-thumbnail","6":"product_cat-vin-blanc","8":"first","9":"instock","10":"taxable","11":"shipping-taxable","12":"purchasable","13":"product-type-simple"},"group_of_quantity":6,"min_quantity":0,"max_quantity":"","exclude_order_quantity_value_rules":"no","exclude_category_quantity_rules":"no","combine_variations":"no","_links":{"self":[{"href":"https:\/\/www.vinquotidien.com\/fr\/wp-json\/wp\/v2\/product\/6739","targetHints":{"allow":["GET"]}}],"collection":[{"href":"https:\/\/www.vinquotidien.com\/fr\/wp-json\/wp\/v2\/product"}],"about":[{"href":"https:\/\/www.vinquotidien.com\/fr\/wp-json\/wp\/v2\/types\/product"}],"replies":[{"embeddable":true,"href":"https:\/\/www.vinquotidien.com\/fr\/wp-json\/wp\/v2\/comments?post=6739"}],"wp:featuredmedia":[{"embeddable":true,"href":"https:\/\/www.vinquotidien.com\/fr\/wp-json\/wp\/v2\/media\/6740"}],"wp:attachment":[{"href":"https:\/\/www.vinquotidien.com\/fr\/wp-json\/wp\/v2\/media?parent=6739"}],"wp:term":[{"taxonomy":"product_brand","embeddable":true,"href":"https:\/\/www.vinquotidien.com\/fr\/wp-json\/wp\/v2\/product_brand?post=6739"},{"taxonomy":"product_cat","embeddable":true,"href":"https:\/\/www.vinquotidien.com\/fr\/wp-json\/wp\/v2\/product_cat?post=6739"},{"taxonomy":"product_tag","embeddable":true,"href":"https:\/\/www.vinquotidien.com\/fr\/wp-json\/wp\/v2\/product_tag?post=6739"}],"curies":[{"name":"wp","href":"https:\/\/api.w.org\/{rel}","templated":true}]}}