{"id":6839,"date":"2024-03-22T11:50:49","date_gmt":"2024-03-22T10:50:49","guid":{"rendered":"https:\/\/www.vinquotidien.com\/?post_type=product&#038;p=6839"},"modified":"2026-03-11T10:17:21","modified_gmt":"2026-03-11T09:17:21","slug":"montmajou-saint-chinian-domaine-les-eminades","status":"publish","type":"product","link":"https:\/\/www.vinquotidien.com\/fr\/produit\/montmajou-saint-chinian-domaine-les-eminades\/","title":{"rendered":"Montmajou 2024, Saint-Chinian, Domaine Les Eminades"},"content":{"rendered":"<p><strong>Vigneron : <\/strong><br \/>\nDomaine Les Eminades<\/p>\n<p><strong>Appellation : <\/strong><br \/>\nSaint-Chinian<\/p>\n<p><strong>R\u00e9gion :<\/strong><br \/>\nLanguedoc<\/p>\n<p><strong>Et le vin : <\/strong><br \/>\nC\u00e9pages: 80% Grenache Blanc, 20% Marsanne.<br \/>\nTerroir : Sol argilo-calcaire. Altitude entre 220m et 300m.<br \/>\nVinification : vendanges manuelles en cagettes avec tri rigoureux.<br \/>\nPressurage direct, d\u00e9bourbage, fermentation spontan\u00e9e, entonnage rapide.<br \/>\nElevage de 11 mois sur lies et en f\u00fbts avant mise en bouteilles au Domaine.<\/p>\n<p><strong>Et dans le verre :<\/strong><br \/>\nRobe jaune p\u00e2le avec des reflets gris.<br \/>\nNez de fruits blancs (poire et p\u00eache), d&rsquo;amande, de fenouil, des notes min\u00e9rales de pierre \u00e0 fusil et des fragrances l\u00e9g\u00e8rement grill\u00e9es.<br \/>\nBouche fra\u00eeche et \u00e9l\u00e9gante d\u2019une belle amplitude g\u00e9n\u00e9reuse et \u00e9quilibr\u00e9e. Belles notes min\u00e9rales typ\u00e9es du plateau calcaire du Montmajou.<\/p>\n<p><strong>Accords Mets &amp; Vins : <\/strong><br \/>\nA boire avec des fromages, poissons grill\u00e9es ou d\u00e8s l\u2019ap\u00e9ritif.<\/p>\n","protected":false},"excerpt":{"rendered":"<p><strong>Vigneron : <\/strong><br \/>\nDomaine Les Eminades<\/p>\n<p><strong>Appellation : <\/strong><br \/>\nSaint-Chinian<\/p>\n<p><strong>R\u00e9gion :<\/strong><br \/>\nLanguedoc<\/p>\n","protected":false},"featured_media":6840,"comment_status":"open","ping_status":"closed","template":"","meta":[],"product_brand":[],"product_cat":[26],"product_tag":[],"class_list":{"0":"post-6839","1":"product","2":"type-product","3":"status-publish","4":"has-post-thumbnail","6":"product_cat-vin-blanc","8":"first","9":"instock","10":"taxable","11":"shipping-taxable","12":"purchasable","13":"product-type-simple"},"group_of_quantity":6,"min_quantity":0,"max_quantity":"","exclude_order_quantity_value_rules":"no","exclude_category_quantity_rules":"no","combine_variations":"no","_links":{"self":[{"href":"https:\/\/www.vinquotidien.com\/fr\/wp-json\/wp\/v2\/product\/6839","targetHints":{"allow":["GET"]}}],"collection":[{"href":"https:\/\/www.vinquotidien.com\/fr\/wp-json\/wp\/v2\/product"}],"about":[{"href":"https:\/\/www.vinquotidien.com\/fr\/wp-json\/wp\/v2\/types\/product"}],"replies":[{"embeddable":true,"href":"https:\/\/www.vinquotidien.com\/fr\/wp-json\/wp\/v2\/comments?post=6839"}],"wp:featuredmedia":[{"embeddable":true,"href":"https:\/\/www.vinquotidien.com\/fr\/wp-json\/wp\/v2\/media\/6840"}],"wp:attachment":[{"href":"https:\/\/www.vinquotidien.com\/fr\/wp-json\/wp\/v2\/media?parent=6839"}],"wp:term":[{"taxonomy":"product_brand","embeddable":true,"href":"https:\/\/www.vinquotidien.com\/fr\/wp-json\/wp\/v2\/product_brand?post=6839"},{"taxonomy":"product_cat","embeddable":true,"href":"https:\/\/www.vinquotidien.com\/fr\/wp-json\/wp\/v2\/product_cat?post=6839"},{"taxonomy":"product_tag","embeddable":true,"href":"https:\/\/www.vinquotidien.com\/fr\/wp-json\/wp\/v2\/product_tag?post=6839"}],"curies":[{"name":"wp","href":"https:\/\/api.w.org\/{rel}","templated":true}]}}