{"id":6844,"date":"2024-03-22T12:23:20","date_gmt":"2024-03-22T11:23:20","guid":{"rendered":"https:\/\/www.vinquotidien.com\/?post_type=product&#038;p=6844"},"modified":"2025-03-24T15:27:15","modified_gmt":"2025-03-24T14:27:15","slug":"la-pierre-plantee-saint-chinian-domaine-les-eminades","status":"publish","type":"product","link":"https:\/\/www.vinquotidien.com\/fr\/produit\/la-pierre-plantee-saint-chinian-domaine-les-eminades\/","title":{"rendered":"La Pierre Plant\u00e9e 2022, Saint-Chinian, Domaine Les Eminades"},"content":{"rendered":"<p><strong>Vigneron : <\/strong><br \/>\nDomaine Les Eminades<\/p>\n<p><strong>Appellation : <\/strong><br \/>\nSaint-Chinian<\/p>\n<p><strong>R\u00e9gion :<\/strong><br \/>\nLanguedoc<\/p>\n<p><strong>Et le vin : <\/strong><br \/>\nC\u00e9pages: 50% Grenache, 30% Cinsault, 20% Syrah.<br \/>\nTerroir : Sol de galets roul\u00e9s. Altitude moyenne de 200m.<br \/>\nVinification : vendanges manuelles en cagettes avec tri rigoureux.<br \/>\nVinification traditionnelle en levures indig\u00e8nes, \u00e9grappage total et remontages.<br \/>\nElevage de 10 mois sur lies et en cuves b\u00e9ton avant mise en bouteilles au Domaine.<\/p>\n<p><strong>Et dans le verre :<\/strong><br \/>\nRobe rouge grenat, reflets violines.<br \/>\nNez de belles notes de fruits rouges et de fruits noirs frais : m\u00fbre, cassis, myrtilles et touche poivr\u00e9e \u00e9l\u00e9gante.<br \/>\nBouche finement \u00e9pic\u00e9e qui vient sublimer un volume en bouche rond et g\u00e9n\u00e9reux, dot\u00e9 de tanins caressants et soyeux.<\/p>\n<p><strong>Accords Mets &amp; Vins : <\/strong><br \/>\nPeut accompagner les grillades d&rsquo;agneau, une volaille r\u00f4tie, un ap\u00e9ritif dinatoire.<\/p>\n","protected":false},"excerpt":{"rendered":"<p><strong>Vigneron : <\/strong><br \/>\nDomaine Les Eminades<\/p>\n<p><strong>Appellation : <\/strong><br \/>\nSaint-Chinian<\/p>\n<p><strong>R\u00e9gion :<\/strong><br \/>\nLanguedoc<\/p>\n","protected":false},"featured_media":6845,"comment_status":"open","ping_status":"closed","template":"","meta":[],"product_brand":[],"product_cat":[25],"product_tag":[],"class_list":{"0":"post-6844","1":"product","2":"type-product","3":"status-publish","4":"has-post-thumbnail","6":"product_cat-vin-rouge","8":"first","9":"instock","10":"taxable","11":"shipping-taxable","12":"purchasable","13":"product-type-simple"},"group_of_quantity":6,"min_quantity":0,"max_quantity":"","exclude_order_quantity_value_rules":"no","exclude_category_quantity_rules":"no","combine_variations":"no","_links":{"self":[{"href":"https:\/\/www.vinquotidien.com\/fr\/wp-json\/wp\/v2\/product\/6844","targetHints":{"allow":["GET"]}}],"collection":[{"href":"https:\/\/www.vinquotidien.com\/fr\/wp-json\/wp\/v2\/product"}],"about":[{"href":"https:\/\/www.vinquotidien.com\/fr\/wp-json\/wp\/v2\/types\/product"}],"replies":[{"embeddable":true,"href":"https:\/\/www.vinquotidien.com\/fr\/wp-json\/wp\/v2\/comments?post=6844"}],"wp:featuredmedia":[{"embeddable":true,"href":"https:\/\/www.vinquotidien.com\/fr\/wp-json\/wp\/v2\/media\/6845"}],"wp:attachment":[{"href":"https:\/\/www.vinquotidien.com\/fr\/wp-json\/wp\/v2\/media?parent=6844"}],"wp:term":[{"taxonomy":"product_brand","embeddable":true,"href":"https:\/\/www.vinquotidien.com\/fr\/wp-json\/wp\/v2\/product_brand?post=6844"},{"taxonomy":"product_cat","embeddable":true,"href":"https:\/\/www.vinquotidien.com\/fr\/wp-json\/wp\/v2\/product_cat?post=6844"},{"taxonomy":"product_tag","embeddable":true,"href":"https:\/\/www.vinquotidien.com\/fr\/wp-json\/wp\/v2\/product_tag?post=6844"}],"curies":[{"name":"wp","href":"https:\/\/api.w.org\/{rel}","templated":true}]}}