{"id":6848,"date":"2024-03-22T15:01:05","date_gmt":"2024-03-22T14:01:05","guid":{"rendered":"https:\/\/www.vinquotidien.com\/?post_type=product&#038;p=6848"},"modified":"2025-08-18T19:05:09","modified_gmt":"2025-08-18T17:05:09","slug":"chaponniere-rully-rouge-domaine-ninot","status":"publish","type":"product","link":"https:\/\/www.vinquotidien.com\/fr\/produit\/chaponniere-rully-rouge-domaine-ninot\/","title":{"rendered":"Chaponni\u00e8re 2022, Rully rouge, Domaine Ninot"},"content":{"rendered":"<p><strong>Vigneron : <\/strong><br \/>\nDomaine Ninot<\/p>\n<p><strong>Appellation : <\/strong><br \/>\nRully<\/p>\n<p><strong>R\u00e9gion :<\/strong><br \/>\nBourgogne<\/p>\n<p><strong>Et le vin : <\/strong><br \/>\nC\u00e9page : 100% Pinot Noir, \u00e2ge moyen des vignes de 40 ans<br \/>\nTerroir : Climat pr\u00e8s du domaine, au pied de la montagne de Remenot.<br \/>\nSols argilo-calcaires, exposition Sud, Sud-Est.<br \/>\nVendanges manuelles, \u00e9raflage complet suivi de 4 \u00e0 5 jours de mac\u00e9ration \u00e0 froid.<br \/>\nLevures indig\u00e8nes, pigeages et remontages. Cuvaison de 15 jours.<br \/>\n\u00c9levage en f\u00fbts de ch\u00eane de 228L pendant 12 mois, 10% de f\u00fbts neufs. Non filtr\u00e9<\/p>\n<p><strong>Et dans le verre :<\/strong><br \/>\nRobe rubis cerise.<br \/>\nNez de petits fruits noirs et rouges composant un bouquet g\u00e9n\u00e9reux et gourmand.<br \/>\nBouche ample et fraiche. La cerise noire domine et les tanins sont croquants et \u00e9l\u00e9gants<\/p>\n<p><strong>Accords Mets &amp; Vins : <\/strong><br \/>\nCette cuv\u00e9e est parfaite \u00e0 l&rsquo;ap\u00e9ritif, accompagn\u00e9e de charcuterie ou de fromage.<\/p>\n","protected":false},"excerpt":{"rendered":"<p><strong>Vigneron : <\/strong><br \/>\nDomaine Ninot<\/p>\n<p><strong>Appellation : <\/strong><br \/>\nRully<\/p>\n<p><strong>R\u00e9gion :<\/strong><br \/>\nBourgogne<\/p>\n","protected":false},"featured_media":6849,"comment_status":"open","ping_status":"closed","template":"","meta":[],"product_brand":[],"product_cat":[25],"product_tag":[],"class_list":{"0":"post-6848","1":"product","2":"type-product","3":"status-publish","4":"has-post-thumbnail","6":"product_cat-vin-rouge","8":"first","9":"instock","10":"taxable","11":"shipping-taxable","12":"purchasable","13":"product-type-simple"},"group_of_quantity":6,"min_quantity":0,"max_quantity":"","exclude_order_quantity_value_rules":"no","exclude_category_quantity_rules":"no","combine_variations":"no","_links":{"self":[{"href":"https:\/\/www.vinquotidien.com\/fr\/wp-json\/wp\/v2\/product\/6848","targetHints":{"allow":["GET"]}}],"collection":[{"href":"https:\/\/www.vinquotidien.com\/fr\/wp-json\/wp\/v2\/product"}],"about":[{"href":"https:\/\/www.vinquotidien.com\/fr\/wp-json\/wp\/v2\/types\/product"}],"replies":[{"embeddable":true,"href":"https:\/\/www.vinquotidien.com\/fr\/wp-json\/wp\/v2\/comments?post=6848"}],"wp:featuredmedia":[{"embeddable":true,"href":"https:\/\/www.vinquotidien.com\/fr\/wp-json\/wp\/v2\/media\/6849"}],"wp:attachment":[{"href":"https:\/\/www.vinquotidien.com\/fr\/wp-json\/wp\/v2\/media?parent=6848"}],"wp:term":[{"taxonomy":"product_brand","embeddable":true,"href":"https:\/\/www.vinquotidien.com\/fr\/wp-json\/wp\/v2\/product_brand?post=6848"},{"taxonomy":"product_cat","embeddable":true,"href":"https:\/\/www.vinquotidien.com\/fr\/wp-json\/wp\/v2\/product_cat?post=6848"},{"taxonomy":"product_tag","embeddable":true,"href":"https:\/\/www.vinquotidien.com\/fr\/wp-json\/wp\/v2\/product_tag?post=6848"}],"curies":[{"name":"wp","href":"https:\/\/api.w.org\/{rel}","templated":true}]}}