{"id":6852,"date":"2024-03-22T15:15:47","date_gmt":"2024-03-22T14:15:47","guid":{"rendered":"https:\/\/www.vinquotidien.com\/?post_type=product&#038;p=6852"},"modified":"2026-05-08T11:21:30","modified_gmt":"2026-05-08T09:21:30","slug":"chaponniere-rully-blanc-domaine-ninot","status":"publish","type":"product","link":"https:\/\/www.vinquotidien.com\/fr\/produit\/chaponniere-rully-blanc-domaine-ninot\/","title":{"rendered":"Chaponni\u00e8re 2023, Rully blanc, Domaine Ninot"},"content":{"rendered":"<p><strong>Vigneron : <\/strong><br \/>\nDomaine Ninot<\/p>\n<p><strong>Appellation : <\/strong><br \/>\nRully<\/p>\n<p><strong>R\u00e9gion :<\/strong><br \/>\nBourgogne<\/p>\n<p><strong>R\u00e9compenses :<\/strong><\/p>\n<p><strong>Et le vin : <\/strong><br \/>\nC\u00e9page : 100% Chardonnay, \u00e2ge moyen des vignes de 35 ans<br \/>\nTerroir : Climat pr\u00e8s du domaine, au pied de la montagne de Remenot.<br \/>\nSols argilo-calcaires limoneux, exposition Sud, Sud-Est.<br \/>\nVendanges manuelles, raisins press\u00e9s imm\u00e9diatement et d\u00e9licatement pour plus de<br \/>\ncomplexit\u00e9. L\u00e9ger d\u00e9bourbage de 12 \u00e0 18 heures.<br \/>\nFermentation alcoolique en f\u00fbts de ch\u00eane. Levures indig\u00e8nes.<br \/>\n\u00c9levage en f\u00fbts de ch\u00eane de 228L sur lies fines, avec b\u00e2tonnage, pendant 12 mois, 10% de f\u00fbts neufs. Non filtr\u00e9<\/p>\n<p><strong>Et dans le verre :<\/strong><br \/>\nCouleur or vert.<br \/>\nNez de petits fruits jaunes : ananas, abricot, p\u00eache jaune et agrumes.<br \/>\nLa bouche est structur\u00e9e par l&rsquo;\u00e9levage en bois, la fra\u00eecheur et une bonne m\u00e2che. La finale est longue sur des note douce-am\u00e8re d\u00e9licates.<\/p>\n<p><strong>Accords Mets &amp; Vins : <\/strong><br \/>\nA accompagner avec un bon poulet \u00e0 la cr\u00e8me.<\/p>\n","protected":false},"excerpt":{"rendered":"<p><strong>Vigneron : <\/strong><br \/>\nDomaine Ninot<\/p>\n<p><strong>Appellation : <\/strong><br \/>\nRully<\/p>\n<p><strong>R\u00e9gion :<\/strong><br \/>\nBourgogne<\/p>\n<p><strong>R\u00e9compenses :<\/strong><\/p>\n","protected":false},"featured_media":6853,"comment_status":"open","ping_status":"closed","template":"","meta":[],"product_brand":[],"product_cat":[26],"product_tag":[],"class_list":{"0":"post-6852","1":"product","2":"type-product","3":"status-publish","4":"has-post-thumbnail","6":"product_cat-vin-blanc","8":"first","9":"instock","10":"taxable","11":"shipping-taxable","12":"purchasable","13":"product-type-simple"},"group_of_quantity":6,"min_quantity":0,"max_quantity":"","exclude_order_quantity_value_rules":"no","exclude_category_quantity_rules":"no","combine_variations":"no","_links":{"self":[{"href":"https:\/\/www.vinquotidien.com\/fr\/wp-json\/wp\/v2\/product\/6852","targetHints":{"allow":["GET"]}}],"collection":[{"href":"https:\/\/www.vinquotidien.com\/fr\/wp-json\/wp\/v2\/product"}],"about":[{"href":"https:\/\/www.vinquotidien.com\/fr\/wp-json\/wp\/v2\/types\/product"}],"replies":[{"embeddable":true,"href":"https:\/\/www.vinquotidien.com\/fr\/wp-json\/wp\/v2\/comments?post=6852"}],"wp:featuredmedia":[{"embeddable":true,"href":"https:\/\/www.vinquotidien.com\/fr\/wp-json\/wp\/v2\/media\/6853"}],"wp:attachment":[{"href":"https:\/\/www.vinquotidien.com\/fr\/wp-json\/wp\/v2\/media?parent=6852"}],"wp:term":[{"taxonomy":"product_brand","embeddable":true,"href":"https:\/\/www.vinquotidien.com\/fr\/wp-json\/wp\/v2\/product_brand?post=6852"},{"taxonomy":"product_cat","embeddable":true,"href":"https:\/\/www.vinquotidien.com\/fr\/wp-json\/wp\/v2\/product_cat?post=6852"},{"taxonomy":"product_tag","embeddable":true,"href":"https:\/\/www.vinquotidien.com\/fr\/wp-json\/wp\/v2\/product_tag?post=6852"}],"curies":[{"name":"wp","href":"https:\/\/api.w.org\/{rel}","templated":true}]}}