{"id":6857,"date":"2024-03-22T16:04:13","date_gmt":"2024-03-22T15:04:13","guid":{"rendered":"https:\/\/www.vinquotidien.com\/?post_type=product&#038;p=6857"},"modified":"2025-03-24T18:09:51","modified_gmt":"2025-03-24T17:09:51","slug":"le-gaulois-vermouth-distillerie-genestine","status":"publish","type":"product","link":"https:\/\/www.vinquotidien.com\/fr\/produit\/le-gaulois-vermouth-distillerie-genestine\/","title":{"rendered":"Le Gaulois, Vermouth, Distillerie G\u00e9nestine"},"content":{"rendered":"<p><strong>Producteur : <\/strong><br \/>\nDistillerie G\u00e9nestine<\/p>\n<p><strong>D\u00e9nomination \/ Appellation :<\/strong><br \/>\nVermouth, vin fortifi\u00e9<\/p>\n<p><strong>R\u00e9gion :<\/strong><br \/>\nAuvergne Rh\u00f4ne-Alpes<\/p>\n<p><strong>Et le produit : <\/strong><br \/>\nL\u2019ap\u00e9ritif \u00ab Le Gaulois \u00bb est un vermouth rouge \u00e0 base de gamay d\u2019Auvergne de chez Vincent Auzolle \u00e0 C\u00e9bazat. Dans sa composition entre aussi du vin blanc de chardonnay et une mac\u00e9ration d\u2019une quinzaine de plantes et d\u2019\u00e9pices. La liste des ingr\u00e9dients est tenue secr\u00e8te, toutefois certaines plantes composants la recette sont connues telles l\u2019absinthe, l\u2019hysope, la camomille romaine et la vanille Bourbon XXL. Ce vermouth rouge est peu ou pas filtr\u00e9. Il est enti\u00e8rement r\u00e9alis\u00e9 \u00e0 la main. Aucune action de fabrication n\u2019est m\u00e9canique. M\u00eame le remuage r\u00e9gulier est fait manuellement.<br \/>\n70cl \/ 16,21 % vol<\/p>\n<p><strong>Et dans le verre :<\/strong><br \/>\nRobe rouge sombre<br \/>\nLe nez n\u2019est pas sans rappeler le vin qui le compose. Aromatique, plein fruits, d&rsquo;une grande gourmandise sur le fruit rouge et les \u00e9pices douces.<br \/>\nEn bouche il est tr\u00e8s doux, suave et tr\u00e8s bien \u00e9quilibr\u00e9 sans exc\u00e8s de sucre, avec une belle fraicheur.<\/p>\n<p><strong>Conseils de d\u00e9gustation : <\/strong><br \/>\nUn Vermouth de haute vol\u00e9e pour de beaux ap\u00e9ritifs.<\/p>\n","protected":false},"excerpt":{"rendered":"<p><strong>Producteur : <\/strong><br \/>\nDistillerie G\u00e9nestine<\/p>\n<p><strong>D\u00e9nomination \/ Appellation :<\/strong><br \/>\nVermouth, vin fortifi\u00e9<\/p>\n<p><strong>R\u00e9gion :<\/strong><br \/>\nAuvergne Rh\u00f4ne-Alpes<\/p>\n<p><strong>R\u00e9compenses :<\/strong><\/p>\n","protected":false},"featured_media":6865,"comment_status":"open","ping_status":"closed","template":"","meta":[],"product_brand":[],"product_cat":[83,100],"product_tag":[],"class_list":{"0":"post-6857","1":"product","2":"type-product","3":"status-publish","4":"has-post-thumbnail","6":"product_cat-spiritueux","7":"product_cat-vente-a-lunite","9":"first","10":"instock","11":"taxable","12":"shipping-taxable","13":"purchasable","14":"product-type-simple"},"group_of_quantity":1,"min_quantity":0,"max_quantity":"","exclude_order_quantity_value_rules":"no","exclude_category_quantity_rules":"no","combine_variations":"no","_links":{"self":[{"href":"https:\/\/www.vinquotidien.com\/fr\/wp-json\/wp\/v2\/product\/6857","targetHints":{"allow":["GET"]}}],"collection":[{"href":"https:\/\/www.vinquotidien.com\/fr\/wp-json\/wp\/v2\/product"}],"about":[{"href":"https:\/\/www.vinquotidien.com\/fr\/wp-json\/wp\/v2\/types\/product"}],"replies":[{"embeddable":true,"href":"https:\/\/www.vinquotidien.com\/fr\/wp-json\/wp\/v2\/comments?post=6857"}],"wp:featuredmedia":[{"embeddable":true,"href":"https:\/\/www.vinquotidien.com\/fr\/wp-json\/wp\/v2\/media\/6865"}],"wp:attachment":[{"href":"https:\/\/www.vinquotidien.com\/fr\/wp-json\/wp\/v2\/media?parent=6857"}],"wp:term":[{"taxonomy":"product_brand","embeddable":true,"href":"https:\/\/www.vinquotidien.com\/fr\/wp-json\/wp\/v2\/product_brand?post=6857"},{"taxonomy":"product_cat","embeddable":true,"href":"https:\/\/www.vinquotidien.com\/fr\/wp-json\/wp\/v2\/product_cat?post=6857"},{"taxonomy":"product_tag","embeddable":true,"href":"https:\/\/www.vinquotidien.com\/fr\/wp-json\/wp\/v2\/product_tag?post=6857"}],"curies":[{"name":"wp","href":"https:\/\/api.w.org\/{rel}","templated":true}]}}