{"id":6867,"date":"2024-03-22T16:53:55","date_gmt":"2024-03-22T15:53:55","guid":{"rendered":"https:\/\/www.vinquotidien.com\/?post_type=product&#038;p=6867"},"modified":"2025-10-15T20:30:54","modified_gmt":"2025-10-15T18:30:54","slug":"royal-menthe-liqueur-digestive-distillerie-genestine","status":"publish","type":"product","link":"https:\/\/www.vinquotidien.com\/fr\/produit\/royal-menthe-liqueur-digestive-distillerie-genestine\/","title":{"rendered":"Royal Menthe, Liqueur Digestive, Distillerie G\u00e9nestine"},"content":{"rendered":"<p><strong>Producteur : <\/strong><br \/>\nDistillerie G\u00e9nestine<\/p>\n<p><strong>D\u00e9nomination \/ Appellation :<\/strong><br \/>\nLiqueur de Menthe<\/p>\n<p><strong>R\u00e9gion :<\/strong><br \/>\nAuvergne Rh\u00f4ne-Alpes<\/p>\n<p><strong>Et le produit : <\/strong><br \/>\nEnti\u00e8rement fabriqu\u00e9e \u00e0 Clermont-Ferrand elle est compos\u00e9e d\u2019ingr\u00e9dients locaux et naturels. Feuilles de menthe poivr\u00e9e bio, eau de source d\u2019Auvergne et sucre produit en France la composent.<br \/>\nAucun colorant ni ar\u00f4me artificiel ou conservateur ne sont utilis\u00e9s son \u00e9laboration.<br \/>\n70cl \/ 19,69 % vol<\/p>\n<p><strong>Et dans le verre :<\/strong><br \/>\nBelle couleur cristal.<br \/>\nParfum caract\u00e9ristique de menthe poivr\u00e9e.<br \/>\nEn bouche c\u2019est une incroyable sensation de fra\u00eecheur avec une belle puissance aromatique. La finale est tr\u00e8s bien \u00e9quilibr\u00e9e et peu sucr\u00e9e.<\/p>\n<p><strong>Conseils de d\u00e9gustation : <\/strong><br \/>\nClassique ind\u00e9modable des digestifs qui rendra vos fin de repas des plus agr\u00e9able. Cette liqueur de menthe peut aussi \u00eatre utilis\u00e9e dans vos cocktails.<\/p>\n","protected":false},"excerpt":{"rendered":"<p><strong>Producteur : <\/strong><br \/>\nDistillerie G\u00e9nestine<\/p>\n<p><strong>D\u00e9nomination \/ Appellation :<\/strong><br \/>\nLiqueur de Menthe<\/p>\n<p><strong>R\u00e9gion :<\/strong><br \/>\nAuvergne Rh\u00f4ne-Alpes<\/p>\n","protected":false},"featured_media":6868,"comment_status":"open","ping_status":"closed","template":"","meta":[],"product_brand":[],"product_cat":[83,100],"product_tag":[],"class_list":{"0":"post-6867","1":"product","2":"type-product","3":"status-publish","4":"has-post-thumbnail","6":"product_cat-spiritueux","7":"product_cat-vente-a-lunite","9":"first","10":"instock","11":"taxable","12":"shipping-taxable","13":"purchasable","14":"product-type-simple"},"group_of_quantity":1,"min_quantity":0,"max_quantity":"","exclude_order_quantity_value_rules":"no","exclude_category_quantity_rules":"no","combine_variations":"no","_links":{"self":[{"href":"https:\/\/www.vinquotidien.com\/fr\/wp-json\/wp\/v2\/product\/6867","targetHints":{"allow":["GET"]}}],"collection":[{"href":"https:\/\/www.vinquotidien.com\/fr\/wp-json\/wp\/v2\/product"}],"about":[{"href":"https:\/\/www.vinquotidien.com\/fr\/wp-json\/wp\/v2\/types\/product"}],"replies":[{"embeddable":true,"href":"https:\/\/www.vinquotidien.com\/fr\/wp-json\/wp\/v2\/comments?post=6867"}],"wp:featuredmedia":[{"embeddable":true,"href":"https:\/\/www.vinquotidien.com\/fr\/wp-json\/wp\/v2\/media\/6868"}],"wp:attachment":[{"href":"https:\/\/www.vinquotidien.com\/fr\/wp-json\/wp\/v2\/media?parent=6867"}],"wp:term":[{"taxonomy":"product_brand","embeddable":true,"href":"https:\/\/www.vinquotidien.com\/fr\/wp-json\/wp\/v2\/product_brand?post=6867"},{"taxonomy":"product_cat","embeddable":true,"href":"https:\/\/www.vinquotidien.com\/fr\/wp-json\/wp\/v2\/product_cat?post=6867"},{"taxonomy":"product_tag","embeddable":true,"href":"https:\/\/www.vinquotidien.com\/fr\/wp-json\/wp\/v2\/product_tag?post=6867"}],"curies":[{"name":"wp","href":"https:\/\/api.w.org\/{rel}","templated":true}]}}