{"id":6909,"date":"2024-04-17T11:38:39","date_gmt":"2024-04-17T09:38:39","guid":{"rendered":"https:\/\/www.vinquotidien.com\/?post_type=product&#038;p=6909"},"modified":"2025-03-24T15:23:09","modified_gmt":"2025-03-24T14:23:09","slug":"les-amoureuses-sancerre-blanc-francois-crochet","status":"publish","type":"product","link":"https:\/\/www.vinquotidien.com\/fr\/produit\/les-amoureuses-sancerre-blanc-francois-crochet\/","title":{"rendered":"Les Amoureuses 2022, Sancerre blanc, Fran\u00e7ois Crochet"},"content":{"rendered":"<p><strong>Vigneron : <\/strong><br \/>\nFran\u00e7ois Crochet<\/p>\n<p><strong>Appellation : <\/strong><br \/>\nSancerre<\/p>\n<p><strong>R\u00e9gion :<\/strong><br \/>\nLoire<\/p>\n<p><strong>Et le vin : <\/strong><br \/>\nC\u00e9page : 100% Sauvignon blanc, \u00e2ge moyen des vignes de 30 ans<br \/>\nTerroir : argilo-calcaires avec une exposition sud \/ sud-ouest.<br \/>\nL&rsquo;origine du nom de cette cuv\u00e9e tient au fait que par temps humide cette terre-l\u00e0 colle aux chaussures. En berrichon on dit alors que la terre est \u00ab amoureuse \u00bb.<br \/>\nVendanges manuelles, pressurage en raisins entiers.<br \/>\nFermentation en levures indig\u00e8nes en cuve bois.<br \/>\nElevage sur lies de 18 mois en cuve bois, passage au froid et filtration sur plaques avant mise en bouteilles.<br \/>\nParcelles cultiv\u00e9es en agriculture biologique.<\/p>\n<p><strong>Et dans le verre :<\/strong><br \/>\nRobe jaune p\u00e2le brillante.<br \/>\nAr\u00f4mes fins de glycine m\u00eal\u00e9s \u00e0 des notes de pamplemousse rose et d&rsquo;une touche min\u00e9rale.<br \/>\nBouche tendue et rafra\u00eechissante sur un fruit \u00e9clatant.<br \/>\nFinale longue persistante sur de belles notes salines.<\/p>\n<p><strong>Accords Mets &amp; Vins : <\/strong><br \/>\nSuperbe avec un bon poulet \u00e0 la cr\u00e8me.<\/p>\n","protected":false},"excerpt":{"rendered":"<p><strong>Vigneron : <\/strong><br \/>\nFran\u00e7ois Crochet<\/p>\n<p><strong>Appellation : <\/strong><br \/>\nSancerre<\/p>\n<p><strong>R\u00e9gion :<\/strong><br \/>\nLoire<\/p>\n","protected":false},"featured_media":6910,"comment_status":"open","ping_status":"closed","template":"","meta":[],"product_brand":[],"product_cat":[26],"product_tag":[],"class_list":{"0":"post-6909","1":"product","2":"type-product","3":"status-publish","4":"has-post-thumbnail","6":"product_cat-vin-blanc","8":"first","9":"instock","10":"taxable","11":"shipping-taxable","12":"purchasable","13":"product-type-simple"},"group_of_quantity":6,"min_quantity":0,"max_quantity":"","exclude_order_quantity_value_rules":"no","exclude_category_quantity_rules":"no","combine_variations":"no","_links":{"self":[{"href":"https:\/\/www.vinquotidien.com\/fr\/wp-json\/wp\/v2\/product\/6909","targetHints":{"allow":["GET"]}}],"collection":[{"href":"https:\/\/www.vinquotidien.com\/fr\/wp-json\/wp\/v2\/product"}],"about":[{"href":"https:\/\/www.vinquotidien.com\/fr\/wp-json\/wp\/v2\/types\/product"}],"replies":[{"embeddable":true,"href":"https:\/\/www.vinquotidien.com\/fr\/wp-json\/wp\/v2\/comments?post=6909"}],"wp:featuredmedia":[{"embeddable":true,"href":"https:\/\/www.vinquotidien.com\/fr\/wp-json\/wp\/v2\/media\/6910"}],"wp:attachment":[{"href":"https:\/\/www.vinquotidien.com\/fr\/wp-json\/wp\/v2\/media?parent=6909"}],"wp:term":[{"taxonomy":"product_brand","embeddable":true,"href":"https:\/\/www.vinquotidien.com\/fr\/wp-json\/wp\/v2\/product_brand?post=6909"},{"taxonomy":"product_cat","embeddable":true,"href":"https:\/\/www.vinquotidien.com\/fr\/wp-json\/wp\/v2\/product_cat?post=6909"},{"taxonomy":"product_tag","embeddable":true,"href":"https:\/\/www.vinquotidien.com\/fr\/wp-json\/wp\/v2\/product_tag?post=6909"}],"curies":[{"name":"wp","href":"https:\/\/api.w.org\/{rel}","templated":true}]}}