{"id":6913,"date":"2024-04-17T11:42:21","date_gmt":"2024-04-17T09:42:21","guid":{"rendered":"https:\/\/www.vinquotidien.com\/?post_type=product&#038;p=6913"},"modified":"2025-03-24T15:23:29","modified_gmt":"2025-03-24T14:23:29","slug":"le-grand-chemarin-sancerre-blanc-francois-crochet","status":"publish","type":"product","link":"https:\/\/www.vinquotidien.com\/fr\/produit\/le-grand-chemarin-sancerre-blanc-francois-crochet\/","title":{"rendered":"Le Grand Chemarin 2022, Sancerre blanc, Fran\u00e7ois Crochet"},"content":{"rendered":"<p><strong>Vigneron : <\/strong><br \/>\nFran\u00e7ois Crochet<\/p>\n<p><strong>Appellation : <\/strong><br \/>\nSancerre<\/p>\n<p><strong>R\u00e9gion :<\/strong><br \/>\nLoire<\/p>\n<p><strong>Et le vin : <\/strong><br \/>\nC\u00e9page : 100% Sauvignon blanc, \u00e2ge moyen des vignes de 30 ans<br \/>\nTerroir : calcaires avec une exposition sud \/ sud-est.<br \/>\nVendanges manuelles, pressurage en raisins entiers.<br \/>\nFermentation en levures indig\u00e8nes en cuve bois.<br \/>\nElevage sur lies de 18 mois en cuve bois, passage au froid et filtration sur plaques avant mise en bouteilles.<br \/>\nParcelles cultiv\u00e9es en agriculture biologique.<\/p>\n<p><strong>Et dans le verre :<\/strong><br \/>\nRobe jaune claire aux reflets verts<br \/>\nNez fin et \u00e9l\u00e9gant de poudre de riz, pierre \u00e0 fusil avec une touche anis\u00e9e et d\u2019agrumes douces<br \/>\nBouche complexe d\u2019une grande pr\u00e9cision.<br \/>\nDu gras et une juste acidit\u00e9 sur une l\u00e9g\u00e8re touche d\u2019amertume \u00e9voquant peaux d&rsquo;agrumes et amande fra\u00eeche.<\/p>\n<p><strong>Accords Mets &amp; Vins : <\/strong><br \/>\nBar en cro\u00fbte de sel, Homard r\u00f4ti.<\/p>\n","protected":false},"excerpt":{"rendered":"<p><strong>Vigneron : <\/strong><br \/>\nFran\u00e7ois Crochet<\/p>\n<p><strong>Appellation : <\/strong><br \/>\nSancerre<\/p>\n<p><strong>R\u00e9gion :<\/strong><br \/>\nLoire<\/p>\n","protected":false},"featured_media":7195,"comment_status":"open","ping_status":"closed","template":"","meta":[],"product_brand":[],"product_cat":[26],"product_tag":[],"class_list":{"0":"post-6913","1":"product","2":"type-product","3":"status-publish","4":"has-post-thumbnail","6":"product_cat-vin-blanc","8":"first","9":"instock","10":"taxable","11":"shipping-taxable","12":"purchasable","13":"product-type-simple"},"group_of_quantity":6,"min_quantity":0,"max_quantity":"","exclude_order_quantity_value_rules":"no","exclude_category_quantity_rules":"no","combine_variations":"no","_links":{"self":[{"href":"https:\/\/www.vinquotidien.com\/fr\/wp-json\/wp\/v2\/product\/6913","targetHints":{"allow":["GET"]}}],"collection":[{"href":"https:\/\/www.vinquotidien.com\/fr\/wp-json\/wp\/v2\/product"}],"about":[{"href":"https:\/\/www.vinquotidien.com\/fr\/wp-json\/wp\/v2\/types\/product"}],"replies":[{"embeddable":true,"href":"https:\/\/www.vinquotidien.com\/fr\/wp-json\/wp\/v2\/comments?post=6913"}],"wp:featuredmedia":[{"embeddable":true,"href":"https:\/\/www.vinquotidien.com\/fr\/wp-json\/wp\/v2\/media\/7195"}],"wp:attachment":[{"href":"https:\/\/www.vinquotidien.com\/fr\/wp-json\/wp\/v2\/media?parent=6913"}],"wp:term":[{"taxonomy":"product_brand","embeddable":true,"href":"https:\/\/www.vinquotidien.com\/fr\/wp-json\/wp\/v2\/product_brand?post=6913"},{"taxonomy":"product_cat","embeddable":true,"href":"https:\/\/www.vinquotidien.com\/fr\/wp-json\/wp\/v2\/product_cat?post=6913"},{"taxonomy":"product_tag","embeddable":true,"href":"https:\/\/www.vinquotidien.com\/fr\/wp-json\/wp\/v2\/product_tag?post=6913"}],"curies":[{"name":"wp","href":"https:\/\/api.w.org\/{rel}","templated":true}]}}