{"id":6918,"date":"2024-04-22T11:35:51","date_gmt":"2024-04-22T09:35:51","guid":{"rendered":"https:\/\/www.vinquotidien.com\/?post_type=product&#038;p=6918"},"modified":"2025-03-24T15:22:42","modified_gmt":"2025-03-24T14:22:42","slug":"bourgogne-hautes-cotes-de-beaune-blanc-domaine-chevrot","status":"publish","type":"product","link":"https:\/\/www.vinquotidien.com\/fr\/produit\/bourgogne-hautes-cotes-de-beaune-blanc-domaine-chevrot\/","title":{"rendered":"Bourgogne Hautes C\u00f4tes de Beaune blanc 2022, Domaine Chevrot"},"content":{"rendered":"<p><strong>Vigneron : <\/strong><br \/>\nDomaine Chevrot<\/p>\n<p><strong>Appellation : <\/strong><br \/>\nHautes C\u00f4tes De Beaune<\/p>\n<p><strong>R\u00e9gion :<\/strong><br \/>\nBourgogne<\/p>\n<p><strong>Et le vin : <\/strong><br \/>\nC\u00e9page : 100% Chardonnay<br \/>\nTerroir : sols de marnes bleues.<br \/>\nIssu de jeunes vignes, d&rsquo;environ 15 ans.<br \/>\nLes vendanges sont r\u00e9alis\u00e9es \u00e0 la main avec un pressurage doux. La fermentation et l&rsquo;\u00e9levage des vins s&rsquo;effectuent \u00e0 parts \u00e9gales en cuve inox et en barriques de ch\u00eane pour un bel \u00e9quilibre en fraicheur et gras.<\/p>\n<p><strong>Et dans le verre :<\/strong><br \/>\nRobe jaune clair aux reflets verts<br \/>\nAr\u00f4mes de poire, citron et amande fraiche rehauss\u00e9s de notes \u00e9pic\u00e9es de menthe poivr\u00e9e et de fenouil.<br \/>\nBouche rafraichissante, saline et iod\u00e9e avec de ar\u00f4mes floraux de sureaux et des notes marines.<\/p>\n<p><strong>Accords Mets &amp; Vins : <\/strong><br \/>\nPourra faire des merveilles sur des linguine al vongole ou un souffl\u00e9 au fromage.<\/p>\n","protected":false},"excerpt":{"rendered":"<p><strong>Vigneron : <\/strong><br \/>\nDomaine Chevrot<\/p>\n<p><strong>Appellation : <\/strong><br \/>\nHautes C\u00f4tes De Beaune<\/p>\n<p><strong>R\u00e9gion :<\/strong><br \/>\nBourgogne<\/p>\n","protected":false},"featured_media":6937,"comment_status":"open","ping_status":"closed","template":"","meta":[],"product_brand":[],"product_cat":[26],"product_tag":[],"class_list":{"0":"post-6918","1":"product","2":"type-product","3":"status-publish","4":"has-post-thumbnail","6":"product_cat-vin-blanc","8":"first","9":"instock","10":"taxable","11":"shipping-taxable","12":"purchasable","13":"product-type-simple"},"group_of_quantity":6,"min_quantity":0,"max_quantity":"","exclude_order_quantity_value_rules":"no","exclude_category_quantity_rules":"no","combine_variations":"no","_links":{"self":[{"href":"https:\/\/www.vinquotidien.com\/fr\/wp-json\/wp\/v2\/product\/6918","targetHints":{"allow":["GET"]}}],"collection":[{"href":"https:\/\/www.vinquotidien.com\/fr\/wp-json\/wp\/v2\/product"}],"about":[{"href":"https:\/\/www.vinquotidien.com\/fr\/wp-json\/wp\/v2\/types\/product"}],"replies":[{"embeddable":true,"href":"https:\/\/www.vinquotidien.com\/fr\/wp-json\/wp\/v2\/comments?post=6918"}],"wp:featuredmedia":[{"embeddable":true,"href":"https:\/\/www.vinquotidien.com\/fr\/wp-json\/wp\/v2\/media\/6937"}],"wp:attachment":[{"href":"https:\/\/www.vinquotidien.com\/fr\/wp-json\/wp\/v2\/media?parent=6918"}],"wp:term":[{"taxonomy":"product_brand","embeddable":true,"href":"https:\/\/www.vinquotidien.com\/fr\/wp-json\/wp\/v2\/product_brand?post=6918"},{"taxonomy":"product_cat","embeddable":true,"href":"https:\/\/www.vinquotidien.com\/fr\/wp-json\/wp\/v2\/product_cat?post=6918"},{"taxonomy":"product_tag","embeddable":true,"href":"https:\/\/www.vinquotidien.com\/fr\/wp-json\/wp\/v2\/product_tag?post=6918"}],"curies":[{"name":"wp","href":"https:\/\/api.w.org\/{rel}","templated":true}]}}