{"id":6923,"date":"2024-04-22T11:39:30","date_gmt":"2024-04-22T09:39:30","guid":{"rendered":"https:\/\/www.vinquotidien.com\/?post_type=product&#038;p=6923"},"modified":"2025-06-06T13:33:35","modified_gmt":"2025-06-06T11:33:35","slug":"bourgogne-hautes-cotes-de-beaune-rouge-domaine-chevrot","status":"publish","type":"product","link":"https:\/\/www.vinquotidien.com\/fr\/produit\/bourgogne-hautes-cotes-de-beaune-rouge-domaine-chevrot\/","title":{"rendered":"Bourgogne Hautes C\u00f4tes de Beaune rouge 2022, Domaine Chevrot"},"content":{"rendered":"<p><strong>Vigneron<\/strong> :<br \/>\nDomaine Chevrot<\/p>\n<p><strong>Appellation : <\/strong><br \/>\nHautes C\u00f4tes De Beaune<\/p>\n<p><strong>R\u00e9gion :<\/strong><br \/>\nBourgogne<\/p>\n<p><strong>Et le vin : <\/strong><br \/>\nC\u00e9page : 100% Pinot Noir<br \/>\nIssu d\u2019une surface de 3,1 hectares d&rsquo;un pinot noir de 30 ans. Les vendanges sont manuelles et les raisins vinifi\u00e9s en cuves. Apr\u00e8s un pressage des mo\u00fbts, les jus de presse et jus de goutte sont assembl\u00e9s et \u00e9lev\u00e9s \u00e0 parts \u00e9gales en cuves et en f\u00fbts de ch\u00eane.<\/p>\n<p><strong>Et dans le verre :<\/strong><br \/>\nRobe rouge rubis<br \/>\nNez de fruits noirs croquants, mure et le cassis, tr\u00e8s l\u00e9g\u00e8rement bois\u00e9<br \/>\nBouche friande, dense et \u00e9l\u00e9gante, sur un fruit concentr\u00e9 de cerise et fraise des bois<br \/>\nLa finale, m\u00fbre et g\u00e9n\u00e9reuse, est ponctu\u00e9e par une structure finement saline<\/p>\n<p><strong>Accords Mets &amp; Vins : <\/strong><br \/>\nUn bon partenaire pour les barbecues<\/p>\n","protected":false},"excerpt":{"rendered":"<p><strong>Vigneron<\/strong> :<br \/>\nDomaine Chevrot<\/p>\n<p><strong>Appellation : <\/strong><br \/>\nHautes C\u00f4tes De Beaune<\/p>\n<p><strong>R\u00e9gion :<\/strong><br \/>\nBourgogne<\/p>\n","protected":false},"featured_media":6939,"comment_status":"open","ping_status":"closed","template":"","meta":[],"product_brand":[],"product_cat":[25],"product_tag":[],"class_list":{"0":"post-6923","1":"product","2":"type-product","3":"status-publish","4":"has-post-thumbnail","6":"product_cat-vin-rouge","8":"first","9":"instock","10":"taxable","11":"shipping-taxable","12":"purchasable","13":"product-type-simple"},"group_of_quantity":6,"min_quantity":0,"max_quantity":"","exclude_order_quantity_value_rules":"no","exclude_category_quantity_rules":"no","combine_variations":"no","_links":{"self":[{"href":"https:\/\/www.vinquotidien.com\/fr\/wp-json\/wp\/v2\/product\/6923","targetHints":{"allow":["GET"]}}],"collection":[{"href":"https:\/\/www.vinquotidien.com\/fr\/wp-json\/wp\/v2\/product"}],"about":[{"href":"https:\/\/www.vinquotidien.com\/fr\/wp-json\/wp\/v2\/types\/product"}],"replies":[{"embeddable":true,"href":"https:\/\/www.vinquotidien.com\/fr\/wp-json\/wp\/v2\/comments?post=6923"}],"wp:featuredmedia":[{"embeddable":true,"href":"https:\/\/www.vinquotidien.com\/fr\/wp-json\/wp\/v2\/media\/6939"}],"wp:attachment":[{"href":"https:\/\/www.vinquotidien.com\/fr\/wp-json\/wp\/v2\/media?parent=6923"}],"wp:term":[{"taxonomy":"product_brand","embeddable":true,"href":"https:\/\/www.vinquotidien.com\/fr\/wp-json\/wp\/v2\/product_brand?post=6923"},{"taxonomy":"product_cat","embeddable":true,"href":"https:\/\/www.vinquotidien.com\/fr\/wp-json\/wp\/v2\/product_cat?post=6923"},{"taxonomy":"product_tag","embeddable":true,"href":"https:\/\/www.vinquotidien.com\/fr\/wp-json\/wp\/v2\/product_tag?post=6923"}],"curies":[{"name":"wp","href":"https:\/\/api.w.org\/{rel}","templated":true}]}}