{"id":6948,"date":"2024-05-16T16:34:17","date_gmt":"2024-05-16T14:34:17","guid":{"rendered":"https:\/\/www.vinquotidien.com\/?post_type=product&#038;p=6948"},"modified":"2025-03-24T15:22:17","modified_gmt":"2025-03-24T14:22:17","slug":"vacqueyras-2021-camille-cayran","status":"publish","type":"product","link":"https:\/\/www.vinquotidien.com\/fr\/produit\/vacqueyras-2021-camille-cayran\/","title":{"rendered":"Vacqueyras 2021 &#8211; Camille Cayran"},"content":{"rendered":"<p><strong>Vigneron : <\/strong><br \/>\nCamille Cayran<\/p>\n<p><strong>Appellation : <\/strong><br \/>\nVacqueyras<\/p>\n<p><strong>R\u00e9gion :<\/strong><br \/>\nVall\u00e9e du Rh\u00f4ne Sud<\/p>\n<p><strong>Et le vin : <\/strong><br \/>\nC\u00e9pages : Grenache noir, Syrah, Mourv\u00e8dre.<br \/>\nParcelles au sud du vignoble de Gigondas, surplomb\u00e9e par les Dentelles de Montmirail.<br \/>\nTerroir : sablo-argileux, avec des bancs de galets roul\u00e9s.<br \/>\nVinification traditionnelle, encuvage \u00ab \u00e0 froid \u00bb sans ajout de Sulfites. Remontages et pigeages \u00e0 l\u2019\u00e9coute du mill\u00e9sime et de la consistance du mo\u00fbt.<br \/>\nFermentation longue, jusqu\u2019\u00e0 16 jours, cuvaison jusqu\u2019\u00e0 6 semaines.<br \/>\nElevage en cuve b\u00e9ton et sous-bois en fonction du c\u00e9page.<br \/>\nDomaine conduit en agriculture biologique.<\/p>\n<p><strong>Et dans le verre :<\/strong><br \/>\nCouleur rouge violet fonc\u00e9.<br \/>\nNez attrayant de cerises, de cassis, de romarin, de sauge et de poivre noir.<br \/>\nBouche riche, douce et \u00e9tag\u00e9e en couches. Empli de fruits noirs sensuels et d&rsquo;herbes m\u00e9diterran\u00e9ennes.<br \/>\nFinale pleine et une longue.<\/p>\n<p><strong>Accords Mets &amp; Vins : <\/strong><br \/>\nD\u00e9licieux avec un confit de canard, des aubergines farcies ou des l\u00e9gumes grill\u00e9s<\/p>\n","protected":false},"excerpt":{"rendered":"<p><strong>Vigneron : <\/strong><br \/>\nCamille Cayran<\/p>\n<p><strong>Appellation : <\/strong><br \/>\nVacqueyras<\/p>\n<p><strong>R\u00e9gion :<\/strong><br \/>\nVall\u00e9e du Rh\u00f4ne Sud<\/p>\n","protected":false},"featured_media":6949,"comment_status":"open","ping_status":"closed","template":"","meta":[],"product_brand":[],"product_cat":[25],"product_tag":[],"class_list":{"0":"post-6948","1":"product","2":"type-product","3":"status-publish","4":"has-post-thumbnail","6":"product_cat-vin-rouge","8":"first","9":"instock","10":"taxable","11":"shipping-taxable","12":"purchasable","13":"product-type-simple"},"group_of_quantity":6,"min_quantity":0,"max_quantity":"","exclude_order_quantity_value_rules":"no","exclude_category_quantity_rules":"no","combine_variations":"no","_links":{"self":[{"href":"https:\/\/www.vinquotidien.com\/fr\/wp-json\/wp\/v2\/product\/6948","targetHints":{"allow":["GET"]}}],"collection":[{"href":"https:\/\/www.vinquotidien.com\/fr\/wp-json\/wp\/v2\/product"}],"about":[{"href":"https:\/\/www.vinquotidien.com\/fr\/wp-json\/wp\/v2\/types\/product"}],"replies":[{"embeddable":true,"href":"https:\/\/www.vinquotidien.com\/fr\/wp-json\/wp\/v2\/comments?post=6948"}],"wp:featuredmedia":[{"embeddable":true,"href":"https:\/\/www.vinquotidien.com\/fr\/wp-json\/wp\/v2\/media\/6949"}],"wp:attachment":[{"href":"https:\/\/www.vinquotidien.com\/fr\/wp-json\/wp\/v2\/media?parent=6948"}],"wp:term":[{"taxonomy":"product_brand","embeddable":true,"href":"https:\/\/www.vinquotidien.com\/fr\/wp-json\/wp\/v2\/product_brand?post=6948"},{"taxonomy":"product_cat","embeddable":true,"href":"https:\/\/www.vinquotidien.com\/fr\/wp-json\/wp\/v2\/product_cat?post=6948"},{"taxonomy":"product_tag","embeddable":true,"href":"https:\/\/www.vinquotidien.com\/fr\/wp-json\/wp\/v2\/product_tag?post=6948"}],"curies":[{"name":"wp","href":"https:\/\/api.w.org\/{rel}","templated":true}]}}