{"id":6984,"date":"2024-06-27T17:43:42","date_gmt":"2024-06-27T15:43:42","guid":{"rendered":"https:\/\/www.vinquotidien.com\/?post_type=product&#038;p=6984"},"modified":"2026-03-16T10:54:43","modified_gmt":"2026-03-16T09:54:43","slug":"parcelle-n14-cotes-du-rhone-2023-chateau-gigognan","status":"publish","type":"product","link":"https:\/\/www.vinquotidien.com\/fr\/produit\/parcelle-n14-cotes-du-rhone-2023-chateau-gigognan\/","title":{"rendered":"Parcelle n\u00b014 &#8211; Vin de France 2023 &#8211; Ch\u00e2teau Gigognan"},"content":{"rendered":"<p><strong>Vigneron : <\/strong><br \/>\nCh\u00e2teau Gigognan<\/p>\n<p><strong>Appellation : <\/strong><br \/>\nVin de France<\/p>\n<p><strong>R\u00e9gion :<\/strong><br \/>\nVall\u00e9e du Rh\u00f4ne<\/p>\n<p><strong>Et le vin : <\/strong><br \/>\nC\u00e9page : 100% Grenache<br \/>\nLa parcelle \u201cP14\u201d situ\u00e9e sur un plateau aride balay\u00e9 par le mistral \u00e0 Domazan.<br \/>\nLa mac\u00e9ration s\u2019effectue en cuves tulipes de b\u00e9ton et dure 8 jours.<br \/>\nL\u2019extraction est douce et l\u00e9g\u00e8re pour conserver l\u2019\u00e9clat et la volupt\u00e9 du fruit.<br \/>\nFermentation spontan\u00e9e en levures indig\u00e8nes effectu\u00e9e \u00e0 froid, entre 22\u00b0C et 24\u00b0C.<\/p>\n<p><strong>Et dans le verre :<\/strong><br \/>\nTr\u00e8s jolie robe pourpre, limpide et \u00e9clatante.<br \/>\nNez de cassis, groseille, framboise avec de l\u00e9g\u00e8res notes de fenouil et de cachou.<br \/>\nBouche velout\u00e9 et acidul\u00e9, avec des notes de tarte aux fraises, de cerises et de canneberges.<\/p>\n<p><strong>Accords Mets &amp; Vins : <\/strong><br \/>\nD\u00e9licieux d\u00e8s l\u2019ap\u00e9ritif. Il pourra accompagner vos ribs, viandes rouges, ratatouilles et cuisine estivale.<\/p>\n","protected":false},"excerpt":{"rendered":"<p><strong>Vigneron : <\/strong><br \/>\nCh\u00e2teau Gigognan<\/p>\n<p><strong>Appellation : <\/strong><br \/>\nVin de France<\/p>\n<p><strong>R\u00e9gion :<\/strong><br \/>\nVall\u00e9e du Rh\u00f4ne<\/p>\n<p>&nbsp;<\/p>\n","protected":false},"featured_media":6985,"comment_status":"open","ping_status":"closed","template":"","meta":[],"product_brand":[],"product_cat":[25],"product_tag":[],"class_list":{"0":"post-6984","1":"product","2":"type-product","3":"status-publish","4":"has-post-thumbnail","6":"product_cat-vin-rouge","8":"first","9":"instock","10":"taxable","11":"shipping-taxable","12":"purchasable","13":"product-type-simple"},"group_of_quantity":6,"min_quantity":0,"max_quantity":"","exclude_order_quantity_value_rules":"no","exclude_category_quantity_rules":"no","combine_variations":"no","_links":{"self":[{"href":"https:\/\/www.vinquotidien.com\/fr\/wp-json\/wp\/v2\/product\/6984","targetHints":{"allow":["GET"]}}],"collection":[{"href":"https:\/\/www.vinquotidien.com\/fr\/wp-json\/wp\/v2\/product"}],"about":[{"href":"https:\/\/www.vinquotidien.com\/fr\/wp-json\/wp\/v2\/types\/product"}],"replies":[{"embeddable":true,"href":"https:\/\/www.vinquotidien.com\/fr\/wp-json\/wp\/v2\/comments?post=6984"}],"wp:featuredmedia":[{"embeddable":true,"href":"https:\/\/www.vinquotidien.com\/fr\/wp-json\/wp\/v2\/media\/6985"}],"wp:attachment":[{"href":"https:\/\/www.vinquotidien.com\/fr\/wp-json\/wp\/v2\/media?parent=6984"}],"wp:term":[{"taxonomy":"product_brand","embeddable":true,"href":"https:\/\/www.vinquotidien.com\/fr\/wp-json\/wp\/v2\/product_brand?post=6984"},{"taxonomy":"product_cat","embeddable":true,"href":"https:\/\/www.vinquotidien.com\/fr\/wp-json\/wp\/v2\/product_cat?post=6984"},{"taxonomy":"product_tag","embeddable":true,"href":"https:\/\/www.vinquotidien.com\/fr\/wp-json\/wp\/v2\/product_tag?post=6984"}],"curies":[{"name":"wp","href":"https:\/\/api.w.org\/{rel}","templated":true}]}}