{"id":7096,"date":"2024-09-18T10:05:40","date_gmt":"2024-09-18T08:05:40","guid":{"rendered":"https:\/\/www.vinquotidien.com\/?post_type=product&#038;p=7096"},"modified":"2026-02-20T18:02:00","modified_gmt":"2026-02-20T17:02:00","slug":"la-garenne-crozes-hermitage-blanc-domaine-du-peizon","status":"publish","type":"product","link":"https:\/\/www.vinquotidien.com\/fr\/produit\/la-garenne-crozes-hermitage-blanc-domaine-du-peizon\/","title":{"rendered":"La Garenne 2024 &#8211; Crozes-Hermitage blanc &#8211; Domaine du Peizon"},"content":{"rendered":"<p><strong>Vigneron : <\/strong><br \/>\nDomaine du Peizon<\/p>\n<p><strong>Appellation : <\/strong><br \/>\nCrozes-Hermitage<\/p>\n<p><strong>R\u00e9gion :<\/strong><br \/>\nC\u00f4tes du Rh\u00f4ne<\/p>\n<p><strong>Et le vin : <\/strong><br \/>\nC\u00e9pages : 70 % Marsanne, 30 % Roussanne<br \/>\nSur le terroir argilo-calcaire (aussi appel\u00e9 kaolin) de Larnage.<br \/>\nUtilisation de fumure organique, protection sanitaire naturelle et raisonn\u00e9e.<br \/>\nVendanges manuelles. Fermentation alcoolique \u00e0 basse temp\u00e9rature en demi-muids et<br \/>\ncuves inox.<br \/>\n\u00c9levage sur lies fines dans les m\u00eames f\u00fbts et cuves pendant 8 mois.<\/p>\n<p><strong>Et dans le verre :<\/strong><br \/>\nRobe jaune d&rsquo;or.<br \/>\nNez riche de fruits jaunes et de fleurs des champs.<br \/>\nBouche ample, sur l\u2019abricot, la mirabelle et la p\u00eache m\u00fbre avec de fines touches d\u2019acacia et de safran.<\/p>\n<p><strong>Accords Mets &amp; Vins : <\/strong><br \/>\nSuperbe avec des noix de Saint-Jacques et langoustines \u00e0 l&rsquo;am\u00e9ricaine<\/p>\n","protected":false},"excerpt":{"rendered":"<p><strong>Vigneron : <\/strong><br \/>\nDomaine du Peizon<\/p>\n<p><strong>Appellation : <\/strong><br \/>\nCrozes-Hermitage<\/p>\n<p><strong>R\u00e9gion :<\/strong><br \/>\nC\u00f4tes du Rh\u00f4ne<\/p>\n","protected":false},"featured_media":7097,"comment_status":"open","ping_status":"closed","template":"","meta":[],"product_brand":[],"product_cat":[26],"product_tag":[],"class_list":{"0":"post-7096","1":"product","2":"type-product","3":"status-publish","4":"has-post-thumbnail","6":"product_cat-vin-blanc","8":"first","9":"instock","10":"taxable","11":"shipping-taxable","12":"purchasable","13":"product-type-simple"},"group_of_quantity":6,"min_quantity":0,"max_quantity":"","exclude_order_quantity_value_rules":"no","exclude_category_quantity_rules":"no","combine_variations":"no","_links":{"self":[{"href":"https:\/\/www.vinquotidien.com\/fr\/wp-json\/wp\/v2\/product\/7096","targetHints":{"allow":["GET"]}}],"collection":[{"href":"https:\/\/www.vinquotidien.com\/fr\/wp-json\/wp\/v2\/product"}],"about":[{"href":"https:\/\/www.vinquotidien.com\/fr\/wp-json\/wp\/v2\/types\/product"}],"replies":[{"embeddable":true,"href":"https:\/\/www.vinquotidien.com\/fr\/wp-json\/wp\/v2\/comments?post=7096"}],"wp:featuredmedia":[{"embeddable":true,"href":"https:\/\/www.vinquotidien.com\/fr\/wp-json\/wp\/v2\/media\/7097"}],"wp:attachment":[{"href":"https:\/\/www.vinquotidien.com\/fr\/wp-json\/wp\/v2\/media?parent=7096"}],"wp:term":[{"taxonomy":"product_brand","embeddable":true,"href":"https:\/\/www.vinquotidien.com\/fr\/wp-json\/wp\/v2\/product_brand?post=7096"},{"taxonomy":"product_cat","embeddable":true,"href":"https:\/\/www.vinquotidien.com\/fr\/wp-json\/wp\/v2\/product_cat?post=7096"},{"taxonomy":"product_tag","embeddable":true,"href":"https:\/\/www.vinquotidien.com\/fr\/wp-json\/wp\/v2\/product_tag?post=7096"}],"curies":[{"name":"wp","href":"https:\/\/api.w.org\/{rel}","templated":true}]}}