{"id":7173,"date":"2024-10-28T15:30:23","date_gmt":"2024-10-28T14:30:23","guid":{"rendered":"https:\/\/www.vinquotidien.com\/?post_type=product&#038;p=7173"},"modified":"2026-03-16T10:49:20","modified_gmt":"2026-03-16T09:49:20","slug":"champ-de-cour-2022-moulin-a-vent-chateau-du-moulin-a-vent-magnum-15l","status":"publish","type":"product","link":"https:\/\/www.vinquotidien.com\/fr\/produit\/champ-de-cour-2022-moulin-a-vent-chateau-du-moulin-a-vent-magnum-15l\/","title":{"rendered":"Champ de Cour 2022 &#8211; Moulin \u00e0 Vent &#8211; Ch\u00e2teau du Moulin \u00e0 Vent &#8211; Magnum 1,5L"},"content":{"rendered":"<p><strong>Vigneron : <\/strong><br \/>\nCh\u00e2teau du Moulin \u00e0 Vent<\/p>\n<p><strong>Appellation : <\/strong><br \/>\nMoulin \u00e0 Vent<\/p>\n<p><strong>R\u00e9gion :<\/strong><br \/>\nBeaujolais<\/p>\n<p><strong>Et le vin : <\/strong><br \/>\nC\u00e9page : 100% Gamay, vignes \u00e2g\u00e9es de 35 ans en moyenne.<br \/>\nCe vin provient du lieu-dit \u00ab Champ de Cour \u00bb, une surface de 3,28 hectares situ\u00e9e \u00e0 220 m\u00e8tres d\u2019altitude sur un sol compos\u00e9 de granite et d\u2019argile.<br \/>\nLes raisins sont r\u00e9colt\u00e9s \u00e0 la main et plac\u00e9s avec soin dans des bacs de 30 litres avant d&rsquo;\u00eatre tri\u00e9s minutieusement sur deux tables de tri.<br \/>\nUne fois r\u00e9colt\u00e9s, 80% des raisins sont \u00e9grapp\u00e9s pour pr\u00e9server leur int\u00e9grit\u00e9 et leur fra\u00eecheur.<br \/>\nLa vinification se d\u00e9roule sans sulfites, chaque jour \u00e9tant ponctu\u00e9 par un remontage soigneux et un pigeage m\u00e9ticuleux.<br \/>\nL\u2019\u00e9levage se produit en cuves inox (75%) et en f\u00fbts de ch\u00eane fran\u00e7ais (25%) pendant 18 mois.<\/p>\n<p><strong>Et dans le verre :<\/strong><br \/>\nRobe rubis intense.<br \/>\nNez de violette et de cerise.<br \/>\nBouche vive et intense, s\u00e9duisante par sa grande fra\u00eecheur et la finesse de ses tanins<\/p>\n<p><strong>Accords Mets &amp; Vins : <\/strong><br \/>\nTest\u00e9 et ador\u00e9 sur une Pluma de porc ib\u00e9rique.<\/p>\n","protected":false},"excerpt":{"rendered":"<p><strong>Vigneron : <\/strong><br \/>\nCh\u00e2teau du Moulin \u00e0 Vent<\/p>\n<p><strong>Appellation : <\/strong><br \/>\nMoulin \u00e0 Vent<\/p>\n<p><strong>R\u00e9gion :<\/strong><br \/>\nBeaujolais<\/p>\n","protected":false},"featured_media":7181,"comment_status":"open","ping_status":"closed","template":"","meta":[],"product_brand":[],"product_cat":[100,25,90],"product_tag":[],"class_list":{"0":"post-7173","1":"product","2":"type-product","3":"status-publish","4":"has-post-thumbnail","6":"product_cat-vente-a-lunite","7":"product_cat-vin-rouge","8":"product_cat-vip-corner","10":"first","11":"instock","12":"taxable","13":"shipping-taxable","14":"purchasable","15":"product-type-simple"},"group_of_quantity":1,"min_quantity":0,"max_quantity":"","exclude_order_quantity_value_rules":"no","exclude_category_quantity_rules":"no","combine_variations":"no","_links":{"self":[{"href":"https:\/\/www.vinquotidien.com\/fr\/wp-json\/wp\/v2\/product\/7173","targetHints":{"allow":["GET"]}}],"collection":[{"href":"https:\/\/www.vinquotidien.com\/fr\/wp-json\/wp\/v2\/product"}],"about":[{"href":"https:\/\/www.vinquotidien.com\/fr\/wp-json\/wp\/v2\/types\/product"}],"replies":[{"embeddable":true,"href":"https:\/\/www.vinquotidien.com\/fr\/wp-json\/wp\/v2\/comments?post=7173"}],"wp:featuredmedia":[{"embeddable":true,"href":"https:\/\/www.vinquotidien.com\/fr\/wp-json\/wp\/v2\/media\/7181"}],"wp:attachment":[{"href":"https:\/\/www.vinquotidien.com\/fr\/wp-json\/wp\/v2\/media?parent=7173"}],"wp:term":[{"taxonomy":"product_brand","embeddable":true,"href":"https:\/\/www.vinquotidien.com\/fr\/wp-json\/wp\/v2\/product_brand?post=7173"},{"taxonomy":"product_cat","embeddable":true,"href":"https:\/\/www.vinquotidien.com\/fr\/wp-json\/wp\/v2\/product_cat?post=7173"},{"taxonomy":"product_tag","embeddable":true,"href":"https:\/\/www.vinquotidien.com\/fr\/wp-json\/wp\/v2\/product_tag?post=7173"}],"curies":[{"name":"wp","href":"https:\/\/api.w.org\/{rel}","templated":true}]}}