{"id":7182,"date":"2024-10-28T16:03:01","date_gmt":"2024-10-28T15:03:01","guid":{"rendered":"https:\/\/www.vinquotidien.com\/?post_type=product&#038;p=7182"},"modified":"2026-03-16T10:49:31","modified_gmt":"2026-03-16T09:49:31","slug":"la-rochelle-2022-moulin-a-vent-chateau-du-moulin-a-vent","status":"publish","type":"product","link":"https:\/\/www.vinquotidien.com\/fr\/produit\/la-rochelle-2022-moulin-a-vent-chateau-du-moulin-a-vent\/","title":{"rendered":"La Rochelle 2022 &#8211; Moulin \u00e0 Vent &#8211; Ch\u00e2teau du Moulin \u00e0 Vent"},"content":{"rendered":"<p><strong>Vigneron : <\/strong><br \/>\nCh\u00e2teau du Moulin \u00e0 Vent<\/p>\n<p><strong>Appellation : <\/strong><br \/>\nMoulin \u00e0 Vent<\/p>\n<p><strong>R\u00e9gion :<\/strong><br \/>\nBeaujolais<\/p>\n<p><strong>Et le vin : <\/strong><br \/>\nC\u00e9page : 100% Gamay, vignes \u00e2g\u00e9es de 90 ans en moyenne !<br \/>\nCe vin provient du lieu-dit \u00ab La Rochelle \u00bb, une surface de 4,2 hectares situ\u00e9e \u00e0 280 m\u00e8tres d\u2019altitude sur un sol compos\u00e9 de granite et d\u2019argile.<br \/>\nLes raisins sont r\u00e9colt\u00e9s \u00e0 la main et plac\u00e9s avec soin dans des bacs de 30 litres avant d&rsquo;\u00eatre tri\u00e9s minutieusement sur deux tables de tri. Une fois r\u00e9colt\u00e9s, 30% des raisins sont \u00e9grapp\u00e9s pour pr\u00e9server leur int\u00e9grit\u00e9 et leur fra\u00eecheur. La vinification se d\u00e9roule sans sulfites, chaque jour \u00e9tant ponctu\u00e9 par un remontage soigneux et un pigeage m\u00e9ticuleux. L\u2019\u00e9levage se produit en cuves inox (50%) et en f\u00fbts de ch\u00eane fran\u00e7ais (50%) pendant 18 mois.<\/p>\n<p><strong>Et dans le verre :<\/strong><br \/>\nRobe rubis profonde.<br \/>\nNez complexe de fruits rouges et de griotte m\u00fbre.<br \/>\nBouche aux tannins soyeux offrant une belle rondeur. Finale teint\u00e9 de min\u00e9ralit\u00e9 pure et franche.<\/p>\n<p><strong>Accords Mets &amp; Vins :<\/strong><br \/>\nAccompagnera \u00e0 merveille les gibiers comme le chevreuil.<\/p>\n","protected":false},"excerpt":{"rendered":"<p><strong>Vigneron : <\/strong><br \/>\nCh\u00e2teau du Moulin \u00e0 Vent<\/p>\n<p><strong>Appellation : <\/strong><br \/>\nMoulin \u00e0 Vent<\/p>\n<p><strong>R\u00e9gion :<\/strong><br \/>\nBeaujolais<\/p>\n","protected":false},"featured_media":7183,"comment_status":"open","ping_status":"closed","template":"","meta":[],"product_brand":[],"product_cat":[25,90],"product_tag":[],"class_list":{"0":"post-7182","1":"product","2":"type-product","3":"status-publish","4":"has-post-thumbnail","6":"product_cat-vin-rouge","7":"product_cat-vip-corner","9":"first","10":"instock","11":"taxable","12":"shipping-taxable","13":"purchasable","14":"product-type-simple"},"group_of_quantity":6,"min_quantity":0,"max_quantity":"","exclude_order_quantity_value_rules":"no","exclude_category_quantity_rules":"no","combine_variations":"no","_links":{"self":[{"href":"https:\/\/www.vinquotidien.com\/fr\/wp-json\/wp\/v2\/product\/7182","targetHints":{"allow":["GET"]}}],"collection":[{"href":"https:\/\/www.vinquotidien.com\/fr\/wp-json\/wp\/v2\/product"}],"about":[{"href":"https:\/\/www.vinquotidien.com\/fr\/wp-json\/wp\/v2\/types\/product"}],"replies":[{"embeddable":true,"href":"https:\/\/www.vinquotidien.com\/fr\/wp-json\/wp\/v2\/comments?post=7182"}],"wp:featuredmedia":[{"embeddable":true,"href":"https:\/\/www.vinquotidien.com\/fr\/wp-json\/wp\/v2\/media\/7183"}],"wp:attachment":[{"href":"https:\/\/www.vinquotidien.com\/fr\/wp-json\/wp\/v2\/media?parent=7182"}],"wp:term":[{"taxonomy":"product_brand","embeddable":true,"href":"https:\/\/www.vinquotidien.com\/fr\/wp-json\/wp\/v2\/product_brand?post=7182"},{"taxonomy":"product_cat","embeddable":true,"href":"https:\/\/www.vinquotidien.com\/fr\/wp-json\/wp\/v2\/product_cat?post=7182"},{"taxonomy":"product_tag","embeddable":true,"href":"https:\/\/www.vinquotidien.com\/fr\/wp-json\/wp\/v2\/product_tag?post=7182"}],"curies":[{"name":"wp","href":"https:\/\/api.w.org\/{rel}","templated":true}]}}