{"id":7187,"date":"2024-10-28T18:35:56","date_gmt":"2024-10-28T17:35:56","guid":{"rendered":"https:\/\/www.vinquotidien.com\/?post_type=product&#038;p=7187"},"modified":"2026-03-16T10:49:40","modified_gmt":"2026-03-16T09:49:40","slug":"anjou-blanc-sec-2023-domaine-olivier","status":"publish","type":"product","link":"https:\/\/www.vinquotidien.com\/fr\/produit\/anjou-blanc-sec-2023-domaine-olivier\/","title":{"rendered":"Anjou blanc sec 2024 &#8211; Domaine Olivier"},"content":{"rendered":"<p><strong>Vigneron : <\/strong><br \/>\nDomaine Olivier<\/p>\n<p><strong>Appellation : <\/strong><br \/>\nAnjou<\/p>\n<p><strong>R\u00e9gion :<\/strong><br \/>\nLoire<\/p>\n<p><strong>Et le vin : <\/strong><br \/>\nC\u00e9page : 100% Chenin<br \/>\nToute petite parcelle de seulement un hectare plant\u00e9e en 2006 sur un joli sol de type argilo-calcaire. Rendement : 45 hl\/ha<br \/>\nVendanges manuelles en cagettes ajour\u00e9es<br \/>\nFermentation de trois semaines en cuve \u00e0 basse temp\u00e9rature<br \/>\nElevage de 6 mois en cuve inox<\/p>\n<p><strong>Et dans le verre :<\/strong><br \/>\nTr\u00e8s jolie robe claire et app\u00e9tissante.<br \/>\nNez intense de coing et de fruits confits.<br \/>\nBelle vivacit\u00e9 avec des ar\u00f4mes de p\u00eache blanche et de raisin sec.<br \/>\nBonne longueur et \u00e9quilibre pr\u00e9cis pour cette jolie cuv\u00e9e entre vivacit\u00e9 et gras du Chenin.<\/p>\n<p><strong>Accords Mets &amp; Vins : <\/strong><br \/>\nA l\u2019ap\u00e9ritif, avec une papillote de saumon au poireau, des fromages comme le Comt\u00e9 ou l\u2019Emmental.<\/p>\n","protected":false},"excerpt":{"rendered":"<p><strong>Vigneron : <\/strong><br \/>\nDomaine Olivier<\/p>\n<p><strong>Appellation : <\/strong><br \/>\nAnjou<\/p>\n<p><strong>R\u00e9gion :<\/strong><br \/>\nLoire<\/p>\n","protected":false},"featured_media":7188,"comment_status":"open","ping_status":"closed","template":"","meta":[],"product_brand":[],"product_cat":[26],"product_tag":[],"class_list":{"0":"post-7187","1":"product","2":"type-product","3":"status-publish","4":"has-post-thumbnail","6":"product_cat-vin-blanc","8":"first","9":"instock","10":"taxable","11":"shipping-taxable","12":"purchasable","13":"product-type-simple"},"group_of_quantity":6,"min_quantity":0,"max_quantity":"","exclude_order_quantity_value_rules":"no","exclude_category_quantity_rules":"no","combine_variations":"no","_links":{"self":[{"href":"https:\/\/www.vinquotidien.com\/fr\/wp-json\/wp\/v2\/product\/7187","targetHints":{"allow":["GET"]}}],"collection":[{"href":"https:\/\/www.vinquotidien.com\/fr\/wp-json\/wp\/v2\/product"}],"about":[{"href":"https:\/\/www.vinquotidien.com\/fr\/wp-json\/wp\/v2\/types\/product"}],"replies":[{"embeddable":true,"href":"https:\/\/www.vinquotidien.com\/fr\/wp-json\/wp\/v2\/comments?post=7187"}],"wp:featuredmedia":[{"embeddable":true,"href":"https:\/\/www.vinquotidien.com\/fr\/wp-json\/wp\/v2\/media\/7188"}],"wp:attachment":[{"href":"https:\/\/www.vinquotidien.com\/fr\/wp-json\/wp\/v2\/media?parent=7187"}],"wp:term":[{"taxonomy":"product_brand","embeddable":true,"href":"https:\/\/www.vinquotidien.com\/fr\/wp-json\/wp\/v2\/product_brand?post=7187"},{"taxonomy":"product_cat","embeddable":true,"href":"https:\/\/www.vinquotidien.com\/fr\/wp-json\/wp\/v2\/product_cat?post=7187"},{"taxonomy":"product_tag","embeddable":true,"href":"https:\/\/www.vinquotidien.com\/fr\/wp-json\/wp\/v2\/product_tag?post=7187"}],"curies":[{"name":"wp","href":"https:\/\/api.w.org\/{rel}","templated":true}]}}