{"id":7210,"date":"2024-11-22T11:08:38","date_gmt":"2024-11-22T10:08:38","guid":{"rendered":"https:\/\/www.vinquotidien.com\/?post_type=product&#038;p=7210"},"modified":"2025-03-24T18:38:58","modified_gmt":"2025-03-24T17:38:58","slug":"champagne-r-de-ruinart-brut","status":"publish","type":"product","link":"https:\/\/www.vinquotidien.com\/fr\/produit\/champagne-r-de-ruinart-brut\/","title":{"rendered":"Champagne R de Ruinart \u2013 Brut"},"content":{"rendered":"<p><strong>Vigneron :<\/strong><br \/>\nRuinart<\/p>\n<p><strong>\u00a0<\/strong><strong>Appellation :<\/strong><br \/>\nChampagne<\/p>\n<p><strong>R\u00e9gion\u00a0:<br \/>\n<\/strong>Champagne<\/p>\n<p><strong>Et le vin :<br \/>\n<\/strong>C\u00e9pages : Pinot Noir (40 \u00e0 45 %), Pinot Meunier (10 \u00e0 15 %) Chardonnay (40 %)<br \/>\nChampagne issus de 40 \u00e0 50 crus diff\u00e9rents de la C\u00f4te des Blancs et de la Montagne de Reims<br \/>\nVinification\u00a0: Vendanges manuelles<br \/>\nAssemblage des crus dont 20 \u00e0 30% de vin de r\u00e9serve issus des r\u00e9coltes de diff\u00e9rentes ann\u00e9es<br \/>\nFermentation alcoolique en cuves inox thermor\u00e9gul\u00e9es<br \/>\nFermentation malolactique<br \/>\n2 \u00e0 3 ans de repos en cave<br \/>\nDosage : 7g\/L<\/p>\n<p><strong>Et dans le verre\u00a0:<br \/>\n<\/strong>Robe chatoyante, jaune et or.<br \/>\nNez de pomme reinette et d\u2019abricot, de noisette et d\u2019amande fra\u00eeche, effluves intenses de brioche et de biscuit.<br \/>\nBouche suaves de fruits jaunes, de tarte aux prunes et de fruits \u00e0 noyaux m\u00fbrs.<br \/>\nRondeur harmonieuse et persistante, finale fraiche caract\u00e9ristique du chardonnay.<\/p>\n<p><strong>Accords Mets &amp; Vins :<br \/>\n<\/strong>Le compagnon parfait de l\u2019ap\u00e9ritif ou pourquoi pas avec une tarte aux l\u00e9gumes et fromage de ch\u00e8vre<\/p>\n","protected":false},"excerpt":{"rendered":"<p><strong>Vigneron :<\/strong><br \/>\nRuinart<\/p>\n<p><strong>\u00a0<\/strong><strong>Appellation :<\/strong><br \/>\nChampagne<\/p>\n<p><strong>R\u00e9gion\u00a0:<br \/>\n<\/strong>Champagne<\/p>\n","protected":false},"featured_media":7211,"comment_status":"open","ping_status":"closed","template":"","meta":[],"product_brand":[],"product_cat":[90,28],"product_tag":[],"class_list":{"0":"post-7210","1":"product","2":"type-product","3":"status-publish","4":"has-post-thumbnail","6":"product_cat-vip-corner","7":"product_cat-bulles","9":"first","10":"instock","11":"taxable","12":"shipping-taxable","13":"purchasable","14":"product-type-simple"},"group_of_quantity":6,"min_quantity":0,"max_quantity":"","exclude_order_quantity_value_rules":"no","exclude_category_quantity_rules":"no","combine_variations":"no","_links":{"self":[{"href":"https:\/\/www.vinquotidien.com\/fr\/wp-json\/wp\/v2\/product\/7210","targetHints":{"allow":["GET"]}}],"collection":[{"href":"https:\/\/www.vinquotidien.com\/fr\/wp-json\/wp\/v2\/product"}],"about":[{"href":"https:\/\/www.vinquotidien.com\/fr\/wp-json\/wp\/v2\/types\/product"}],"replies":[{"embeddable":true,"href":"https:\/\/www.vinquotidien.com\/fr\/wp-json\/wp\/v2\/comments?post=7210"}],"wp:featuredmedia":[{"embeddable":true,"href":"https:\/\/www.vinquotidien.com\/fr\/wp-json\/wp\/v2\/media\/7211"}],"wp:attachment":[{"href":"https:\/\/www.vinquotidien.com\/fr\/wp-json\/wp\/v2\/media?parent=7210"}],"wp:term":[{"taxonomy":"product_brand","embeddable":true,"href":"https:\/\/www.vinquotidien.com\/fr\/wp-json\/wp\/v2\/product_brand?post=7210"},{"taxonomy":"product_cat","embeddable":true,"href":"https:\/\/www.vinquotidien.com\/fr\/wp-json\/wp\/v2\/product_cat?post=7210"},{"taxonomy":"product_tag","embeddable":true,"href":"https:\/\/www.vinquotidien.com\/fr\/wp-json\/wp\/v2\/product_tag?post=7210"}],"curies":[{"name":"wp","href":"https:\/\/api.w.org\/{rel}","templated":true}]}}