{"id":7218,"date":"2024-11-22T11:08:09","date_gmt":"2024-11-22T10:08:09","guid":{"rendered":"https:\/\/www.vinquotidien.com\/?post_type=product&#038;p=7218"},"modified":"2025-03-24T18:39:16","modified_gmt":"2025-03-24T17:39:16","slug":"champagne-ruinart-blanc-de-blancs","status":"publish","type":"product","link":"https:\/\/www.vinquotidien.com\/fr\/produit\/champagne-ruinart-blanc-de-blancs\/","title":{"rendered":"Champagne Ruinart &#8211; Blanc de Blancs"},"content":{"rendered":"<p><strong>Vigneron : <\/strong><br \/>\nRuinart<\/p>\n<p><strong>Appellation : <\/strong><br \/>\nChampagne<\/p>\n<p><strong>R\u00e9gion :<\/strong><br \/>\nChampagne<\/p>\n<p><strong>Et le vin : <\/strong><br \/>\nC\u00e9page : 100% Chardonnay<br \/>\nCompos\u00e9 de chardonnays issus de 25 \u00e0 30 crus diff\u00e9rents, provenant majoritairement de la C\u00f4te des Blancs, de la Montagne de Reims, du S\u00e9zannais et de la Vall\u00e9e de la Vesle. Ils sont le reflet de la richesse et de la diversit\u00e9 du terroir champenois.<br \/>\nVinification : Vendanges manuelles<br \/>\nAssemblage de crus dont 20 \u00e0 30% de vin de r\u00e9serve issus des r\u00e9coltes de diff\u00e9rentes ann\u00e9es<br \/>\nFermentation alcoolique en cuves inox thermor\u00e9gul\u00e9es<br \/>\nFermentation malolactique<br \/>\n2 \u00e0 3 ans de repos en cave<br \/>\nDosage : 7g\/L<\/p>\n<p><strong>Et dans le verre :<\/strong><br \/>\nRobe brillante jaune p\u00e2le avec de l\u00e9gers reflets verts amande et verts jade.<br \/>\nNez intenses de fruits frais : c\u00e9drat, poire et p\u00eache. Notes de fleurs blanches accompagn\u00e9es d\u2019une touche \u00e9pic\u00e9e de gingembre et de baie rose.<br \/>\nBouche entre tension et rondeur, enveloppante et soulign\u00e9e par une fra\u00eecheur aromatique d\u2019agrumes m\u00fbrs et de fruits exotiques.<br \/>\nFinale est longue et d\u00e9licate.<\/p>\n<p><strong>Accords Mets &amp; Vins : <\/strong><br \/>\nParfait avec des fruits de mer ou des poissons. Magnifique sur un Carpaccio de bar aux agrumes.<\/p>\n","protected":false},"excerpt":{"rendered":"<p><strong>Vigneron : <\/strong><br \/>\nRuinart<\/p>\n<p><strong>Appellation : <\/strong><br \/>\nChampagne<\/p>\n<p><strong>R\u00e9gion :<\/strong><br \/>\nChampagne<\/p>\n","protected":false},"featured_media":7213,"comment_status":"open","ping_status":"closed","template":"","meta":[],"product_brand":[],"product_cat":[28,90],"product_tag":[],"class_list":{"0":"post-7218","1":"product","2":"type-product","3":"status-publish","4":"has-post-thumbnail","6":"product_cat-bulles","7":"product_cat-vip-corner","9":"first","10":"instock","11":"taxable","12":"shipping-taxable","13":"purchasable","14":"product-type-simple"},"group_of_quantity":6,"min_quantity":0,"max_quantity":"","exclude_order_quantity_value_rules":"no","exclude_category_quantity_rules":"no","combine_variations":"no","_links":{"self":[{"href":"https:\/\/www.vinquotidien.com\/fr\/wp-json\/wp\/v2\/product\/7218","targetHints":{"allow":["GET"]}}],"collection":[{"href":"https:\/\/www.vinquotidien.com\/fr\/wp-json\/wp\/v2\/product"}],"about":[{"href":"https:\/\/www.vinquotidien.com\/fr\/wp-json\/wp\/v2\/types\/product"}],"replies":[{"embeddable":true,"href":"https:\/\/www.vinquotidien.com\/fr\/wp-json\/wp\/v2\/comments?post=7218"}],"wp:featuredmedia":[{"embeddable":true,"href":"https:\/\/www.vinquotidien.com\/fr\/wp-json\/wp\/v2\/media\/7213"}],"wp:attachment":[{"href":"https:\/\/www.vinquotidien.com\/fr\/wp-json\/wp\/v2\/media?parent=7218"}],"wp:term":[{"taxonomy":"product_brand","embeddable":true,"href":"https:\/\/www.vinquotidien.com\/fr\/wp-json\/wp\/v2\/product_brand?post=7218"},{"taxonomy":"product_cat","embeddable":true,"href":"https:\/\/www.vinquotidien.com\/fr\/wp-json\/wp\/v2\/product_cat?post=7218"},{"taxonomy":"product_tag","embeddable":true,"href":"https:\/\/www.vinquotidien.com\/fr\/wp-json\/wp\/v2\/product_tag?post=7218"}],"curies":[{"name":"wp","href":"https:\/\/api.w.org\/{rel}","templated":true}]}}