{"id":7220,"date":"2024-11-22T11:08:26","date_gmt":"2024-11-22T10:08:26","guid":{"rendered":"https:\/\/www.vinquotidien.com\/?post_type=product&#038;p=7220"},"modified":"2025-03-24T18:39:06","modified_gmt":"2025-03-24T17:39:06","slug":"champagne-ruinart-rose","status":"publish","type":"product","link":"https:\/\/www.vinquotidien.com\/fr\/produit\/champagne-ruinart-rose\/","title":{"rendered":"Champagne Ruinart \u2013 Ros\u00e9"},"content":{"rendered":"<p><strong>Vigneron : <\/strong><br \/>\nRuinart<\/p>\n<p><strong>Appellation : <\/strong><br \/>\nChampagne<\/p>\n<p><strong>R\u00e9gion :<\/strong><br \/>\nChampagne<\/p>\n<p><strong>Et le vin : <\/strong><br \/>\nC\u00e9pages : 45 % de Chardonnay issu de la C\u00f4te des Blancs et de la Montagne de Reims et 55 % de Pinot Noir issu de la Montagne de Reims et de la Vall\u00e9e de la Marne.<br \/>\nLe Pinot Noir est vinifi\u00e9 \u00e0 43 % en blanc et 12 % en rouge.<br \/>\nVinification : Vendanges manuelles<br \/>\nAssemblage de 30 \u00e0 40 crus dont 20 \u00e0 30% de vin de r\u00e9serve issus des r\u00e9coltes de diff\u00e9rentes ann\u00e9es<br \/>\nFermentation alcoolique en cuves inox thermor\u00e9gul\u00e9es<br \/>\nFermentation malolactique<br \/>\n2 \u00e0 3 ans de repos en cave<br \/>\nDosage : 8g\/L<\/p>\n<p><strong>Et dans le verre :<\/strong><br \/>\nRobe teint\u00e9 de corail et de bois de rose.<br \/>\nNez intenses de fruits exotiques : grenade, litchi et goyave.<br \/>\nEssences florales de Rose de Damas et de fruits rouges.<br \/>\nEffluves d\u2019\u00e9pices, f\u00e8ve de tonka et noix de muscade.<br \/>\nBouche fra\u00eeche et rondeur d\u00e9licate.<br \/>\nFinale \u00e9l\u00e9gante aux notes rafraichissantes de menthe poivr\u00e9e et de pamplemousse rose.<\/p>\n<p><strong>Accords Mets &amp; Vins : <\/strong><br \/>\nAvec des poissons gras ou des crustac\u00e9s. Il peut \u00e9galement \u00eatre associ\u00e9 \u00e0 des viandes comme le canard.<\/p>\n","protected":false},"excerpt":{"rendered":"<p><strong>Vigneron : <\/strong><br \/>\nRuinart<\/p>\n<p><strong>Appellation : <\/strong><br \/>\nChampagne<\/p>\n<p><strong>R\u00e9gion :<\/strong><br \/>\nChampagne<\/p>\n","protected":false},"featured_media":7215,"comment_status":"open","ping_status":"closed","template":"","meta":[],"product_brand":[],"product_cat":[28,90],"product_tag":[],"class_list":{"0":"post-7220","1":"product","2":"type-product","3":"status-publish","4":"has-post-thumbnail","6":"product_cat-bulles","7":"product_cat-vip-corner","9":"first","10":"instock","11":"taxable","12":"shipping-taxable","13":"purchasable","14":"product-type-simple"},"group_of_quantity":6,"min_quantity":0,"max_quantity":"","exclude_order_quantity_value_rules":"no","exclude_category_quantity_rules":"no","combine_variations":"no","_links":{"self":[{"href":"https:\/\/www.vinquotidien.com\/fr\/wp-json\/wp\/v2\/product\/7220","targetHints":{"allow":["GET"]}}],"collection":[{"href":"https:\/\/www.vinquotidien.com\/fr\/wp-json\/wp\/v2\/product"}],"about":[{"href":"https:\/\/www.vinquotidien.com\/fr\/wp-json\/wp\/v2\/types\/product"}],"replies":[{"embeddable":true,"href":"https:\/\/www.vinquotidien.com\/fr\/wp-json\/wp\/v2\/comments?post=7220"}],"wp:featuredmedia":[{"embeddable":true,"href":"https:\/\/www.vinquotidien.com\/fr\/wp-json\/wp\/v2\/media\/7215"}],"wp:attachment":[{"href":"https:\/\/www.vinquotidien.com\/fr\/wp-json\/wp\/v2\/media?parent=7220"}],"wp:term":[{"taxonomy":"product_brand","embeddable":true,"href":"https:\/\/www.vinquotidien.com\/fr\/wp-json\/wp\/v2\/product_brand?post=7220"},{"taxonomy":"product_cat","embeddable":true,"href":"https:\/\/www.vinquotidien.com\/fr\/wp-json\/wp\/v2\/product_cat?post=7220"},{"taxonomy":"product_tag","embeddable":true,"href":"https:\/\/www.vinquotidien.com\/fr\/wp-json\/wp\/v2\/product_tag?post=7220"}],"curies":[{"name":"wp","href":"https:\/\/api.w.org\/{rel}","templated":true}]}}