{"id":7342,"date":"2024-12-19T16:28:44","date_gmt":"2024-12-19T15:28:44","guid":{"rendered":"https:\/\/www.vinquotidien.com\/?post_type=product&#038;p=7342"},"modified":"2026-03-16T10:50:24","modified_gmt":"2026-03-16T09:50:24","slug":"sprissetto-sud","status":"publish","type":"product","link":"https:\/\/www.vinquotidien.com\/fr\/produit\/sprissetto-sud\/","title":{"rendered":"Sprissetto &#8211; Sud"},"content":{"rendered":"<p><strong>Producteur : <\/strong><br \/>\nItalian Spirit Brands<\/p>\n<p><strong>D\u00e9nomination \/ Appellation :<\/strong><br \/>\nLiqueur ap\u00e9ritive de type Spritz<\/p>\n<p><strong>R\u00e9gion :<\/strong><br \/>\nVeneto\/Italie<\/p>\n<p><strong>Et dans le verre :<\/strong><br \/>\nUn voyage \u00e0 travers les ar\u00f4mes typiques de la M\u00e9diterran\u00e9e et les ingr\u00e9dients les plus c\u00e9l\u00e8bres de la cuisine traditionnelle du sud de l&rsquo;Italie.<br \/>\nSprissetto Sud est obtenu \u00e0 partir d&rsquo;une infusion \u00e9quilibr\u00e9e d&rsquo;herbes am\u00e8res, de bergamote, d&rsquo;oranges, de romarin, de sauge et de piment.<br \/>\nId\u00e9al pour la pr\u00e9paration de c\u00e9l\u00e8bres cocktails ap\u00e9ritifs tels que l&rsquo;Americano et le Negroni. Excellent accompagn\u00e9 d&rsquo;un bon prosecco pour un spritz superlatif.<br \/>\nParfait pour ajouter une touche d&rsquo;authenticit\u00e9 m\u00e9diterran\u00e9enne \u00e0 tout moment de convivialit\u00e9.<br \/>\n100 cl \/ 15 % vol.<\/p>\n<p><strong>Id\u00e9es de recettes :<br \/>\n<\/strong><br \/>\n<strong>SPRITZ SUD :<\/strong><br \/>\n60 ml de Sprissetto Sud + 90 ml de Prosecco Extra Dry de la Cantine Castelnuovo del Garda + Soda selon le gout.<br \/>\n<strong>NEGRONI SUD : <\/strong><br \/>\n30 ml de Sprissetto Sud + 30 ml de Vermouth Dry + 30 ml de Gin Tradition de la Distillerie G. Miclo.<br \/>\n<strong>SUD-AMERICANO : <\/strong><br \/>\n30 ml de Sprissetto Sud + 30 ml de Vermoth Le Gaulois de la Distillerie G\u00e9nestine + Soda selon le gout.<\/p>\n","protected":false},"excerpt":{"rendered":"<p><strong>Producteur : <\/strong><br \/>\nItalian Spirit Brands<\/p>\n<p><strong>D\u00e9nomination \/ Appellation :<\/strong><br \/>\nLiqueur ap\u00e9ritive de type Spritz<\/p>\n<p><strong>R\u00e9gion :<\/strong><br \/>\nVeneto\/Italie<\/p>\n","protected":false},"featured_media":7337,"comment_status":"open","ping_status":"closed","template":"","meta":[],"product_brand":[],"product_cat":[83,100],"product_tag":[],"class_list":{"0":"post-7342","1":"product","2":"type-product","3":"status-publish","4":"has-post-thumbnail","6":"product_cat-spiritueux","7":"product_cat-vente-a-lunite","9":"first","10":"instock","11":"taxable","12":"shipping-taxable","13":"purchasable","14":"product-type-simple"},"group_of_quantity":1,"min_quantity":0,"max_quantity":"","exclude_order_quantity_value_rules":"no","exclude_category_quantity_rules":"no","combine_variations":"no","_links":{"self":[{"href":"https:\/\/www.vinquotidien.com\/fr\/wp-json\/wp\/v2\/product\/7342","targetHints":{"allow":["GET"]}}],"collection":[{"href":"https:\/\/www.vinquotidien.com\/fr\/wp-json\/wp\/v2\/product"}],"about":[{"href":"https:\/\/www.vinquotidien.com\/fr\/wp-json\/wp\/v2\/types\/product"}],"replies":[{"embeddable":true,"href":"https:\/\/www.vinquotidien.com\/fr\/wp-json\/wp\/v2\/comments?post=7342"}],"wp:featuredmedia":[{"embeddable":true,"href":"https:\/\/www.vinquotidien.com\/fr\/wp-json\/wp\/v2\/media\/7337"}],"wp:attachment":[{"href":"https:\/\/www.vinquotidien.com\/fr\/wp-json\/wp\/v2\/media?parent=7342"}],"wp:term":[{"taxonomy":"product_brand","embeddable":true,"href":"https:\/\/www.vinquotidien.com\/fr\/wp-json\/wp\/v2\/product_brand?post=7342"},{"taxonomy":"product_cat","embeddable":true,"href":"https:\/\/www.vinquotidien.com\/fr\/wp-json\/wp\/v2\/product_cat?post=7342"},{"taxonomy":"product_tag","embeddable":true,"href":"https:\/\/www.vinquotidien.com\/fr\/wp-json\/wp\/v2\/product_tag?post=7342"}],"curies":[{"name":"wp","href":"https:\/\/api.w.org\/{rel}","templated":true}]}}