{"id":7344,"date":"2024-12-19T16:32:17","date_gmt":"2024-12-19T15:32:17","guid":{"rendered":"https:\/\/www.vinquotidien.com\/?post_type=product&#038;p=7344"},"modified":"2026-03-16T10:50:28","modified_gmt":"2026-03-16T09:50:28","slug":"sprissetto-eden","status":"publish","type":"product","link":"https:\/\/www.vinquotidien.com\/fr\/produit\/sprissetto-eden\/","title":{"rendered":"Sprissetto &#8211; Eden"},"content":{"rendered":"<p><strong>Producteur : <\/strong><br \/>\nItalian Spirit Brands<\/p>\n<p><strong>D\u00e9nomination \/ Appellation :<\/strong><br \/>\nLiqueur ap\u00e9ritive de type Spritz<\/p>\n<p><strong>R\u00e9gion :<\/strong><br \/>\nVeneto\/Italie<\/p>\n<p><strong>Et dans le verre :<\/strong><br \/>\nUne liqueur de fruits rouges \u00e9l\u00e9gante et \u00e9quilibr\u00e9e, parfum\u00e9e et d\u00e9licieuse.<br \/>\nSprissetto Eden est un ap\u00e9ritif fruit\u00e9 et intense, agr\u00e9able, obtenu \u00e0 partir d&rsquo;une infusion \u00e9quilibr\u00e9e de grenade, fruits rouges, gingembre et fleur de sureau.<br \/>\nId\u00e9al pour la pr\u00e9paration de long drinks et des cocktails ap\u00e9ritifs les plus c\u00e9l\u00e8bres comme l&rsquo;Americano et le Negroni.<br \/>\nExcellent accompagn\u00e9 d&rsquo;un bon prosecco pour un spritz superlatif.<br \/>\nParfait pour ceux qui veulent un ap\u00e9ritif raffin\u00e9 au go\u00fbt unique.<br \/>\n100 cl \/ 15 % vol.<\/p>\n<p><strong>Id\u00e9es de recettes :<br \/>\n<\/strong><br \/>\n<strong>SPRITZ EDEN : <\/strong><br \/>\n60 ml de Sprissetto Eden + 90 ml de Prosecco Extra Dry de la Cantine Castelnuovo del Garda + Soda selon le gout.<br \/>\n<strong>NEGRONI ROSE : <\/strong><br \/>\n30 ml de Sprissetto Eden + + 30 ml de Vermouth Dry + 30 ml de Gin Tradition de la Distillerie G. Miclo.<br \/>\n<strong>AMERICANO ROSE : <\/strong><br \/>\n30 ml de Sprissetto Eden + 30 ml de Vermouth Dry + Soda selon le gout.<\/p>\n","protected":false},"excerpt":{"rendered":"<p><strong>Producteur : <\/strong><br \/>\nItalian Spirit Brands<\/p>\n<p><strong>D\u00e9nomination \/ Appellation :<\/strong><br \/>\nLiqueur ap\u00e9ritive de type Spritz<\/p>\n<p><strong>R\u00e9gion :<\/strong><br \/>\nVeneto\/Italie<\/p>\n","protected":false},"featured_media":7335,"comment_status":"open","ping_status":"closed","template":"","meta":[],"product_brand":[],"product_cat":[83,100],"product_tag":[],"class_list":{"0":"post-7344","1":"product","2":"type-product","3":"status-publish","4":"has-post-thumbnail","6":"product_cat-spiritueux","7":"product_cat-vente-a-lunite","9":"first","10":"instock","11":"taxable","12":"shipping-taxable","13":"purchasable","14":"product-type-simple"},"group_of_quantity":1,"min_quantity":0,"max_quantity":"","exclude_order_quantity_value_rules":"no","exclude_category_quantity_rules":"no","combine_variations":"no","_links":{"self":[{"href":"https:\/\/www.vinquotidien.com\/fr\/wp-json\/wp\/v2\/product\/7344","targetHints":{"allow":["GET"]}}],"collection":[{"href":"https:\/\/www.vinquotidien.com\/fr\/wp-json\/wp\/v2\/product"}],"about":[{"href":"https:\/\/www.vinquotidien.com\/fr\/wp-json\/wp\/v2\/types\/product"}],"replies":[{"embeddable":true,"href":"https:\/\/www.vinquotidien.com\/fr\/wp-json\/wp\/v2\/comments?post=7344"}],"wp:featuredmedia":[{"embeddable":true,"href":"https:\/\/www.vinquotidien.com\/fr\/wp-json\/wp\/v2\/media\/7335"}],"wp:attachment":[{"href":"https:\/\/www.vinquotidien.com\/fr\/wp-json\/wp\/v2\/media?parent=7344"}],"wp:term":[{"taxonomy":"product_brand","embeddable":true,"href":"https:\/\/www.vinquotidien.com\/fr\/wp-json\/wp\/v2\/product_brand?post=7344"},{"taxonomy":"product_cat","embeddable":true,"href":"https:\/\/www.vinquotidien.com\/fr\/wp-json\/wp\/v2\/product_cat?post=7344"},{"taxonomy":"product_tag","embeddable":true,"href":"https:\/\/www.vinquotidien.com\/fr\/wp-json\/wp\/v2\/product_tag?post=7344"}],"curies":[{"name":"wp","href":"https:\/\/api.w.org\/{rel}","templated":true}]}}