{"id":7414,"date":"2025-02-15T15:08:18","date_gmt":"2025-02-15T14:08:18","guid":{"rendered":"https:\/\/www.vinquotidien.com\/?post_type=product&#038;p=7414"},"modified":"2026-03-16T10:54:52","modified_gmt":"2026-03-16T09:54:52","slug":"solis-lumen-pays-doc","status":"publish","type":"product","link":"https:\/\/www.vinquotidien.com\/fr\/produit\/solis-lumen-pays-doc\/","title":{"rendered":"Solis Lumen &#8211; Pays d&rsquo;Oc"},"content":{"rendered":"<p><strong>Vigneron : <\/strong><br \/>\nDomaine de Montrose<\/p>\n<p><strong>Appellation : <\/strong><br \/>\nPays d&rsquo;Oc<\/p>\n<p><strong>R\u00e9gion : <\/strong><br \/>\nLanguedoc<\/p>\n<p><strong>Et le vin :<\/strong><br \/>\nC\u00e9pages : 80% Grenache, 20% Cinsault<br \/>\nTerroirs de sols argilo-calcaire et de cailloutis silico-argileux<br \/>\nVinification : vendanges de nuit pour pr\u00e9server la fra\u00eecheur. Les raisins sont \u00e9grapp\u00e9s avant une tr\u00e8s courte mac\u00e9ration ou un pressurage direct.<br \/>\nApr\u00e8s fermentation les vins issus des diff\u00e9rents terroirs sont alors assembl\u00e9s puis \u00e9lev\u00e9s en cuves inox.<br \/>\nEmbouteillage en hiver et au printemps.<\/p>\n<p><strong>Et dans le verre :<\/strong><br \/>\nJolie robe rose p\u00e2le.<br \/>\nNez croquant de fruits rouges et d\u2019agrumes.<br \/>\nFinale \u00e9l\u00e9gante alliant rondeur et fra\u00eecheur.<\/p>\n<p><strong>Accords Mets &amp; Vins : <\/strong><br \/>\nD\u00e8s l\u2019ap\u00e9ritif et pour accompagner vos plats d\u2019\u00e9t\u00e9<\/p>\n","protected":false},"excerpt":{"rendered":"<p><strong>Vigneron : <\/strong><br \/>\nDomaine de Montrose<\/p>\n<p><strong>Appellation : <\/strong><br \/>\nPays d&rsquo;Oc<\/p>\n<p><strong>R\u00e9gion : <\/strong><br \/>\nLanguedoc<\/p>\n","protected":false},"featured_media":7415,"comment_status":"open","ping_status":"closed","template":"","meta":[],"product_brand":[],"product_cat":[27],"product_tag":[],"class_list":{"0":"post-7414","1":"product","2":"type-product","3":"status-publish","4":"has-post-thumbnail","6":"product_cat-vin-rose","8":"first","9":"instock","10":"taxable","11":"shipping-taxable","12":"purchasable","13":"product-type-simple"},"group_of_quantity":6,"min_quantity":0,"max_quantity":"","exclude_order_quantity_value_rules":"no","exclude_category_quantity_rules":"no","combine_variations":"no","_links":{"self":[{"href":"https:\/\/www.vinquotidien.com\/fr\/wp-json\/wp\/v2\/product\/7414","targetHints":{"allow":["GET"]}}],"collection":[{"href":"https:\/\/www.vinquotidien.com\/fr\/wp-json\/wp\/v2\/product"}],"about":[{"href":"https:\/\/www.vinquotidien.com\/fr\/wp-json\/wp\/v2\/types\/product"}],"replies":[{"embeddable":true,"href":"https:\/\/www.vinquotidien.com\/fr\/wp-json\/wp\/v2\/comments?post=7414"}],"wp:featuredmedia":[{"embeddable":true,"href":"https:\/\/www.vinquotidien.com\/fr\/wp-json\/wp\/v2\/media\/7415"}],"wp:attachment":[{"href":"https:\/\/www.vinquotidien.com\/fr\/wp-json\/wp\/v2\/media?parent=7414"}],"wp:term":[{"taxonomy":"product_brand","embeddable":true,"href":"https:\/\/www.vinquotidien.com\/fr\/wp-json\/wp\/v2\/product_brand?post=7414"},{"taxonomy":"product_cat","embeddable":true,"href":"https:\/\/www.vinquotidien.com\/fr\/wp-json\/wp\/v2\/product_cat?post=7414"},{"taxonomy":"product_tag","embeddable":true,"href":"https:\/\/www.vinquotidien.com\/fr\/wp-json\/wp\/v2\/product_tag?post=7414"}],"curies":[{"name":"wp","href":"https:\/\/api.w.org\/{rel}","templated":true}]}}