{"id":7428,"date":"2025-02-15T17:28:44","date_gmt":"2025-02-15T16:28:44","guid":{"rendered":"https:\/\/www.vinquotidien.com\/?post_type=product&#038;p=7428"},"modified":"2026-03-16T10:55:28","modified_gmt":"2026-03-16T09:55:28","slug":"solis-lumen-petillant-000-pays-doc","status":"publish","type":"product","link":"https:\/\/www.vinquotidien.com\/fr\/produit\/solis-lumen-petillant-000-pays-doc\/","title":{"rendered":"Solis Lumen P\u00e9tillant 0,0 % 2024 &#8211; Pays d&rsquo;Oc"},"content":{"rendered":"<p><strong>Vigneron : <\/strong><br \/>\nDomaine de Montrose<\/p>\n<p><strong>Appellation : <\/strong><br \/>\nPays d&rsquo;Oc<\/p>\n<p><strong>R\u00e9gion : <\/strong><br \/>\nLanguedoc<\/p>\n<p><strong>Alcool :<\/strong><br \/>\n0.0%<\/p>\n<p><strong>Et le vin :<\/strong><br \/>\nC\u00e9pages : 80% Grenache, 20% Cinsault<br \/>\nTerroirs de sols argilo-calcaire et de cailloutis silico-argileux<br \/>\nChaque c\u00e9page et terroirs de cette cuv\u00e9e sans alcool sont vinifi\u00e9s s\u00e9par\u00e9ment avec le m\u00eame niveau d\u2019exigence que pour un vin classique.<br \/>\nL\u2019assemblage est ensuite d\u00e9salcoolis\u00e9 par \u00e9vaporation sous vide, technique la plus douce pour pr\u00e9server le caract\u00e8re unique du vin.<br \/>\nL\u2019\u00e9quilibre trouv\u00e9 lors de la vinification permet de proposer un sans alcool parmi les moins sucr\u00e9s du march\u00e9.<br \/>\nLa jolie bulle de cette cuv\u00e9e est obtenue gr\u00e2ce \u00e0 une gaz\u00e9ification, m\u00e9thode consistant \u00e0 injecter du gaz carbonique alimentaire dans le vin.<\/p>\n<p><strong>Et dans le verre :<\/strong><br \/>\nJolie robe rose p\u00e2le.<br \/>\nAr\u00f4mes de fruits \u00e0 chair blanches relev\u00e9s par une subtile note d\u2019agrumes.<br \/>\nEquilibre parfait entre rondeur et finesse.<br \/>\nUne cuv\u00e9e sans alcool, \u00e0 la bulle \u00e9l\u00e9gante, fraiche et tr\u00e8s peu sucr\u00e9e<\/p>\n<p><strong>Accords Mets &amp; Vins : <\/strong><br \/>\nD\u00e9s l\u2019ap\u00e9ritif et pour accompagner vos plats d\u2019\u00e9t\u00e9<\/p>\n","protected":false},"excerpt":{"rendered":"<p><strong>Vigneron : <\/strong><br \/>\nDomaine de Montrose<\/p>\n<p><strong>Appellation : <\/strong><br \/>\nPays d&rsquo;Oc<\/p>\n<p><strong>R\u00e9gion : <\/strong><br \/>\nLanguedoc<\/p>\n<p><strong>Alcool : <\/strong>0.0%<\/p>\n","protected":false},"featured_media":7423,"comment_status":"open","ping_status":"closed","template":"","meta":[],"product_brand":[],"product_cat":[28,98,27],"product_tag":[],"class_list":{"0":"post-7428","1":"product","2":"type-product","3":"status-publish","4":"has-post-thumbnail","6":"product_cat-bulles","7":"product_cat-sans-alcool","8":"product_cat-vin-rose","10":"first","11":"instock","12":"taxable","13":"shipping-taxable","14":"purchasable","15":"product-type-simple"},"group_of_quantity":6,"min_quantity":0,"max_quantity":"","exclude_order_quantity_value_rules":"no","exclude_category_quantity_rules":"no","combine_variations":"no","_links":{"self":[{"href":"https:\/\/www.vinquotidien.com\/fr\/wp-json\/wp\/v2\/product\/7428","targetHints":{"allow":["GET"]}}],"collection":[{"href":"https:\/\/www.vinquotidien.com\/fr\/wp-json\/wp\/v2\/product"}],"about":[{"href":"https:\/\/www.vinquotidien.com\/fr\/wp-json\/wp\/v2\/types\/product"}],"replies":[{"embeddable":true,"href":"https:\/\/www.vinquotidien.com\/fr\/wp-json\/wp\/v2\/comments?post=7428"}],"wp:featuredmedia":[{"embeddable":true,"href":"https:\/\/www.vinquotidien.com\/fr\/wp-json\/wp\/v2\/media\/7423"}],"wp:attachment":[{"href":"https:\/\/www.vinquotidien.com\/fr\/wp-json\/wp\/v2\/media?parent=7428"}],"wp:term":[{"taxonomy":"product_brand","embeddable":true,"href":"https:\/\/www.vinquotidien.com\/fr\/wp-json\/wp\/v2\/product_brand?post=7428"},{"taxonomy":"product_cat","embeddable":true,"href":"https:\/\/www.vinquotidien.com\/fr\/wp-json\/wp\/v2\/product_cat?post=7428"},{"taxonomy":"product_tag","embeddable":true,"href":"https:\/\/www.vinquotidien.com\/fr\/wp-json\/wp\/v2\/product_tag?post=7428"}],"curies":[{"name":"wp","href":"https:\/\/api.w.org\/{rel}","templated":true}]}}