{"id":7505,"date":"2025-03-13T10:56:57","date_gmt":"2025-03-13T09:56:57","guid":{"rendered":"https:\/\/www.vinquotidien.com\/?post_type=product&#038;p=7505"},"modified":"2025-03-24T14:56:27","modified_gmt":"2025-03-24T13:56:27","slug":"chateau-lassus-2019-medoc-cru-bourgeois","status":"publish","type":"product","link":"https:\/\/www.vinquotidien.com\/fr\/produit\/chateau-lassus-2019-medoc-cru-bourgeois\/","title":{"rendered":"Ch\u00e2teau Lassus 2019 &#8211; M\u00e9doc Cru Bourgeois"},"content":{"rendered":"<p><strong>Vigneron :<\/strong><br \/>\nVignobles Paeffgen<\/p>\n<p><strong>Appellation :<\/strong><br \/>\nM\u00e9doc Cru Bourgeois<\/p>\n<p><strong>R\u00e9gion :<\/strong><br \/>\nBordelais<\/p>\n<p><strong>Et le vin :<\/strong><br \/>\nC\u00e9pages : 45% Cabernet Sauvignon, 55% Merlot.<br \/>\nAge moyen du vignoble de 40 ans.<br \/>\nTerroir: Graves Girondines<br \/>\nVinification traditionnelle, dans une logique parcellaire, avec thermor\u00e9gulation, longues cuvaisons puis un \u00e9levage de 12 mois en barriques de ch\u00eane fran\u00e7ais ou cuves inox.<\/p>\n<p><strong>Et dans le verre :<\/strong><br \/>\nRobe carmin profonde.<br \/>\nBouquet de cerises et de baies noires avec des nuances de f\u00e8ves de cacao et une rafra\u00eechissante touche de menthe.<br \/>\nLa bouche est fruit\u00e9e, concentr\u00e9e mais soyeuse et tr\u00e8s \u00e9quilibr\u00e9e.<br \/>\nSa finale pleine et son c\u00f4t\u00e9 charmant permettent d\u00e9j\u00e0 de le savourer dans sa jeunesse.<\/p>\n<p><strong>Accords Mets &amp; Vins :<\/strong><br \/>\nIl accompagnera \u00e0 merveille les viandes rouges et les champignons<\/p>\n","protected":false},"excerpt":{"rendered":"<p><strong>Vigneron : <\/strong><br \/>\nVignobles Paeffgen<\/p>\n<p><strong>Appellation : <\/strong><br \/>\nM\u00e9doc Cru Bourgeois<\/p>\n<p><strong>R\u00e9gion :<\/strong><br \/>\nBordelais<\/p>\n","protected":false},"featured_media":7506,"comment_status":"open","ping_status":"closed","template":"","meta":[],"product_brand":[],"product_cat":[22,25],"product_tag":[],"class_list":{"0":"post-7505","1":"product","2":"type-product","3":"status-publish","4":"has-post-thumbnail","6":"product_cat-nouveautes","7":"product_cat-vin-rouge","9":"first","10":"instock","11":"taxable","12":"shipping-taxable","13":"purchasable","14":"product-type-simple"},"group_of_quantity":6,"min_quantity":0,"max_quantity":"","exclude_order_quantity_value_rules":"no","exclude_category_quantity_rules":"no","combine_variations":"no","_links":{"self":[{"href":"https:\/\/www.vinquotidien.com\/fr\/wp-json\/wp\/v2\/product\/7505","targetHints":{"allow":["GET"]}}],"collection":[{"href":"https:\/\/www.vinquotidien.com\/fr\/wp-json\/wp\/v2\/product"}],"about":[{"href":"https:\/\/www.vinquotidien.com\/fr\/wp-json\/wp\/v2\/types\/product"}],"replies":[{"embeddable":true,"href":"https:\/\/www.vinquotidien.com\/fr\/wp-json\/wp\/v2\/comments?post=7505"}],"wp:featuredmedia":[{"embeddable":true,"href":"https:\/\/www.vinquotidien.com\/fr\/wp-json\/wp\/v2\/media\/7506"}],"wp:attachment":[{"href":"https:\/\/www.vinquotidien.com\/fr\/wp-json\/wp\/v2\/media?parent=7505"}],"wp:term":[{"taxonomy":"product_brand","embeddable":true,"href":"https:\/\/www.vinquotidien.com\/fr\/wp-json\/wp\/v2\/product_brand?post=7505"},{"taxonomy":"product_cat","embeddable":true,"href":"https:\/\/www.vinquotidien.com\/fr\/wp-json\/wp\/v2\/product_cat?post=7505"},{"taxonomy":"product_tag","embeddable":true,"href":"https:\/\/www.vinquotidien.com\/fr\/wp-json\/wp\/v2\/product_tag?post=7505"}],"curies":[{"name":"wp","href":"https:\/\/api.w.org\/{rel}","templated":true}]}}