{"id":7532,"date":"2025-03-13T13:34:35","date_gmt":"2025-03-13T12:34:35","guid":{"rendered":"https:\/\/www.vinquotidien.com\/?post_type=product&#038;p=7532"},"modified":"2026-03-16T10:53:57","modified_gmt":"2026-03-16T09:53:57","slug":"san-micheli-blanc-2023-corse-sartene","status":"publish","type":"product","link":"https:\/\/www.vinquotidien.com\/fr\/produit\/san-micheli-blanc-2023-corse-sartene\/","title":{"rendered":"San Micheli blanc 2023 \u2013 Corse Sart\u00e8ne"},"content":{"rendered":"<p><strong>Vigneron : <\/strong><br \/>\nDomaine San Micheli<\/p>\n<p><strong>Appellation : <\/strong><br \/>\nCorse Sart\u00e8ne<\/p>\n<p><strong>R\u00e9gion :<\/strong><br \/>\nCorse<\/p>\n<p><strong>Et le vin : <\/strong><br \/>\nC\u00e9page : 100 % Vermentinu<br \/>\nAge moyen des vignes de 30 ans<br \/>\nTerroir : Coteaux d\u2019ar\u00e8ne granitique situ\u00e9 \u00e0 150 m d\u2019altitude, d\u2019exposition sud\/ouest.<br \/>\nConduite du vignoble en agriculture raisonn\u00e9e, en voie de conversion vers l\u2019Agriculture\u00a0Biologique.<br \/>\nVendanges manuelles, pressurage direct et tri des jus de presse.<br \/>\nD\u00e9bourbage \u00e0 froid, fermentation \u00e0 basse temp\u00e9rature (15\u00b0 &#8211; 16 \u00b0c).<br \/>\nElevage en cuve sur lie fine pendant 5 mois avant assemblage, filtration et mise en bouteille.<\/p>\n<p><strong>Et dans le verre :<\/strong><br \/>\nRobe jaune p\u00e2le \u00e0 reflets or verts.<br \/>\nNez \u00e9l\u00e9gamment floral, nuanc\u00e9 d&rsquo;agrumes.<br \/>\nBouche ronde et grasse, min\u00e9rale et fruit\u00e9e, tendue par une finale fra\u00eeche.<\/p>\n<p><strong>Accords Mets &amp; Vins : <\/strong><br \/>\nSur un ceviche ou un poulpe grill\u00e9.<\/p>\n","protected":false},"excerpt":{"rendered":"<p><strong>Vigneron : <\/strong><br \/>\nDomaine San Micheli<\/p>\n<p><strong>Appellation : <\/strong><br \/>\nCorse Sart\u00e8ne<\/p>\n<p><strong>R\u00e9gion :<\/strong><br \/>\nCorse<\/p>\n","protected":false},"featured_media":7533,"comment_status":"open","ping_status":"closed","template":"","meta":[],"product_brand":[],"product_cat":[26],"product_tag":[],"class_list":{"0":"post-7532","1":"product","2":"type-product","3":"status-publish","4":"has-post-thumbnail","6":"product_cat-vin-blanc","8":"first","9":"instock","10":"taxable","11":"shipping-taxable","12":"purchasable","13":"product-type-simple"},"group_of_quantity":6,"min_quantity":0,"max_quantity":"","exclude_order_quantity_value_rules":"no","exclude_category_quantity_rules":"no","combine_variations":"no","_links":{"self":[{"href":"https:\/\/www.vinquotidien.com\/fr\/wp-json\/wp\/v2\/product\/7532","targetHints":{"allow":["GET"]}}],"collection":[{"href":"https:\/\/www.vinquotidien.com\/fr\/wp-json\/wp\/v2\/product"}],"about":[{"href":"https:\/\/www.vinquotidien.com\/fr\/wp-json\/wp\/v2\/types\/product"}],"replies":[{"embeddable":true,"href":"https:\/\/www.vinquotidien.com\/fr\/wp-json\/wp\/v2\/comments?post=7532"}],"wp:featuredmedia":[{"embeddable":true,"href":"https:\/\/www.vinquotidien.com\/fr\/wp-json\/wp\/v2\/media\/7533"}],"wp:attachment":[{"href":"https:\/\/www.vinquotidien.com\/fr\/wp-json\/wp\/v2\/media?parent=7532"}],"wp:term":[{"taxonomy":"product_brand","embeddable":true,"href":"https:\/\/www.vinquotidien.com\/fr\/wp-json\/wp\/v2\/product_brand?post=7532"},{"taxonomy":"product_cat","embeddable":true,"href":"https:\/\/www.vinquotidien.com\/fr\/wp-json\/wp\/v2\/product_cat?post=7532"},{"taxonomy":"product_tag","embeddable":true,"href":"https:\/\/www.vinquotidien.com\/fr\/wp-json\/wp\/v2\/product_tag?post=7532"}],"curies":[{"name":"wp","href":"https:\/\/api.w.org\/{rel}","templated":true}]}}