{"id":7922,"date":"2025-08-02T08:54:20","date_gmt":"2025-08-02T06:54:20","guid":{"rendered":"https:\/\/www.vinquotidien.com\/?post_type=product&#038;p=7922"},"modified":"2026-05-08T11:12:37","modified_gmt":"2026-05-08T09:12:37","slug":"la-ptite-cote-cotes-du-rhone-rouge-domaine-du-trapadis","status":"publish","type":"product","link":"https:\/\/www.vinquotidien.com\/fr\/produit\/la-ptite-cote-cotes-du-rhone-rouge-domaine-du-trapadis\/","title":{"rendered":"La P&rsquo;tite C\u00f4te &#8211; C\u00f4tes-du-Rh\u00f4ne rouge &#8211; Domaine du Trapadis"},"content":{"rendered":"<p><strong>Vigneron : <\/strong><br \/>\nDomaine du Trapadis<\/p>\n<p><strong>Appellation : <\/strong><br \/>\nC\u00f4tes-du-Rh\u00f4ne<\/p>\n<p><strong>R\u00e9gion :<\/strong><br \/>\nVall\u00e9e du Rh\u00f4ne<\/p>\n<p><strong>R\u00e9compenses :<\/strong><\/p>\n<p><strong>Et le vin : <\/strong><br \/>\nC\u00e9page: 100% Grenache noir<br \/>\nTerroir argilo-calcaire, situ\u00e9 en plaine, compos\u00e9 d\u2019argile rouge et de petits cailloux roul\u00e9s.<br \/>\nLe vignoble est cultiv\u00e9 sans d\u00e9sherbants, les engrais chimiques et les produits de synth\u00e8se sont \u00e9galement proscrits.<br \/>\nVendanges manuelles tri\u00e9es grain par grain.<br \/>\nLa r\u00e9colte est press\u00e9e directement, puis le jus est d\u00e9bourb\u00e9 \u00e0 froid pendant 24 heures.<br \/>\nLa fermentation alcoolique se d\u00e9roule en cuves avec des levures du terroir \u00e0 une temp\u00e9rature de 18\u00b0C.<br \/>\nMise en bouteille au domaine avant l\u2019\u00e9t\u00e9.<\/p>\n<p><strong>Et dans le verre :<\/strong><br \/>\nJolie robe grenat.<br \/>\nNez complexe compos\u00e9 de fruits rouges, de cuir, de garrigue et de menthol.<br \/>\nBouche ample sur les ar\u00f4mes du nez, avec une belle structure et les tanins souples du Grenache.<br \/>\nFinale \u00e9l\u00e9gante sur les petits fruits rouges.<\/p>\n<p><strong>Accords Mets &amp; Vins : <\/strong><br \/>\nAvec une belle viande rouge grill\u00e9e<\/p>\n","protected":false},"excerpt":{"rendered":"<p><strong>Vigneron : <\/strong><br \/>\nDomaine du Trapadis<\/p>\n<p><strong>Appellation : <\/strong><br \/>\nC\u00f4tes-du-Rh\u00f4ne<\/p>\n<p><strong>R\u00e9gion :<\/strong><br \/>\nVall\u00e9e du Rh\u00f4ne<\/p>\n<p><strong>R\u00e9compenses :<\/strong><\/p>\n","protected":false},"featured_media":7923,"comment_status":"open","ping_status":"closed","template":"","meta":[],"product_brand":[],"product_cat":[25],"product_tag":[],"class_list":{"0":"post-7922","1":"product","2":"type-product","3":"status-publish","4":"has-post-thumbnail","6":"product_cat-vin-rouge","8":"first","9":"outofstock","10":"taxable","11":"shipping-taxable","12":"purchasable","13":"product-type-simple"},"group_of_quantity":6,"min_quantity":0,"max_quantity":"","exclude_order_quantity_value_rules":"no","exclude_category_quantity_rules":"no","combine_variations":"no","_links":{"self":[{"href":"https:\/\/www.vinquotidien.com\/fr\/wp-json\/wp\/v2\/product\/7922","targetHints":{"allow":["GET"]}}],"collection":[{"href":"https:\/\/www.vinquotidien.com\/fr\/wp-json\/wp\/v2\/product"}],"about":[{"href":"https:\/\/www.vinquotidien.com\/fr\/wp-json\/wp\/v2\/types\/product"}],"replies":[{"embeddable":true,"href":"https:\/\/www.vinquotidien.com\/fr\/wp-json\/wp\/v2\/comments?post=7922"}],"wp:featuredmedia":[{"embeddable":true,"href":"https:\/\/www.vinquotidien.com\/fr\/wp-json\/wp\/v2\/media\/7923"}],"wp:attachment":[{"href":"https:\/\/www.vinquotidien.com\/fr\/wp-json\/wp\/v2\/media?parent=7922"}],"wp:term":[{"taxonomy":"product_brand","embeddable":true,"href":"https:\/\/www.vinquotidien.com\/fr\/wp-json\/wp\/v2\/product_brand?post=7922"},{"taxonomy":"product_cat","embeddable":true,"href":"https:\/\/www.vinquotidien.com\/fr\/wp-json\/wp\/v2\/product_cat?post=7922"},{"taxonomy":"product_tag","embeddable":true,"href":"https:\/\/www.vinquotidien.com\/fr\/wp-json\/wp\/v2\/product_tag?post=7922"}],"curies":[{"name":"wp","href":"https:\/\/api.w.org\/{rel}","templated":true}]}}