{"id":8104,"date":"2025-10-23T10:25:49","date_gmt":"2025-10-23T08:25:49","guid":{"rendered":"https:\/\/www.vinquotidien.com\/?post_type=product&#038;p=8104"},"modified":"2025-10-23T10:25:49","modified_gmt":"2025-10-23T08:25:49","slug":"vieilles-canailles-saint-chinian-les-eminades","status":"publish","type":"product","link":"https:\/\/www.vinquotidien.com\/fr\/produit\/vieilles-canailles-saint-chinian-les-eminades\/","title":{"rendered":"Vieilles Canailles &#8211; Saint-Chinian &#8211; Les Eminades"},"content":{"rendered":"<p><strong>Vigneron : <\/strong><br \/>\nDomaine Les Eminades<\/p>\n<p><strong>Appellation : <\/strong><br \/>\nSaint-Chinian<\/p>\n<p><strong>R\u00e9gion :<\/strong><br \/>\nLanguedoc<\/p>\n<p><strong>R\u00e9compenses :<\/strong><\/p>\n<p><strong>Et le vin : <\/strong><br \/>\nC\u00e9pages : 95 % Carignan (vignes plant\u00e9es en 1902), 5% Mourv\u00e8dre<br \/>\nCes tr\u00e8s vieux plants de Carignan greff\u00e9e en 1902 sont un hommage \u00e0 ce c\u00e9page autochtone et embl\u00e9matique du Languedoc.<br \/>\nVendanges manuelles en cagettes avec tri rigoureux.<br \/>\nVinification traditionnelle 100% en grappes enti\u00e8res.<br \/>\nElevage de 20 mois en demi-muids de 500 et 600l.<br \/>\nTr\u00e8s petite production de 2300 bouteilles seulement.<\/p>\n<p><strong>Et dans le verre :<\/strong><br \/>\nRobe rouge profonde et tr\u00e8s dense.<br \/>\nNotes de fruits sauvages m\u00eal\u00e9es de senteurs florales de thym, violette et sureau.<br \/>\nEn bouche l\u2019attaque est franche avec des tannins fins et cisel\u00e9s.<br \/>\nLe terroir est omnipr\u00e9sent avec ses notes fum\u00e9es et ses notes de graphite.<br \/>\nCe vin d\u2019une grande persistance est une merveille d\u2019\u00e9quilibre.<\/p>\n<p><strong>Accords Mets &amp; Vins : <\/strong><br \/>\nAvec une belle viande rouge matur\u00e9e<\/p>\n","protected":false},"excerpt":{"rendered":"<p><strong>Vigneron : <\/strong><br \/>\nDomaine Les Eminades<\/p>\n<p><strong>Appellation : <\/strong><br \/>\nSaint-Chinian<\/p>\n<p><strong>R\u00e9gion :<\/strong><br \/>\nLanguedoc<\/p>\n<p><strong>R\u00e9compenses :<\/strong><\/p>\n","protected":false},"featured_media":8105,"comment_status":"open","ping_status":"closed","template":"","meta":[],"product_brand":[],"product_cat":[22,25],"product_tag":[],"class_list":{"0":"post-8104","1":"product","2":"type-product","3":"status-publish","4":"has-post-thumbnail","6":"product_cat-nouveautes","7":"product_cat-vin-rouge","9":"first","10":"instock","11":"taxable","12":"shipping-taxable","13":"purchasable","14":"product-type-simple"},"group_of_quantity":6,"min_quantity":0,"max_quantity":"","exclude_order_quantity_value_rules":"no","exclude_category_quantity_rules":"no","combine_variations":"no","_links":{"self":[{"href":"https:\/\/www.vinquotidien.com\/fr\/wp-json\/wp\/v2\/product\/8104","targetHints":{"allow":["GET"]}}],"collection":[{"href":"https:\/\/www.vinquotidien.com\/fr\/wp-json\/wp\/v2\/product"}],"about":[{"href":"https:\/\/www.vinquotidien.com\/fr\/wp-json\/wp\/v2\/types\/product"}],"replies":[{"embeddable":true,"href":"https:\/\/www.vinquotidien.com\/fr\/wp-json\/wp\/v2\/comments?post=8104"}],"wp:featuredmedia":[{"embeddable":true,"href":"https:\/\/www.vinquotidien.com\/fr\/wp-json\/wp\/v2\/media\/8105"}],"wp:attachment":[{"href":"https:\/\/www.vinquotidien.com\/fr\/wp-json\/wp\/v2\/media?parent=8104"}],"wp:term":[{"taxonomy":"product_brand","embeddable":true,"href":"https:\/\/www.vinquotidien.com\/fr\/wp-json\/wp\/v2\/product_brand?post=8104"},{"taxonomy":"product_cat","embeddable":true,"href":"https:\/\/www.vinquotidien.com\/fr\/wp-json\/wp\/v2\/product_cat?post=8104"},{"taxonomy":"product_tag","embeddable":true,"href":"https:\/\/www.vinquotidien.com\/fr\/wp-json\/wp\/v2\/product_tag?post=8104"}],"curies":[{"name":"wp","href":"https:\/\/api.w.org\/{rel}","templated":true}]}}