{"id":8108,"date":"2025-10-23T11:00:42","date_gmt":"2025-10-23T09:00:42","guid":{"rendered":"https:\/\/www.vinquotidien.com\/?post_type=product&#038;p=8108"},"modified":"2025-10-23T11:03:33","modified_gmt":"2025-10-23T09:03:33","slug":"grenat-2018-rasteau-vin-doux-naturel-domaine-du-trapadis-50cl","status":"publish","type":"product","link":"https:\/\/www.vinquotidien.com\/fr\/produit\/grenat-2018-rasteau-vin-doux-naturel-domaine-du-trapadis-50cl\/","title":{"rendered":"Grenat 2018 &#8211; Rasteau Vin Doux Naturel &#8211; Domaine du Trapadis &#8211; 50cl"},"content":{"rendered":"<p><strong>Vigneron : <\/strong><br \/>\nDomaine du Trapadis<\/p>\n<p><strong>Appellation : <\/strong><br \/>\nRasteau Vin Doux Naturel<\/p>\n<p><strong>R\u00e9gion :<\/strong><br \/>\nVall\u00e9e du Rh\u00f4ne<\/p>\n<p><strong>R\u00e9compenses :<\/strong><\/p>\n<p><strong>Et le vin : <\/strong><br \/>\nC\u00e9pages : 90 % Grenache noir, 10 % Carignan<br \/>\nTerroir : Sols argilo-calcaire, situ\u00e9 en coteaux, marne jaune expos\u00e9e Sud-Ouest<br \/>\nVignoble cultiv\u00e9 sans d\u00e9sherbants, engrais chimiques ou produits de synth\u00e8se.<br \/>\nR\u00e9colte manuelle soigneusement tri\u00e9e, raisins \u00e9rafl\u00e9s \u00e0 50% puis foul\u00e9s.<br \/>\nCuvaison de 20 jours dont 14 jours de mac\u00e9ration sous alcool \u00e0 une temp\u00e9rature max de 25\u00b0C. Mutage pratiqu\u00e9 sur grain avec de l&rsquo;alcool neutre de marc \u00e0 96\u00b0<br \/>\nElevage en cuve sur lies fines pendant 11 mois.<br \/>\nAssemblage et mise en bouteille d\u00e9but septembre.<\/p>\n<p><strong>Et dans le verre :<\/strong><br \/>\nRobe pourpr\u00e9 intense et profonde.<br \/>\nNez de baies noires, myrtille et cassis, et de violette fra\u00eeche.<br \/>\nEn bouche, des notes fruits noirs, de violette et d\u2019\u00e9pices avec une grande finesse, un naturel et une gourmandise intense gr\u00e2ce \u00e0 son c\u00f4t\u00e9 \u00ab coulis de fruit \u00bb.<br \/>\nSa finale doucement poivr\u00e9e est irr\u00e9sistible !<\/p>\n<p><strong>Accords Mets &amp; Vins : <\/strong><br \/>\nId\u00e9al sur des desserts chocolat\u00e9s et les fromages \u00e0 p\u00e2te persill\u00e9e.<\/p>\n","protected":false},"excerpt":{"rendered":"<p><strong>Vigneron : <\/strong><br \/>\nDomaine du Trapadis<\/p>\n<p><strong>Appellation : <\/strong><br \/>\nRasteau Vin Doux Naturel<\/p>\n<p><strong>R\u00e9gion :<\/strong><br \/>\nVall\u00e9e du Rh\u00f4ne<\/p>\n<p><strong>R\u00e9compenses :<\/strong><\/p>\n","protected":false},"featured_media":8109,"comment_status":"open","ping_status":"closed","template":"","meta":[],"product_brand":[],"product_cat":[22,25],"product_tag":[],"class_list":{"0":"post-8108","1":"product","2":"type-product","3":"status-publish","4":"has-post-thumbnail","6":"product_cat-nouveautes","7":"product_cat-vin-rouge","9":"first","10":"instock","11":"taxable","12":"shipping-taxable","13":"purchasable","14":"product-type-simple"},"group_of_quantity":6,"min_quantity":0,"max_quantity":"","exclude_order_quantity_value_rules":"no","exclude_category_quantity_rules":"no","combine_variations":"no","_links":{"self":[{"href":"https:\/\/www.vinquotidien.com\/fr\/wp-json\/wp\/v2\/product\/8108","targetHints":{"allow":["GET"]}}],"collection":[{"href":"https:\/\/www.vinquotidien.com\/fr\/wp-json\/wp\/v2\/product"}],"about":[{"href":"https:\/\/www.vinquotidien.com\/fr\/wp-json\/wp\/v2\/types\/product"}],"replies":[{"embeddable":true,"href":"https:\/\/www.vinquotidien.com\/fr\/wp-json\/wp\/v2\/comments?post=8108"}],"wp:featuredmedia":[{"embeddable":true,"href":"https:\/\/www.vinquotidien.com\/fr\/wp-json\/wp\/v2\/media\/8109"}],"wp:attachment":[{"href":"https:\/\/www.vinquotidien.com\/fr\/wp-json\/wp\/v2\/media?parent=8108"}],"wp:term":[{"taxonomy":"product_brand","embeddable":true,"href":"https:\/\/www.vinquotidien.com\/fr\/wp-json\/wp\/v2\/product_brand?post=8108"},{"taxonomy":"product_cat","embeddable":true,"href":"https:\/\/www.vinquotidien.com\/fr\/wp-json\/wp\/v2\/product_cat?post=8108"},{"taxonomy":"product_tag","embeddable":true,"href":"https:\/\/www.vinquotidien.com\/fr\/wp-json\/wp\/v2\/product_tag?post=8108"}],"curies":[{"name":"wp","href":"https:\/\/api.w.org\/{rel}","templated":true}]}}