{"id":8138,"date":"2025-10-28T17:19:54","date_gmt":"2025-10-28T16:19:54","guid":{"rendered":"https:\/\/www.vinquotidien.com\/?post_type=product&#038;p=8138"},"modified":"2025-11-24T17:39:13","modified_gmt":"2025-11-24T16:39:13","slug":"sancerre-rouge-2023-francois-crochet","status":"publish","type":"product","link":"https:\/\/www.vinquotidien.com\/fr\/produit\/sancerre-rouge-2023-francois-crochet\/","title":{"rendered":"Sancerre rouge 2023 &#8211; Fran\u00e7ois Crochet"},"content":{"rendered":"<p><strong>Vigneron : <\/strong><br \/>\nFran\u00e7ois Crochet<\/p>\n<p><strong>Appellation : <\/strong><br \/>\nSancerre<\/p>\n<p><strong>R\u00e9gion :<\/strong><br \/>\nLoire<\/p>\n<p><strong>R\u00e9compenses :<\/strong><\/p>\n<p><strong>Et le vin : <\/strong><br \/>\nC\u00e9page : 100% Pinot Noir, \u00e2ge moyen des vignes de 25 ans<br \/>\nCette cuv\u00e9e est un assemblage de diff\u00e9rentes parcelles du domaine sur des terroirs calcaire et argilo-calcaire. Cuv\u00e9e certifi\u00e9e en biodynamie depuis 2020.<br \/>\nVendanges manuelles avec un tri rigoureux des grappes. Assemblage de vendange enti\u00e8re et \u00e9grapp\u00e9e. Apr\u00e8s une mac\u00e9ration \u00e0 froid la fermentation s&rsquo;effectue sous levures indig\u00e8nes. Cuvaison de 20 jours avant \u00e9levage en cuve bois tronc conique.<br \/>\nFiltration sur plaques et mise en bouteilles sans collage apr\u00e8s 15 mois d&rsquo;\u00e9levage.<\/p>\n<p><strong>Et dans le verre : <\/strong><br \/>\nRobe rubis \u00e9clatante.<br \/>\nNez d\u00e9licat de fruits rouges frais relev\u00e9 par des notes florales et une subtile touche d\u2019\u00e9pices douces.<br \/>\nBouche souple et juteuse, s\u00e9duisante par son \u00e9quilibre entre fra\u00eecheur et gourmandise et r\u00e9v\u00e9lant un fruit croquant tout en finesse.<\/p>\n<p><strong>Accords Mets &amp; Vins : <\/strong><br \/>\nParfait pour accompagner une volaille r\u00f4tie ou une po\u00eal\u00e9e de girolles<\/p>\n","protected":false},"excerpt":{"rendered":"<p><strong>Vigneron : <\/strong><br \/>\nFran\u00e7ois Crochet<\/p>\n<p><strong>Appellation : <\/strong><br \/>\nSancerre<\/p>\n<p><strong>R\u00e9gion :<\/strong><br \/>\nLoire<\/p>\n<p><strong>R\u00e9compenses :<\/strong><\/p>\n","protected":false},"featured_media":8146,"comment_status":"open","ping_status":"closed","template":"","meta":[],"product_brand":[],"product_cat":[22,25],"product_tag":[],"class_list":{"0":"post-8138","1":"product","2":"type-product","3":"status-publish","4":"has-post-thumbnail","6":"product_cat-nouveautes","7":"product_cat-vin-rouge","9":"first","10":"instock","11":"taxable","12":"shipping-taxable","13":"purchasable","14":"product-type-simple"},"group_of_quantity":6,"min_quantity":0,"max_quantity":"","exclude_order_quantity_value_rules":"no","exclude_category_quantity_rules":"no","combine_variations":"no","_links":{"self":[{"href":"https:\/\/www.vinquotidien.com\/fr\/wp-json\/wp\/v2\/product\/8138","targetHints":{"allow":["GET"]}}],"collection":[{"href":"https:\/\/www.vinquotidien.com\/fr\/wp-json\/wp\/v2\/product"}],"about":[{"href":"https:\/\/www.vinquotidien.com\/fr\/wp-json\/wp\/v2\/types\/product"}],"replies":[{"embeddable":true,"href":"https:\/\/www.vinquotidien.com\/fr\/wp-json\/wp\/v2\/comments?post=8138"}],"wp:featuredmedia":[{"embeddable":true,"href":"https:\/\/www.vinquotidien.com\/fr\/wp-json\/wp\/v2\/media\/8146"}],"wp:attachment":[{"href":"https:\/\/www.vinquotidien.com\/fr\/wp-json\/wp\/v2\/media?parent=8138"}],"wp:term":[{"taxonomy":"product_brand","embeddable":true,"href":"https:\/\/www.vinquotidien.com\/fr\/wp-json\/wp\/v2\/product_brand?post=8138"},{"taxonomy":"product_cat","embeddable":true,"href":"https:\/\/www.vinquotidien.com\/fr\/wp-json\/wp\/v2\/product_cat?post=8138"},{"taxonomy":"product_tag","embeddable":true,"href":"https:\/\/www.vinquotidien.com\/fr\/wp-json\/wp\/v2\/product_tag?post=8138"}],"curies":[{"name":"wp","href":"https:\/\/api.w.org\/{rel}","templated":true}]}}