{"id":8140,"date":"2025-10-28T17:19:47","date_gmt":"2025-10-28T16:19:47","guid":{"rendered":"https:\/\/www.vinquotidien.com\/?post_type=product&#038;p=8140"},"modified":"2025-11-24T17:42:36","modified_gmt":"2025-11-24T16:42:36","slug":"reserve-de-marcigoue-2023-sancerre-rouge-francois-crochet","status":"publish","type":"product","link":"https:\/\/www.vinquotidien.com\/fr\/produit\/reserve-de-marcigoue-2023-sancerre-rouge-francois-crochet\/","title":{"rendered":"R\u00e9serve de Marcigou\u00e9 2023 &#8211; Sancerre rouge &#8211; Fran\u00e7ois Crochet"},"content":{"rendered":"<p><strong>Vigneron : <\/strong><br \/>\nFran\u00e7ois Crochet<\/p>\n<p><strong>Appellation : <\/strong><br \/>\nSancerre<\/p>\n<p><strong>R\u00e9gion :<\/strong><br \/>\nLoire<\/p>\n<p><strong>R\u00e9compenses :<\/strong><\/p>\n<p><strong>Et le vin :<br \/>\n<\/strong>C\u00e9page : 100% Pinot Noir, vignes de plus de 40 ans. Certification Biodyvin en 2023.<br \/>\nIssu d\u2019une s\u00e9lection parcellaire plant\u00e9 sur les terres calcaires et tr\u00e8s caillouteuses des lieux-dits \u00ab\u00a0Petit Chemarin\u00a0\u00bb et \u00ab\u00a0Grand Chemarin\u00a0\u00bb. Parcelles expos\u00e9es est \/ sud-est.<br \/>\nRaisins r\u00e9colt\u00e9s manuellement a parfaite maturit\u00e9, puis tri\u00e9s \u00e0 la vigne et au chai pour ne conserver que les baies les plus saines.<br \/>\nVendange travaill\u00e9e en grappes enti\u00e8res \u00e0 100 % sur le mill\u00e9sime 2023. Cuvaison de 25 jours. Fermentation en levures indig\u00e8nes.<br \/>\nL&rsquo;\u00e9levage est r\u00e9alis\u00e9 en cuves bois tronc conique durant 16 mois. Filtration sur plaques.<br \/>\nCette cuv\u00e9e est mise en bouteilles sans collage.<\/p>\n<p><strong>Et dans le verre : <\/strong><br \/>\nRobe rubis soutenue aux reflets grenat.<br \/>\nNez complexe et \u00e9l\u00e9gant, mariant la cerise noire, la framboise m\u00fbre et la griotte confite, soutenues par de fines notes d\u2019\u00e9pices douces, de sous-bois et de tabac blond vanill\u00e9.<br \/>\nBouche ample et soyeuse aux tanins fins mais pr\u00e9sents, parfaitement int\u00e9gr\u00e9s.<br \/>\nFinale profonde et min\u00e9rale avec un fruit pur et pr\u00e9cis.<br \/>\nUn Sancerre rouge de gastronomie, \u00e9l\u00e9gant et rac\u00e9, capable de rivaliser avec de grands Bourgognes.<\/p>\n<p><strong>Accords Mets &amp; Vins : <\/strong><br \/>\nSuperbe sur un pigeon r\u00f4ti accompagn\u00e9 de champignons des bois<\/p>\n","protected":false},"excerpt":{"rendered":"<p><strong>Vigneron : <\/strong><br \/>\nFran\u00e7ois Crochet<\/p>\n<p><strong>Appellation : <\/strong><br \/>\nSancerre<\/p>\n<p><strong>R\u00e9gion :<\/strong><br \/>\nLoire<\/p>\n<p><strong>R\u00e9compenses :<\/strong><\/p>\n","protected":false},"featured_media":8135,"comment_status":"open","ping_status":"closed","template":"","meta":[],"product_brand":[],"product_cat":[22,25],"product_tag":[],"class_list":{"0":"post-8140","1":"product","2":"type-product","3":"status-publish","4":"has-post-thumbnail","6":"product_cat-nouveautes","7":"product_cat-vin-rouge","9":"first","10":"instock","11":"taxable","12":"shipping-taxable","13":"purchasable","14":"product-type-simple"},"group_of_quantity":6,"min_quantity":0,"max_quantity":"","exclude_order_quantity_value_rules":"no","exclude_category_quantity_rules":"no","combine_variations":"no","_links":{"self":[{"href":"https:\/\/www.vinquotidien.com\/fr\/wp-json\/wp\/v2\/product\/8140","targetHints":{"allow":["GET"]}}],"collection":[{"href":"https:\/\/www.vinquotidien.com\/fr\/wp-json\/wp\/v2\/product"}],"about":[{"href":"https:\/\/www.vinquotidien.com\/fr\/wp-json\/wp\/v2\/types\/product"}],"replies":[{"embeddable":true,"href":"https:\/\/www.vinquotidien.com\/fr\/wp-json\/wp\/v2\/comments?post=8140"}],"wp:featuredmedia":[{"embeddable":true,"href":"https:\/\/www.vinquotidien.com\/fr\/wp-json\/wp\/v2\/media\/8135"}],"wp:attachment":[{"href":"https:\/\/www.vinquotidien.com\/fr\/wp-json\/wp\/v2\/media?parent=8140"}],"wp:term":[{"taxonomy":"product_brand","embeddable":true,"href":"https:\/\/www.vinquotidien.com\/fr\/wp-json\/wp\/v2\/product_brand?post=8140"},{"taxonomy":"product_cat","embeddable":true,"href":"https:\/\/www.vinquotidien.com\/fr\/wp-json\/wp\/v2\/product_cat?post=8140"},{"taxonomy":"product_tag","embeddable":true,"href":"https:\/\/www.vinquotidien.com\/fr\/wp-json\/wp\/v2\/product_tag?post=8140"}],"curies":[{"name":"wp","href":"https:\/\/api.w.org\/{rel}","templated":true}]}}