{"id":8172,"date":"2025-11-20T10:37:12","date_gmt":"2025-11-20T09:37:12","guid":{"rendered":"https:\/\/www.vinquotidien.com\/?post_type=product&#038;p=8172"},"modified":"2025-11-20T10:37:12","modified_gmt":"2025-11-20T09:37:12","slug":"leclairee-2024-clairet-de-bordeaux-vignobles-ponty","status":"publish","type":"product","link":"https:\/\/www.vinquotidien.com\/fr\/produit\/leclairee-2024-clairet-de-bordeaux-vignobles-ponty\/","title":{"rendered":"L\u2019\u00c9clair\u00e9e 2024 &#8211; Clairet de Bordeaux &#8211; Vignobles Ponty"},"content":{"rendered":"<p><strong>Vigneron : <\/strong><br \/>\nVignobles Ponty<\/p>\n<p><strong>Appellation : <\/strong><br \/>\nClairet de Bordeaux<\/p>\n<p><strong>R\u00e9gion :<\/strong><br \/>\nBordeaux<\/p>\n<p><strong>R\u00e9compenses :<\/strong><\/p>\n<p><strong>Et le vin : <\/strong><br \/>\nC\u00e9pages : 80% Merlot, 20% Colombard<br \/>\nTerroir : plateau d\u2019argiles profondes<br \/>\nCertification Agriculture Biologique<br \/>\nVendanges manuelles, pressurage direct et utilisation de levures indig\u00e8nes<br \/>\nElevage en cuve inox, pas de collage et pas de filtration<\/p>\n<p><strong>Et dans le verre :<\/strong><br \/>\nLimpide et brillant, couleur Hibiscus rouge l\u00e9ger.<br \/>\nNez de fruits rouges (framboise et fraises des bois) et de fruits \u00e0 noyaux, floral avec des touches de mangue et des notes iod\u00e9es.<br \/>\nBouche de rose, l\u00e9g\u00e8rement \u00e9pic\u00e9e avec du gras et une belle acidit\u00e9, un bel \u00e9quilibre.<\/p>\n<p><strong>Accords Mets &amp; Vins : <\/strong><br \/>\nAp\u00e9ritif, Antipasti, plateau de charcuterie, salade tomates\/burrata<\/p>\n","protected":false},"excerpt":{"rendered":"<p><strong>Vigneron : <\/strong><br \/>\nVignobles Ponty<\/p>\n<p><strong>Appellation : <\/strong><br \/>\nClairet de Bordeaux<\/p>\n<p><strong>R\u00e9gion :<\/strong><br \/>\nBordeaux<\/p>\n","protected":false},"featured_media":8173,"comment_status":"open","ping_status":"closed","template":"","meta":[],"product_brand":[],"product_cat":[22,27,25],"product_tag":[],"class_list":{"0":"post-8172","1":"product","2":"type-product","3":"status-publish","4":"has-post-thumbnail","6":"product_cat-nouveautes","7":"product_cat-vin-rose","8":"product_cat-vin-rouge","10":"first","11":"instock","12":"taxable","13":"shipping-taxable","14":"purchasable","15":"product-type-simple"},"group_of_quantity":6,"min_quantity":0,"max_quantity":"","exclude_order_quantity_value_rules":"no","exclude_category_quantity_rules":"no","combine_variations":"no","_links":{"self":[{"href":"https:\/\/www.vinquotidien.com\/fr\/wp-json\/wp\/v2\/product\/8172","targetHints":{"allow":["GET"]}}],"collection":[{"href":"https:\/\/www.vinquotidien.com\/fr\/wp-json\/wp\/v2\/product"}],"about":[{"href":"https:\/\/www.vinquotidien.com\/fr\/wp-json\/wp\/v2\/types\/product"}],"replies":[{"embeddable":true,"href":"https:\/\/www.vinquotidien.com\/fr\/wp-json\/wp\/v2\/comments?post=8172"}],"wp:featuredmedia":[{"embeddable":true,"href":"https:\/\/www.vinquotidien.com\/fr\/wp-json\/wp\/v2\/media\/8173"}],"wp:attachment":[{"href":"https:\/\/www.vinquotidien.com\/fr\/wp-json\/wp\/v2\/media?parent=8172"}],"wp:term":[{"taxonomy":"product_brand","embeddable":true,"href":"https:\/\/www.vinquotidien.com\/fr\/wp-json\/wp\/v2\/product_brand?post=8172"},{"taxonomy":"product_cat","embeddable":true,"href":"https:\/\/www.vinquotidien.com\/fr\/wp-json\/wp\/v2\/product_cat?post=8172"},{"taxonomy":"product_tag","embeddable":true,"href":"https:\/\/www.vinquotidien.com\/fr\/wp-json\/wp\/v2\/product_tag?post=8172"}],"curies":[{"name":"wp","href":"https:\/\/api.w.org\/{rel}","templated":true}]}}