{"id":8260,"date":"2026-02-01T10:23:35","date_gmt":"2026-02-01T09:23:35","guid":{"rendered":"https:\/\/www.vinquotidien.com\/?post_type=product&#038;p=8260"},"modified":"2026-02-03T15:54:28","modified_gmt":"2026-02-03T14:54:28","slug":"cotes-du-rhone-rouge-2024-chateau-gigognan-demi-375cl","status":"publish","type":"product","link":"https:\/\/www.vinquotidien.com\/fr\/produit\/cotes-du-rhone-rouge-2024-chateau-gigognan-demi-375cl\/","title":{"rendered":"C\u00f4tes-du-Rh\u00f4ne rouge 2024 &#8211; Ch\u00e2teau Gigognan &#8211; demi 50cl"},"content":{"rendered":"<p><strong>Vigneron : <\/strong><br \/>\nCh\u00e2teau Gigognan<\/p>\n<p><strong>Appellation : <\/strong><br \/>\nC\u00f4tes-du-Rh\u00f4ne<\/p>\n<p><strong>R\u00e9gion : <\/strong><br \/>\nVall\u00e9e du Rh\u00f4ne<\/p>\n<p><strong>Et le vin\u2026<\/strong><br \/>\nC\u00e9pages : 55 % Grenache Noir, 20 % Mourv\u00e8dre, 15% Syrah, 5% Cinsault, 5% Carignan.<br \/>\nSol argilo-calcaire ou sablonneux, exposition plein sud, sur coteau en pente l\u00e9g\u00e8re autour du ch\u00e2teau.<br \/>\nCuv\u00e9e issue des diff\u00e9rents terroirs du Domaine.<br \/>\n\u00c9raflage des baies avant une extraction mod\u00e9r\u00e9e par remontages et pigeages l\u00e9gers.<br \/>\nFermentation et \u00e9levage en cuves inox avant mise en bouteilles au Domaine<\/p>\n<p><strong>Et dans le verre\u2026<\/strong><br \/>\nJolie robe carmin \u00e9clatante.<br \/>\nNez gourmand et expressif aux ar\u00f4mes de fruits rouges croquants relev\u00e9 de notes de r\u00e9glisse.<br \/>\nBouche \u00e9quilibr\u00e9e entre fraicheur aromatique et gourmandise.<br \/>\nLe vin de plaisir par excellence.<\/p>\n<p><strong>Accords Mets &amp; Vins : <\/strong><br \/>\nSur des grillades estivales, les plats m\u00e9ridionaux, les tapenades.<\/p>\n","protected":false},"excerpt":{"rendered":"<p><strong>Vigneron : <\/strong><br \/>\nCh\u00e2teau Gigognan<\/p>\n<p><strong>Appellation : <\/strong><br \/>\nC\u00f4tes-du-Rh\u00f4ne<\/p>\n<p><strong>R\u00e9gion : <\/strong><br \/>\nVall\u00e9e du Rh\u00f4ne<\/p>\n","protected":false},"featured_media":8261,"comment_status":"open","ping_status":"closed","template":"","meta":[],"product_brand":[],"product_cat":[22,25],"product_tag":[],"class_list":{"0":"post-8260","1":"product","2":"type-product","3":"status-publish","4":"has-post-thumbnail","6":"product_cat-nouveautes","7":"product_cat-vin-rouge","9":"first","10":"instock","11":"taxable","12":"shipping-taxable","13":"purchasable","14":"product-type-simple"},"group_of_quantity":12,"min_quantity":0,"max_quantity":"","exclude_order_quantity_value_rules":"no","exclude_category_quantity_rules":"no","combine_variations":"no","_links":{"self":[{"href":"https:\/\/www.vinquotidien.com\/fr\/wp-json\/wp\/v2\/product\/8260","targetHints":{"allow":["GET"]}}],"collection":[{"href":"https:\/\/www.vinquotidien.com\/fr\/wp-json\/wp\/v2\/product"}],"about":[{"href":"https:\/\/www.vinquotidien.com\/fr\/wp-json\/wp\/v2\/types\/product"}],"replies":[{"embeddable":true,"href":"https:\/\/www.vinquotidien.com\/fr\/wp-json\/wp\/v2\/comments?post=8260"}],"wp:featuredmedia":[{"embeddable":true,"href":"https:\/\/www.vinquotidien.com\/fr\/wp-json\/wp\/v2\/media\/8261"}],"wp:attachment":[{"href":"https:\/\/www.vinquotidien.com\/fr\/wp-json\/wp\/v2\/media?parent=8260"}],"wp:term":[{"taxonomy":"product_brand","embeddable":true,"href":"https:\/\/www.vinquotidien.com\/fr\/wp-json\/wp\/v2\/product_brand?post=8260"},{"taxonomy":"product_cat","embeddable":true,"href":"https:\/\/www.vinquotidien.com\/fr\/wp-json\/wp\/v2\/product_cat?post=8260"},{"taxonomy":"product_tag","embeddable":true,"href":"https:\/\/www.vinquotidien.com\/fr\/wp-json\/wp\/v2\/product_tag?post=8260"}],"curies":[{"name":"wp","href":"https:\/\/api.w.org\/{rel}","templated":true}]}}