{"id":8302,"date":"2026-02-26T14:13:50","date_gmt":"2026-02-26T13:13:50","guid":{"rendered":"https:\/\/www.vinquotidien.com\/?post_type=product&#038;p=8302"},"modified":"2026-05-08T11:33:37","modified_gmt":"2026-05-08T09:33:37","slug":"elegance-costieres-de-nimes-chateau-beaubois","status":"publish","type":"product","link":"https:\/\/www.vinquotidien.com\/fr\/produit\/elegance-costieres-de-nimes-chateau-beaubois\/","title":{"rendered":"El\u00e9gance 2024 &#8211; Costi\u00e8res de N\u00eemes &#8211; Ch\u00e2teau Beaubois"},"content":{"rendered":"<p><strong>Vigneron : <\/strong><br \/>\nCh\u00e2teau Beaubois<\/p>\n<p><strong>Appellation : <\/strong><br \/>\nCosti\u00e8res de N\u00eemes<\/p>\n<p><strong>R\u00e9gion :<\/strong><br \/>\nRh\u00f4ne M\u00e9ridional<\/p>\n<p><strong>R\u00e9compenses :<\/strong><\/p>\n<p><strong>Et le vin : <\/strong><br \/>\n80% de Syrah sur Clos Fran\u00e7ois et 20% de Grenache du Clos R\u00e9ussite<br \/>\nSols de cailloutis villafranchiens, Gress, secteur sud costi\u00e8res, partie Durancienne de Franquevaux.<br \/>\nVinification traditionnelle avec remontages et d\u00e9lestages r\u00e9guliers. Temp\u00e9rature de vinification contr\u00f4l\u00e9e autour des 29\u00b0C.<br \/>\n15 jours de cuvaison et \u00e9levage de 12 mois en cuve.<br \/>\nVignoble conduit en agriculture biologique et biodynamique.<\/p>\n<p><strong>Et dans le verre : <\/strong><br \/>\nRobe rouge franche et profonde aux reflets violets.<br \/>\nNez de fruits rouges et noirs ainsi que d\u2019\u00e9pices et de cuirs.<br \/>\nBouche de tanins ronds, soyeux, mais bien pr\u00e9sents, ar\u00f4mes de fruits rouges persistants<br \/>\nFinale riche et \u00e9l\u00e9gante.<\/p>\n<p><strong>Accords Mets &amp; Vins : <\/strong><br \/>\nParfait pour accompagner viandes rouges, gibiers et fromage.<\/p>\n","protected":false},"excerpt":{"rendered":"<p><strong>Vigneron : <\/strong><br \/>\nCh\u00e2teau Beaubois<\/p>\n<p><strong>Appellation : <\/strong><br \/>\nCosti\u00e8res de N\u00eemes<\/p>\n<p><strong>R\u00e9gion :<\/strong><br \/>\nRh\u00f4ne M\u00e9ridional<\/p>\n<p><strong>R\u00e9compenses :<\/strong><\/p>\n","protected":false},"featured_media":8303,"comment_status":"open","ping_status":"closed","template":"","meta":[],"product_brand":[],"product_cat":[22,25],"product_tag":[],"class_list":{"0":"post-8302","1":"product","2":"type-product","3":"status-publish","4":"has-post-thumbnail","6":"product_cat-nouveautes","7":"product_cat-vin-rouge","9":"first","10":"instock","11":"taxable","12":"shipping-taxable","13":"purchasable","14":"product-type-simple"},"group_of_quantity":6,"min_quantity":0,"max_quantity":"","exclude_order_quantity_value_rules":"no","exclude_category_quantity_rules":"no","combine_variations":"no","_links":{"self":[{"href":"https:\/\/www.vinquotidien.com\/fr\/wp-json\/wp\/v2\/product\/8302","targetHints":{"allow":["GET"]}}],"collection":[{"href":"https:\/\/www.vinquotidien.com\/fr\/wp-json\/wp\/v2\/product"}],"about":[{"href":"https:\/\/www.vinquotidien.com\/fr\/wp-json\/wp\/v2\/types\/product"}],"replies":[{"embeddable":true,"href":"https:\/\/www.vinquotidien.com\/fr\/wp-json\/wp\/v2\/comments?post=8302"}],"wp:featuredmedia":[{"embeddable":true,"href":"https:\/\/www.vinquotidien.com\/fr\/wp-json\/wp\/v2\/media\/8303"}],"wp:attachment":[{"href":"https:\/\/www.vinquotidien.com\/fr\/wp-json\/wp\/v2\/media?parent=8302"}],"wp:term":[{"taxonomy":"product_brand","embeddable":true,"href":"https:\/\/www.vinquotidien.com\/fr\/wp-json\/wp\/v2\/product_brand?post=8302"},{"taxonomy":"product_cat","embeddable":true,"href":"https:\/\/www.vinquotidien.com\/fr\/wp-json\/wp\/v2\/product_cat?post=8302"},{"taxonomy":"product_tag","embeddable":true,"href":"https:\/\/www.vinquotidien.com\/fr\/wp-json\/wp\/v2\/product_tag?post=8302"}],"curies":[{"name":"wp","href":"https:\/\/api.w.org\/{rel}","templated":true}]}}